{"id":13525,"date":"2021-09-10T07:47:31","date_gmt":"2021-09-10T06:47:31","guid":{"rendered":"https:\/\/oceanyachtpool.com\/datenschutzerklaerung\/"},"modified":"2026-01-02T13:55:43","modified_gmt":"2026-01-02T12:55:43","slug":"datenschutzerklaerung","status":"publish","type":"page","link":"https:\/\/thesuperyachtinflatables.com\/de\/datenschutzerklaerung\/","title":{"rendered":"Datenschutzerkl\u00e4rung"},"content":{"rendered":"\t\t<div data-elementor-type=\"wp-page\" data-elementor-id=\"13525\" class=\"elementor elementor-13525 elementor-109\" data-elementor-post-type=\"page\">\n\t\t\t\t<div class=\"elementor-element elementor-element-5d18ac4 e-flex e-con-boxed e-con e-parent\" data-id=\"5d18ac4\" data-element_type=\"container\" data-e-type=\"container\" data-settings=\"{&quot;background_background&quot;:&quot;classic&quot;}\">\n\t\t\t\t\t<div class=\"e-con-inner\">\n\t\t\t\t<div class=\"elementor-element elementor-element-c7df34d elementor-widget elementor-widget-heading\" data-id=\"c7df34d\" data-element_type=\"widget\" data-e-type=\"widget\" data-widget_type=\"heading.default\">\n\t\t\t\t\t<h1 class=\"elementor-heading-title elementor-size-default\">Datenschutzerkl\u00e4rung<\/h1>\t\t\t\t<\/div>\n\t\t\t\t<div class=\"elementor-element elementor-element-c4c2332 elementor-widget elementor-widget-text-editor\" data-id=\"c4c2332\" data-element_type=\"widget\" data-e-type=\"widget\" data-widget_type=\"text-editor.default\">\n\t\t\t\t\t\t\t\t\t<p>Auf dieser Seite finden Sie die Datenschutzrichtlinie von Superyacht Inflatables. Bei Fragen k\u00f6nnen Sie uns gerne per E-Mail, Telefon oder WhatsApp kontaktieren. <\/p>\n\t\t\t\t\t\t\t\t<\/div>\n\t\t\t\t\t<\/div>\n\t\t\t\t<\/div>\n\t\t<div class=\"elementor-element elementor-element-27db28a e-flex e-con-boxed e-con e-parent\" data-id=\"27db28a\" data-element_type=\"container\" data-e-type=\"container\">\n\t\t\t\t\t<div class=\"e-con-inner\">\n\t\t\t\t<div class=\"elementor-element elementor-element-be1284a elementor-widget elementor-widget-spacer\" data-id=\"be1284a\" data-element_type=\"widget\" data-e-type=\"widget\" data-widget_type=\"spacer.default\">\n\t\t\t\t\t\t\t<div class=\"elementor-spacer\">\n\t\t\t<div class=\"elementor-spacer-inner\"><\/div>\n\t\t<\/div>\n\t\t\t\t\t\t<\/div>\n\t\t\t\t<div class=\"elementor-element elementor-element-aecff1e elementor-widget elementor-widget-heading\" data-id=\"aecff1e\" data-element_type=\"widget\" data-e-type=\"widget\" data-widget_type=\"heading.default\">\n\t\t\t\t\t<h2 class=\"elementor-heading-title elementor-size-default\">Unsere Richtlinie<\/h2>\t\t\t\t<\/div>\n\t\t\t\t<div class=\"elementor-element elementor-element-c9fc15e elementor-widget elementor-widget-text-editor\" data-id=\"c9fc15e\" data-element_type=\"widget\" data-e-type=\"widget\" data-widget_type=\"text-editor.default\">\n\t\t\t\t\t\t\t\t\t<div id=\"fws_6650ae053590e\" class=\"wpb_row vc_row-fluid vc_row top-level standard_section \" data-midnight=\"dark\" data-bg-mobile-hidden=\"\">\n<div class=\"col span_12 dark left\">\n<div class=\"vc_col-sm-12 wpb_column column_container vc_column_container col no-extra-padding instance-0\" data-t-w-inherits=\"default\" data-border-radius=\"none\" data-shadow=\"none\" data-border-animation=\"\" data-border-animation-delay=\"\" data-border-width=\"none\" data-border-style=\"solid\" data-border-color=\"\" data-bg-cover=\"\" data-padding-pos=\"all\" data-has-bg-color=\"false\" data-bg-color=\"\" data-bg-opacity=\"1\" data-hover-bg=\"\" data-hover-bg-opacity=\"1\" data-animation=\"\" data-delay=\"0\">\n<div class=\"vc_column-inner\">\n<div class=\"wpb_wrapper\">\n<div class=\"wpb_text_column wpb_content_element \">\n<div class=\"wpb_wrapper\">\n<p>1.- <strong>Website Inhaber<\/strong><\/p>\n<ul>\n<li>Firmennamen: OCEAN DREAMS Mediterraneo SL<\/li>\n<li>C.I.F: B-57940728<\/li>\n<li>Sitz der Firma: Gran V\u00eda 22, Port Adriano Village, E-07180, El Toro<\/li>\n<li>Email: info@oceandreamsmallorca.com<\/li>\n<li>Telefon: +34 971 404 588<\/li>\n<\/ul>\n<p>.<\/p>\n<p>2.- <strong>Datenschutzerkl\u00e4rung und Schutz personenbezogener Daten<\/strong><\/p>\n<p>2.1.- Aus\u00fcbung der Rechte zum Schutz personenbezogener Daten<\/p>\n<p>Nutzer k\u00f6nnen eine schriftliche Mitteilung an die Adresse von OceanDreams Mallorca oder an die in diesem rechtlichen Hinweis angegebene E-Mail-Adresse senden, wobei in beiden F\u00e4llen eine Kopie ihres Ausweises oder eines anderen \u00e4hnlichen Identifikationsdokuments beizuf\u00fcgen ist, um die Aus\u00fcbung der Rechte auf Zugang, Berichtigung, L\u00f6schung und Widerspruch zu beantragen.<\/p>\n<p>2.2.- Wege, \u00fcber die personenbezogene Daten erhoben werden. Zweck der Verarbeitung <\/p>\n<p>Der Benutzer kann personenbezogene Daten unverschl\u00fcsselt \u00fcber standardisierte Kontaktformulare senden. Die gesammelten personenbezogenen Daten werden automatisch verarbeitet und in die entsprechenden Dateien aufgenommen, die Ocean geh\u00f6ren. Ebenso k\u00f6nnen Sie uns Ihre Daten per Telefon, E-Mail und anderen Kommunikationsmitteln zur Verf\u00fcgung stellen, die im Kontaktbereich angegeben sind. Der Zweck der Verarbeitung dieser Daten besteht ausschlie\u00dflich darin, die Informationen oder Dienstleistungen bereitzustellen, die Sie anfordern.   <\/p>\n<p>2.3.- Soziale Netzwerke<\/p>\n<p>Ocean hat ein Profil in den wichtigsten professionellen sozialen Netzwerken des Internets (Facebook, Twitter) und erkennt in allen F\u00e4llen die Verantwortung f\u00fcr die Verarbeitung der Daten seiner Follower, Fans, Abonnenten, Kommentatoren und anderer Nutzerprofile (von nun an \u201eFollower\u201c). Die Verarbeitung dieser Daten durch Ocean wird im maximalen Umfang der M\u00f6glichkeiten erfolgen, die das soziale Netzwerk f\u00fcr Unternehmensprofile zul\u00e4sst. So kann Ocean seine Follower mit allen Mitteln, die das soziale Netzwerk zul\u00e4sst, \u00fcber seine Aktivit\u00e4ten, Pr\u00e4sentationen, Angebote informieren und einen personalisierten Kundenservice anbieten. In keinem Fall wird Ocean Daten aus sozialen Netzwerken extrahieren, es sei denn, die ausdr\u00fcckliche Zustimmung des Nutzers wird daf\u00fcr eingeholt. Wenn aufgrund der spezifischen Natur sozialer Netzwerke die tats\u00e4chliche Aus\u00fcbung der Rechte des Followers mit der \u00c4nderung seines pers\u00f6nlichen Profils verbunden ist, wird Ocean ihm in diesem Fall so weit wie m\u00f6glich helfen und ihn beraten.    <\/p>\n<p>.<\/p>\n<p>3.-<strong> Verantwortung f\u00fcr die Inhalte der Website und des Blogs<\/strong><\/p>\n<p>Die Website und der Blog enthalten Texte, die zu Informations- oder Aufkl\u00e4rungszwecken erstellt wurden und m\u00f6glicherweise nicht den aktuellen Stand der Gesetzgebung oder der Rechtsprechung widerspiegeln. Sie beziehen sich auf allgemeine Situationen, sodass deren Inhalt niemals vom Nutzer auf konkrete F\u00e4lle angewendet werden kann. Die darin ge\u00e4u\u00dferten Meinungen spiegeln nicht zwangsl\u00e4ufig die Ansichten von Ocean wider. Der Inhalt der auf dieser Website und im Blog ver\u00f6ffentlichten Artikel kann in keinem Fall als Ersatz f\u00fcr eine rechtliche Beratung betrachtet werden. Der Nutzer sollte nicht auf der Grundlage der Informationen, die auf dieser Website oder im Blog enthalten sind, handeln, ohne zuvor die entsprechende professionelle Beratung einzuholen.   <\/p>\n<p>Ocean wird, soweit m\u00f6glich, f\u00fcr das ordnungsgem\u00e4\u00dfe Funktionieren der Website und des Blogs, die Richtigkeit ihrer Inhalte und die Genauigkeit der darin ver\u00f6ffentlichten Informationen sorgen. Es \u00fcbernimmt jedoch keine Verantwortung f\u00fcr Fehler oder Auslassungen, die die Inhalte der Website, des Blogs oder anderer \u00fcber diese zug\u00e4nglicher Inhalte betreffen k\u00f6nnten. Ebenso stellt der Nutzer Ocean von der Verantwortung f\u00fcr die Nutzung der Inhalte der Website frei, ohne zuvor die notwendige rechtliche Beratung von Ocean eingeholt zu haben.  <\/p>\n<p>Ocean wird, soweit m\u00f6glich, f\u00fcr die Computersicherheit der technischen Mittel sorgen, die vom Nutzer beim Surfen auf den Seiten der Website und des Blogs verwendet werden. Da das Internet jedoch nicht als sicheres Medium betrachtet werden kann, kann Ocean nicht garantieren, dass keine Viren oder andere sch\u00e4dliche Elemente, die von Dritten eingef\u00fchrt werden, vorhanden sind, die Sch\u00e4den oder Ver\u00e4nderungen am Computersystem, an elektronischen Dokumenten oder Dateien des Nutzers verursachen k\u00f6nnten, der diese Website und den Blog besucht. Daher \u00fcbernimmt Ocean keine Verantwortung f\u00fcr die Sch\u00e4den, die solche Elemente dem Nutzer oder Dritten verursachen k\u00f6nnten.   <\/p>\n<p>Die Links, die die Website und der Blog enthalten, k\u00f6nnen den Nutzer zu anderen Websites und Webseiten f\u00fchren, die von Dritten verwaltet werden, f\u00fcr die Ocean keine Verantwortung \u00fcbernimmt. Ocean \u00fcbernimmt weder die Verantwortung f\u00fcr die Inhalte noch f\u00fcr den Zustand dieser Websites und Webseiten, und der Zugriff auf diese \u00fcber diese Website oder den Blog bedeutet nicht, dass Ocean deren Inhalte empfiehlt oder genehmigt. <\/p>\n<p>4.- <strong>Vorschriften und Gerichtsbarkeit<\/strong><\/p>\n<p>Diese Nutzungsbedingungen der Website unterliegen in allen ihren Punkten dem spanischen Recht. Die Sprache f\u00fcr die Ausarbeitung und Auslegung dieses rechtlichen Hinweises ist Spanisch. Dieser rechtliche Hinweis wird nicht f\u00fcr jeden einzelnen Nutzer abgelegt, sondern bleibt dauerhaft \u00fcber das Internet auf dieser Website zug\u00e4nglich.  <\/p>\n<p>Nutzer k\u00f6nnen das Verbraucher-Schlichtungssystem in Anspruch nehmen, um alle Streitigkeiten, Konflikte oder Anspr\u00fcche zu l\u00f6sen, die sich aus diesem Text oder einer T\u00e4tigkeit von Ocean ergeben. Sofern der Nutzer kein \u201eVerbraucher oder Nutzer\u201c im Sinne der spanischen Vorschriften ist, vereinbaren die Parteien, sich den Gerichten und Tribunalen von Palma de Mallorca zu unterwerfen, da dies der Ort ist, an dem der Vertrag abgeschlossen wurde, und verzichten ausdr\u00fccklich auf jede andere Gerichtsbarkeit, die ihnen m\u00f6glicherweise zustehen k\u00f6nnte. <\/p>\n<\/div>\n<\/div>\n<\/div>\n<\/div>\n<\/div>\n<\/div>\n<\/div>\n\t\t\t\t\t\t\t\t<\/div>\n\t\t\t\t<div class=\"elementor-element elementor-element-206ac51 elementor-widget elementor-widget-spacer\" data-id=\"206ac51\" data-element_type=\"widget\" data-e-type=\"widget\" data-widget_type=\"spacer.default\">\n\t\t\t\t\t\t\t<div class=\"elementor-spacer\">\n\t\t\t<div class=\"elementor-spacer-inner\"><\/div>\n\t\t<\/div>\n\t\t\t\t\t\t<\/div>\n\t\t\t\t\t<\/div>\n\t\t\t\t<\/div>\n\t\t\t\t<\/div>\n\t\t","protected":false},"excerpt":{"rendered":"<p>Datenschutzerkl\u00e4rung Auf dieser Seite finden Sie die Datenschutzrichtlinie von Superyacht Inflatables. Bei Fragen k\u00f6nnen Sie uns gerne per E-Mail, Telefon oder WhatsApp kontaktieren. Unsere Richtlinie 1.- Website Inhaber Firmennamen: OCEAN DREAMS Mediterraneo SL C.I.F: B-57940728 Sitz der Firma: Gran V\u00eda 22, Port Adriano Village, E-07180, El Toro Email: info@oceandreamsmallorca.com Telefon: +34 971 404 588 . [&hellip;]<\/p>\n","protected":false},"author":1,"featured_media":0,"parent":0,"menu_order":0,"comment_status":"closed","ping_status":"closed","template":"","meta":{"_acf_changed":false,"footnotes":""},"class_list":["post-13525","page","type-page","status-publish","hentry"],"acf":[],"yoast_head":"<!-- This site is optimized with the Yoast SEO plugin v27.2 - https:\/\/yoast.com\/product\/yoast-seo-wordpress\/ -->\n<title>Datenschutzerkl\u00e4rung - Superyacht Inflatables<\/title>\n<meta name=\"description\" content=\"Datenschutzerkl\u00e4rung - Superyacht Inflatables - Seite, auf der Sie die Datenschutzrichtlinie von Ocean Yacht Pool finden k\u00f6nnen. Lesen Sie sie gerne durch und kontaktieren Sie uns!\" \/>\n<meta name=\"robots\" content=\"index, follow, max-snippet:-1, max-image-preview:large, max-video-preview:-1\" \/>\n<link rel=\"canonical\" href=\"https:\/\/thesuperyachtinflatables.com\/de\/datenschutzerklaerung\/\" \/>\n<meta property=\"og:locale\" content=\"de_DE\" \/>\n<meta property=\"og:type\" content=\"article\" \/>\n<meta property=\"og:title\" content=\"Datenschutzerkl\u00e4rung - Superyacht Inflatables\" \/>\n<meta property=\"og:description\" content=\"Datenschutzerkl\u00e4rung - Superyacht Inflatables - Seite, auf der Sie die Datenschutzrichtlinie von Ocean Yacht Pool finden k\u00f6nnen. Lesen Sie sie gerne durch und kontaktieren Sie uns!\" \/>\n<meta property=\"og:url\" content=\"https:\/\/thesuperyachtinflatables.com\/de\/datenschutzerklaerung\/\" \/>\n<meta property=\"og:site_name\" content=\"Superyacht Inflatables\" \/>\n<meta property=\"article:modified_time\" content=\"2026-01-02T12:55:43+00:00\" \/>\n<meta name=\"twitter:card\" content=\"summary_large_image\" \/>\n<meta name=\"twitter:label1\" content=\"Gesch\u00e4tzte Lesezeit\" \/>\n\t<meta name=\"twitter:data1\" content=\"4 Minuten\" \/>\n<script type=\"application\/ld+json\" class=\"yoast-schema-graph\">{\"@context\":\"https:\/\/schema.org\",\"@graph\":[{\"@type\":\"WebPage\",\"@id\":\"https:\/\/thesuperyachtinflatables.com\/de\/datenschutzerklaerung\/\",\"url\":\"https:\/\/thesuperyachtinflatables.com\/de\/datenschutzerklaerung\/\",\"name\":\"Datenschutzerkl\u00e4rung - Superyacht Inflatables\",\"isPartOf\":{\"@id\":\"https:\/\/thesuperyachtinflatables.com\/de\/#website\"},\"datePublished\":\"2021-09-10T06:47:31+00:00\",\"dateModified\":\"2026-01-02T12:55:43+00:00\",\"description\":\"Datenschutzerkl\u00e4rung - Superyacht Inflatables - Seite, auf der Sie die Datenschutzrichtlinie von Ocean Yacht Pool finden k\u00f6nnen. Lesen Sie sie gerne durch und kontaktieren Sie uns!\",\"breadcrumb\":{\"@id\":\"https:\/\/thesuperyachtinflatables.com\/de\/datenschutzerklaerung\/#breadcrumb\"},\"inLanguage\":\"de\",\"potentialAction\":[{\"@type\":\"ReadAction\",\"target\":[\"https:\/\/thesuperyachtinflatables.com\/de\/datenschutzerklaerung\/\"]}]},{\"@type\":\"BreadcrumbList\",\"@id\":\"https:\/\/thesuperyachtinflatables.com\/de\/datenschutzerklaerung\/#breadcrumb\",\"itemListElement\":[{\"@type\":\"ListItem\",\"position\":1,\"name\":\"Startseite\",\"item\":\"https:\/\/thesuperyachtinflatables.com\/de\/superyacht-inflatables\/\"},{\"@type\":\"ListItem\",\"position\":2,\"name\":\"Datenschutzerkl\u00e4rung\"}]},{\"@type\":\"WebSite\",\"@id\":\"https:\/\/thesuperyachtinflatables.com\/de\/#website\",\"url\":\"https:\/\/thesuperyachtinflatables.com\/de\/\",\"name\":\"Superyacht Inflatables\",\"description\":\"Yacht Inflatable Toys, Pools, Slides &amp; Docks\",\"publisher\":{\"@id\":\"https:\/\/thesuperyachtinflatables.com\/de\/#organization\"},\"potentialAction\":[{\"@type\":\"SearchAction\",\"target\":{\"@type\":\"EntryPoint\",\"urlTemplate\":\"https:\/\/thesuperyachtinflatables.com\/de\/?s={search_term_string}\"},\"query-input\":{\"@type\":\"PropertyValueSpecification\",\"valueRequired\":true,\"valueName\":\"search_term_string\"}}],\"inLanguage\":\"de\"},{\"@type\":\"Organization\",\"@id\":\"https:\/\/thesuperyachtinflatables.com\/de\/#organization\",\"name\":\"Superyacht Inflatables\",\"url\":\"https:\/\/thesuperyachtinflatables.com\/de\/\",\"logo\":{\"@type\":\"ImageObject\",\"inLanguage\":\"de\",\"@id\":\"https:\/\/thesuperyachtinflatables.com\/de\/#\/schema\/logo\/image\/\",\"url\":\"https:\/\/thesuperyachtinflatables.com\/wp-content\/uploads\/2023\/01\/logo-footer.webp\",\"contentUrl\":\"https:\/\/thesuperyachtinflatables.com\/wp-content\/uploads\/2023\/01\/logo-footer.webp\",\"width\":1920,\"height\":1080,\"caption\":\"Superyacht Inflatables\"},\"image\":{\"@id\":\"https:\/\/thesuperyachtinflatables.com\/de\/#\/schema\/logo\/image\/\"}}]}<\/script>\n<!-- \/ Yoast SEO plugin. -->","yoast_head_json":{"title":"Datenschutzerkl\u00e4rung - Superyacht Inflatables","description":"Datenschutzerkl\u00e4rung - Superyacht Inflatables - Seite, auf der Sie die Datenschutzrichtlinie von Ocean Yacht Pool finden k\u00f6nnen. Lesen Sie sie gerne durch und kontaktieren Sie uns!","robots":{"index":"index","follow":"follow","max-snippet":"max-snippet:-1","max-image-preview":"max-image-preview:large","max-video-preview":"max-video-preview:-1"},"canonical":"https:\/\/thesuperyachtinflatables.com\/de\/datenschutzerklaerung\/","og_locale":"de_DE","og_type":"article","og_title":"Datenschutzerkl\u00e4rung - Superyacht Inflatables","og_description":"Datenschutzerkl\u00e4rung - Superyacht Inflatables - Seite, auf der Sie die Datenschutzrichtlinie von Ocean Yacht Pool finden k\u00f6nnen. Lesen Sie sie gerne durch und kontaktieren Sie uns!","og_url":"https:\/\/thesuperyachtinflatables.com\/de\/datenschutzerklaerung\/","og_site_name":"Superyacht Inflatables","article_modified_time":"2026-01-02T12:55:43+00:00","twitter_card":"summary_large_image","twitter_misc":{"Gesch\u00e4tzte Lesezeit":"4 Minuten"},"schema":{"@context":"https:\/\/schema.org","@graph":[{"@type":"WebPage","@id":"https:\/\/thesuperyachtinflatables.com\/de\/datenschutzerklaerung\/","url":"https:\/\/thesuperyachtinflatables.com\/de\/datenschutzerklaerung\/","name":"Datenschutzerkl\u00e4rung - Superyacht Inflatables","isPartOf":{"@id":"https:\/\/thesuperyachtinflatables.com\/de\/#website"},"datePublished":"2021-09-10T06:47:31+00:00","dateModified":"2026-01-02T12:55:43+00:00","description":"Datenschutzerkl\u00e4rung - Superyacht Inflatables - Seite, auf der Sie die Datenschutzrichtlinie von Ocean Yacht Pool finden k\u00f6nnen. Lesen Sie sie gerne durch und kontaktieren Sie uns!","breadcrumb":{"@id":"https:\/\/thesuperyachtinflatables.com\/de\/datenschutzerklaerung\/#breadcrumb"},"inLanguage":"de","potentialAction":[{"@type":"ReadAction","target":["https:\/\/thesuperyachtinflatables.com\/de\/datenschutzerklaerung\/"]}]},{"@type":"BreadcrumbList","@id":"https:\/\/thesuperyachtinflatables.com\/de\/datenschutzerklaerung\/#breadcrumb","itemListElement":[{"@type":"ListItem","position":1,"name":"Startseite","item":"https:\/\/thesuperyachtinflatables.com\/de\/superyacht-inflatables\/"},{"@type":"ListItem","position":2,"name":"Datenschutzerkl\u00e4rung"}]},{"@type":"WebSite","@id":"https:\/\/thesuperyachtinflatables.com\/de\/#website","url":"https:\/\/thesuperyachtinflatables.com\/de\/","name":"Superyacht Inflatables","description":"Yacht Inflatable Toys, Pools, Slides &amp; Docks","publisher":{"@id":"https:\/\/thesuperyachtinflatables.com\/de\/#organization"},"potentialAction":[{"@type":"SearchAction","target":{"@type":"EntryPoint","urlTemplate":"https:\/\/thesuperyachtinflatables.com\/de\/?s={search_term_string}"},"query-input":{"@type":"PropertyValueSpecification","valueRequired":true,"valueName":"search_term_string"}}],"inLanguage":"de"},{"@type":"Organization","@id":"https:\/\/thesuperyachtinflatables.com\/de\/#organization","name":"Superyacht Inflatables","url":"https:\/\/thesuperyachtinflatables.com\/de\/","logo":{"@type":"ImageObject","inLanguage":"de","@id":"https:\/\/thesuperyachtinflatables.com\/de\/#\/schema\/logo\/image\/","url":"https:\/\/thesuperyachtinflatables.com\/wp-content\/uploads\/2023\/01\/logo-footer.webp","contentUrl":"https:\/\/thesuperyachtinflatables.com\/wp-content\/uploads\/2023\/01\/logo-footer.webp","width":1920,"height":1080,"caption":"Superyacht Inflatables"},"image":{"@id":"https:\/\/thesuperyachtinflatables.com\/de\/#\/schema\/logo\/image\/"}}]}},"_links":{"self":[{"href":"https:\/\/thesuperyachtinflatables.com\/de\/wp-json\/wp\/v2\/pages\/13525","targetHints":{"allow":["GET"]}}],"collection":[{"href":"https:\/\/thesuperyachtinflatables.com\/de\/wp-json\/wp\/v2\/pages"}],"about":[{"href":"https:\/\/thesuperyachtinflatables.com\/de\/wp-json\/wp\/v2\/types\/page"}],"author":[{"embeddable":true,"href":"https:\/\/thesuperyachtinflatables.com\/de\/wp-json\/wp\/v2\/users\/1"}],"replies":[{"embeddable":true,"href":"https:\/\/thesuperyachtinflatables.com\/de\/wp-json\/wp\/v2\/comments?post=13525"}],"version-history":[{"count":5,"href":"https:\/\/thesuperyachtinflatables.com\/de\/wp-json\/wp\/v2\/pages\/13525\/revisions"}],"predecessor-version":[{"id":18976,"href":"https:\/\/thesuperyachtinflatables.com\/de\/wp-json\/wp\/v2\/pages\/13525\/revisions\/18976"}],"wp:attachment":[{"href":"https:\/\/thesuperyachtinflatables.com\/de\/wp-json\/wp\/v2\/media?parent=13525"}],"curies":[{"name":"wp","href":"https:\/\/api.w.org\/{rel}","templated":true}]}}