{"id":13320,"date":"2023-01-20T16:12:36","date_gmt":"2023-01-20T15:12:36","guid":{"rendered":"https:\/\/oceanyachtpool.com\/?post_type=product&#038;p=13320"},"modified":"2026-03-21T12:20:14","modified_gmt":"2026-03-21T11:20:14","slug":"yacht-pool-5-x-4-meter","status":"publish","type":"product","link":"https:\/\/thesuperyachtinflatables.com\/de\/produkt\/yacht-pool-5-x-4-meter\/","title":{"rendered":"Yacht Pool 5 x 4 Meter"},"content":{"rendered":"\t\t<div data-elementor-type=\"wp-post\" data-elementor-id=\"13320\" class=\"elementor elementor-13320 elementor-11370\" data-elementor-post-type=\"product\">\n\t\t\t\t<div class=\"elementor-element elementor-element-657c921 e-flex e-con-boxed e-con e-parent\" data-id=\"657c921\" data-element_type=\"container\" data-e-type=\"container\">\n\t\t\t\t\t<div class=\"e-con-inner\">\n\t\t\t\t<div class=\"elementor-element elementor-element-09d6b8e elementor-widget elementor-widget-heading\" data-id=\"09d6b8e\" data-element_type=\"widget\" data-e-type=\"widget\" data-widget_type=\"heading.default\">\n\t\t\t\t\t<h2 class=\"elementor-heading-title elementor-size-default\">Meerespool<\/h2>\t\t\t\t<\/div>\n\t\t\t\t<div class=\"elementor-element elementor-element-416b439 elementor-widget elementor-widget-text-editor\" data-id=\"416b439\" data-element_type=\"widget\" data-e-type=\"widget\" data-widget_type=\"text-editor.default\">\n\t\t\t\t\t\t\t\t\t<p>Wir pr\u00e4sentieren den innovativen Yacht Pool von Ocean Yacht Pool, ideal f\u00fcr luxuri\u00f6se Pooltage auf Ihrer Yacht.<\/p>\n<p>Konzipiert f\u00fcr unbeschwerte Schwimmausfl\u00fcge im offenen Meer und gem\u00fctliches Vergn\u00fcgen hinter Ihrem Boot, garantiert dieser Pool ein ruhiges Wassererlebnis. Tauchen Sie in den Ozean ein, ohne sich um Quallen, Meerestiere oder Tr\u00fcmmer sorgen zu m\u00fcssen, dank seines fein gewebten inneren PVC-Schutznetzes, das optimale Sicherheit gew\u00e4hrleistet.<\/p>\n\t\t\t\t\t\t\t\t<\/div>\n\t\t\t\t\t<\/div>\n\t\t\t\t<\/div>\n\t\t<div class=\"elementor-element elementor-element-03180f4 e-flex e-con-boxed e-con e-parent\" data-id=\"03180f4\" data-element_type=\"container\" data-e-type=\"container\">\n\t\t\t\t\t<div class=\"e-con-inner\">\n\t\t<div class=\"elementor-element elementor-element-f6b6b0c e-con-full e-flex e-con e-child\" data-id=\"f6b6b0c\" data-element_type=\"container\" data-e-type=\"container\">\n\t\t\t\t<div class=\"elementor-element elementor-element-ad9a8e1 elementor-widget elementor-widget-heading\" data-id=\"ad9a8e1\" data-element_type=\"widget\" data-e-type=\"widget\" data-widget_type=\"heading.default\">\n\t\t\t\t\t<h3 class=\"elementor-heading-title elementor-size-default\">Gr\u00f6\u00dfentabelle<\/h3>\t\t\t\t<\/div>\n\t\t\t\t<div class=\"elementor-element elementor-element-c16d00b elementor-widget elementor-widget-text-editor\" data-id=\"c16d00b\" data-element_type=\"widget\" data-e-type=\"widget\" data-widget_type=\"text-editor.default\">\n\t\t\t\t\t\t\t\t\t<p>Erleben Sie den Ocean Yacht Pool in verschiedenen Gr\u00f6\u00dfen je nach Ihren Bed\u00fcrfnissen.<\/p>\n<ul>\n<li>Menorca: 3 x 2,7 x 2 Meter \u2013 Empfohlen f\u00fcr Boote bis 10m<\/li>\n<li>Mallorca: 4 x 3 x 2,2 Meter \u2013 Empfohlen f\u00fcr Boote bis 18m<\/li>\n<li><strong>Ibiza: 5 x 4 x 2,2 Meter \u2013 Empfohlen f\u00fcr Boote bis 24m<\/strong><\/li>\n<li>Dino: 6 x 5 x 2,2 Meter \u2013 Empfohlen f\u00fcr Boote gr\u00f6\u00dfer als 24m<\/li>\n<\/ul>\n<p><span style=\"text-decoration: underline;\"><strong>Passen Sie Ihren Pool nach Ihren W\u00fcnschen an: Farbe, Name und Logo! Kontaktieren Sie uns f\u00fcr weitere Informationen.<\/strong><\/span><\/p>\n\t\t\t\t\t\t\t\t<\/div>\n\t\t\t\t<\/div>\n\t\t<div class=\"elementor-element elementor-element-54ffe6a e-con-full e-flex e-con e-child\" data-id=\"54ffe6a\" data-element_type=\"container\" data-e-type=\"container\">\n\t\t\t\t<div class=\"elementor-element elementor-element-a38fc8b elementor-widget elementor-widget-heading\" data-id=\"a38fc8b\" data-element_type=\"widget\" data-e-type=\"widget\" data-widget_type=\"heading.default\">\n\t\t\t\t\t<h3 class=\"elementor-heading-title elementor-size-default\">Entl\u00fcftete Gr\u00f6\u00dfe und Gewicht<\/h3>\t\t\t\t<\/div>\n\t\t\t\t<div class=\"elementor-element elementor-element-1a31762 elementor-widget elementor-widget-text-editor\" data-id=\"1a31762\" data-element_type=\"widget\" data-e-type=\"widget\" data-widget_type=\"text-editor.default\">\n\t\t\t\t\t\t\t\t\t<p>Gr\u00f6\u00dfentabelle der entl\u00fcfteten Yacht Pools in ihrer wasserdichten Tasche:<\/p>\n<ul>\n<li>Menorca: 30 x 30 x 60 Zentimeter \u2013 8Kg<\/li>\n<li>Mallorca: 33 x 33 x 60 Zentimeter \u2013 12kg<\/li>\n<li>Ibiza: 40 x 40 x 70 Zentimeter \u2013 15kg<\/li>\n<li>Dino: 45 x 45 x 72 Zentimeter \u2013 18kg<\/li>\n<\/ul>\n\t\t\t\t\t\t\t\t<\/div>\n\t\t\t\t<\/div>\n\t\t\t\t\t<\/div>\n\t\t\t\t<\/div>\n\t\t<div class=\"elementor-element elementor-element-71b6b59 e-flex e-con-boxed e-con e-parent\" data-id=\"71b6b59\" data-element_type=\"container\" data-e-type=\"container\">\n\t\t\t\t\t<div class=\"e-con-inner\">\n\t\t\t\t<div class=\"elementor-element elementor-element-4e92190 elementor-widget elementor-widget-heading\" data-id=\"4e92190\" data-element_type=\"widget\" data-e-type=\"widget\" data-widget_type=\"heading.default\">\n\t\t\t\t\t<h3 class=\"elementor-heading-title elementor-size-default\">Vorteile unseres Sea Pool<\/h3>\t\t\t\t<\/div>\n\t\t\t\t<div class=\"elementor-element elementor-element-db03915 elementor-widget elementor-widget-text-editor\" data-id=\"db03915\" data-element_type=\"widget\" data-e-type=\"widget\" data-widget_type=\"text-editor.default\">\n\t\t\t\t\t\t\t\t\t<p>Unser Sea Pool bietet zahlreiche Vorteile. Hier sind nur einige:<\/p>\n<ul>\n<li><strong>Leichtester auf dem Markt<\/strong>: Entwickelt, um au\u00dfergew\u00f6hnlich leicht und benutzerfreundlich zu sein.<\/li>\n<li><strong>Benutzerfreundlich<\/strong>: Einfach von einer einzelnen Person zu bedienen, deutlich leichter als die Konkurrenz und f\u00fcr Spa\u00df und Langlebigkeit konzipiert.<\/li>\n<li><strong>Kompakte Lagerung<\/strong>: Leicht faltbar f\u00fcr minimalen Stauraum auf dem Boot.<\/li>\n<li><strong>High-Tech-Materialien<\/strong>: Gefertigt aus verst\u00e4rktem PVC mit 1mm St\u00e4rke.<\/li>\n<li><strong>Schutz vor Quallen, Schmutz und Meerestieren<\/strong>: Gew\u00e4hrleistet ein sicheres und sauberes Badeerlebnis.<\/li>\n<\/ul>\n\t\t\t\t\t\t\t\t<\/div>\n\t\t\t\t<div class=\"elementor-element elementor-element-9c44add elementor-widget elementor-widget-heading\" data-id=\"9c44add\" data-element_type=\"widget\" data-e-type=\"widget\" data-widget_type=\"heading.default\">\n\t\t\t\t\t<h3 class=\"elementor-heading-title elementor-size-default\">Wie benutzt man unseren Sea Pool?<\/h3>\t\t\t\t<\/div>\n\t\t\t\t<div class=\"elementor-element elementor-element-3ed7bbe elementor-widget elementor-widget-text-editor\" data-id=\"3ed7bbe\" data-element_type=\"widget\" data-e-type=\"widget\" data-widget_type=\"text-editor.default\">\n\t\t\t\t\t\t\t\t\t<p><strong>Aufblasen<\/strong>: In unter 2 Minuten mit einer elektrischen Pumpe.<\/p>\n<p><strong>Entl\u00fcften<\/strong>: In unter 4 Minuten.<\/p>\n<p><strong>Lagerung<\/strong>: Zusammengefaltet in unter 2 Minuten.<\/p>\n\t\t\t\t\t\t\t\t<\/div>\n\t\t\t\t<div class=\"elementor-element elementor-element-a862206 elementor-widget elementor-widget-heading\" data-id=\"a862206\" data-element_type=\"widget\" data-e-type=\"widget\" data-widget_type=\"heading.default\">\n\t\t\t\t\t<h3 class=\"elementor-heading-title elementor-size-default\">Gestalten Sie Ihren Sea Pool nach Ihren W\u00fcnschen: Farbe, Name und Logo!<\/h3>\t\t\t\t<\/div>\n\t\t\t\t<div class=\"elementor-element elementor-element-039ca3e elementor-widget elementor-widget-text-editor\" data-id=\"039ca3e\" data-element_type=\"widget\" data-e-type=\"widget\" data-widget_type=\"text-editor.default\">\n\t\t\t\t\t\t\t\t\t<p>Bei Ocean Yacht Pool bieten wir L\u00f6sungen f\u00fcr alle Ihre Bed\u00fcrfnisse. Wenn Sie daran interessiert sind, eines unserer Produkte zu erwerben und es mit Ihrem Bootsnamen, Logo oder einer bestimmten Farbe personalisieren m\u00f6chten, k\u00f6nnen wir den Pool nach Ihren Vorgaben anfertigen. Um die perfekte L\u00f6sung zu finden, kontaktieren Sie uns bitte und fordern Sie ein Angebot an. Unser Team wird Sie gerne unterst\u00fctzen!<\/p>\n\t\t\t\t\t\t\t\t<\/div>\n\t\t\t\t\t<\/div>\n\t\t\t\t<\/div>\n\t\t\t\t<\/div>\n\t\t","protected":false},"excerpt":{"rendered":"<p data-start=\"41\" data-end=\"157\">Erleben Sie den SY Inflatables in verschiedenen Gr\u00f6\u00dfen. Die Gr\u00f6\u00dfen sind wie folgt:<\/p>\n<p data-start=\"159\" data-end=\"317\">Menorca: 3 x 2,7 x 2 Meter \u2013 8 kg<br data-start=\"196\" data-end=\"199\" \/>Mallorca: 4 x 3 x 2,2 Meter \u2013 12 kg<br data-start=\"238\" data-end=\"241\" \/><strong>Ibiza: 5 x 4 x 2,2 Meter \u2013 15 kg<\/strong><br data-start=\"277\" data-end=\"280\" \/>Dino: 6 x 5 x 2,2 Meter \u2013 18 kg<\/p>\n<p data-start=\"319\" data-end=\"438\" data-is-last-node=\"\" data-is-only-node=\"\"><strong>Passen Sie Ihren Pool nach Ihren W\u00fcnschen an: Farbe, Name und Logo! Kontaktieren Sie uns f\u00fcr weitere Informationen<\/strong><\/p>\n","protected":false},"featured_media":13617,"comment_status":"open","ping_status":"closed","template":"","meta":{"_acf_changed":false},"product_brand":[],"product_cat":[202,196],"product_tag":[204],"class_list":{"0":"post-13320","1":"product","2":"type-product","3":"status-publish","4":"has-post-thumbnail","6":"product_cat-bestseller-de","7":"product_cat-boot-pool-de","8":"product_tag-yacht-pool-de","10":"first","11":"instock","12":"taxable","13":"shipping-taxable","14":"purchasable","15":"product-type-variable"},"acf":[],"yoast_head":"<!-- This site is optimized with the Yoast SEO plugin v27.2 - https:\/\/yoast.com\/product\/yoast-seo-wordpress\/ -->\n<title>Quallenschutz-Pool 5x4m | Gro\u00dfer Superyacht-Pool<\/title>\n<meta name=\"description\" content=\"Aufblasbarer Yacht Pool 5 x 4 Meter \u2013 gro\u00dfz\u00fcgiges Badeerlebnis der Luxusklasse f\u00fcr Ihre Superyacht.\" \/>\n<meta name=\"robots\" content=\"index, follow, max-snippet:-1, max-image-preview:large, max-video-preview:-1\" \/>\n<link rel=\"canonical\" href=\"https:\/\/thesuperyachtinflatables.com\/de\/produkt\/yacht-pool-5-x-4-meter\/\" \/>\n<meta property=\"og:locale\" content=\"de_DE\" \/>\n<meta property=\"og:type\" content=\"article\" \/>\n<meta property=\"og:title\" content=\"Quallenschutz-Pool 5x4m | Gro\u00dfer Superyacht-Pool\" \/>\n<meta property=\"og:description\" content=\"Aufblasbarer Yacht Pool 5 x 4 Meter \u2013 gro\u00dfz\u00fcgiges Badeerlebnis der Luxusklasse f\u00fcr Ihre Superyacht.\" \/>\n<meta property=\"og:url\" content=\"https:\/\/thesuperyachtinflatables.com\/de\/produkt\/yacht-pool-5-x-4-meter\/\" \/>\n<meta property=\"og:site_name\" content=\"Superyacht Inflatables\" \/>\n<meta property=\"article:modified_time\" content=\"2026-03-21T11:20:14+00:00\" \/>\n<meta property=\"og:image\" content=\"https:\/\/thesuperyachtinflatables.com\/wp-content\/uploads\/2025\/03\/antijellyfish-pool-orange.webp\" \/>\n\t<meta property=\"og:image:width\" content=\"800\" \/>\n\t<meta property=\"og:image:height\" content=\"800\" \/>\n\t<meta property=\"og:image:type\" content=\"image\/webp\" \/>\n<meta name=\"twitter:card\" content=\"summary_large_image\" \/>\n<meta name=\"twitter:label1\" content=\"Verf\u00fcgbarkeit\" \/>\n\t<meta name=\"twitter:data1\" content=\"Auf Lager\" \/>\n<script type=\"application\/ld+json\" class=\"yoast-schema-graph\">{\"@context\":\"https:\/\/schema.org\",\"@graph\":[{\"@type\":\"WebPage\",\"@id\":\"https:\/\/thesuperyachtinflatables.com\/de\/produkt\/yacht-pool-5-x-4-meter\/\",\"url\":\"https:\/\/thesuperyachtinflatables.com\/de\/produkt\/yacht-pool-5-x-4-meter\/\",\"name\":\"Quallenschutz-Pool 5x4m | Gro\u00dfer Superyacht-Pool\",\"isPartOf\":{\"@id\":\"https:\/\/thesuperyachtinflatables.com\/de\/#website\"},\"primaryImageOfPage\":{\"@id\":\"https:\/\/thesuperyachtinflatables.com\/de\/produkt\/yacht-pool-5-x-4-meter\/#primaryimage\"},\"image\":{\"@id\":\"https:\/\/thesuperyachtinflatables.com\/de\/produkt\/yacht-pool-5-x-4-meter\/#primaryimage\"},\"thumbnailUrl\":\"https:\/\/thesuperyachtinflatables.com\/wp-content\/uploads\/2025\/03\/antijellyfish-pool-orange.webp\",\"datePublished\":\"2023-01-20T15:12:36+00:00\",\"dateModified\":\"2026-03-21T11:20:14+00:00\",\"description\":\"Aufblasbarer Yacht Pool 5 x 4 Meter \u2013 gro\u00dfz\u00fcgiges Badeerlebnis der Luxusklasse f\u00fcr Ihre Superyacht.\",\"breadcrumb\":{\"@id\":\"https:\/\/thesuperyachtinflatables.com\/de\/produkt\/yacht-pool-5-x-4-meter\/#breadcrumb\"},\"inLanguage\":\"de\",\"potentialAction\":[{\"@type\":\"ReadAction\",\"target\":[\"https:\/\/thesuperyachtinflatables.com\/de\/produkt\/yacht-pool-5-x-4-meter\/\"]}]},{\"@type\":\"ImageObject\",\"inLanguage\":\"de\",\"@id\":\"https:\/\/thesuperyachtinflatables.com\/de\/produkt\/yacht-pool-5-x-4-meter\/#primaryimage\",\"url\":\"https:\/\/thesuperyachtinflatables.com\/wp-content\/uploads\/2025\/03\/antijellyfish-pool-orange.webp\",\"contentUrl\":\"https:\/\/thesuperyachtinflatables.com\/wp-content\/uploads\/2025\/03\/antijellyfish-pool-orange.webp\",\"width\":800,\"height\":800,\"caption\":\"antijellyfish-pool-orange\"},{\"@type\":\"BreadcrumbList\",\"@id\":\"https:\/\/thesuperyachtinflatables.com\/de\/produkt\/yacht-pool-5-x-4-meter\/#breadcrumb\",\"itemListElement\":[{\"@type\":\"ListItem\",\"position\":1,\"name\":\"Startseite\",\"item\":\"https:\/\/thesuperyachtinflatables.com\/de\/superyacht-inflatables\/\"},{\"@type\":\"ListItem\",\"position\":2,\"name\":\"Shop\",\"item\":\"https:\/\/thesuperyachtinflatables.com\/shop\/\"},{\"@type\":\"ListItem\",\"position\":3,\"name\":\"Yacht Pool 5 x 4 Meter\"}]},{\"@type\":\"WebSite\",\"@id\":\"https:\/\/thesuperyachtinflatables.com\/de\/#website\",\"url\":\"https:\/\/thesuperyachtinflatables.com\/de\/\",\"name\":\"Superyacht Inflatables\",\"description\":\"Yacht Inflatable Toys, Pools, Slides &amp; Docks\",\"publisher\":{\"@id\":\"https:\/\/thesuperyachtinflatables.com\/de\/#organization\"},\"potentialAction\":[{\"@type\":\"SearchAction\",\"target\":{\"@type\":\"EntryPoint\",\"urlTemplate\":\"https:\/\/thesuperyachtinflatables.com\/de\/?s={search_term_string}\"},\"query-input\":{\"@type\":\"PropertyValueSpecification\",\"valueRequired\":true,\"valueName\":\"search_term_string\"}}],\"inLanguage\":\"de\"},{\"@type\":\"Organization\",\"@id\":\"https:\/\/thesuperyachtinflatables.com\/de\/#organization\",\"name\":\"Superyacht Inflatables\",\"url\":\"https:\/\/thesuperyachtinflatables.com\/de\/\",\"logo\":{\"@type\":\"ImageObject\",\"inLanguage\":\"de\",\"@id\":\"https:\/\/thesuperyachtinflatables.com\/de\/#\/schema\/logo\/image\/\",\"url\":\"https:\/\/thesuperyachtinflatables.com\/wp-content\/uploads\/2023\/01\/logo-footer.webp\",\"contentUrl\":\"https:\/\/thesuperyachtinflatables.com\/wp-content\/uploads\/2023\/01\/logo-footer.webp\",\"width\":1920,\"height\":1080,\"caption\":\"Superyacht Inflatables\"},\"image\":{\"@id\":\"https:\/\/thesuperyachtinflatables.com\/de\/#\/schema\/logo\/image\/\"}}]}<\/script>\n<meta property=\"og:availability\" content=\"instock\" \/>\n<meta property=\"product:availability\" content=\"instock\" \/>\n<meta property=\"product:retailer_item_id\" content=\"OYP-00004714\" \/>\n<meta property=\"product:condition\" content=\"new\" \/>\n<!-- \/ Yoast SEO plugin. -->","yoast_head_json":{"title":"Quallenschutz-Pool 5x4m | Gro\u00dfer Superyacht-Pool","description":"Aufblasbarer Yacht Pool 5 x 4 Meter \u2013 gro\u00dfz\u00fcgiges Badeerlebnis der Luxusklasse f\u00fcr Ihre Superyacht.","robots":{"index":"index","follow":"follow","max-snippet":"max-snippet:-1","max-image-preview":"max-image-preview:large","max-video-preview":"max-video-preview:-1"},"canonical":"https:\/\/thesuperyachtinflatables.com\/de\/produkt\/yacht-pool-5-x-4-meter\/","og_locale":"de_DE","og_type":"article","og_title":"Quallenschutz-Pool 5x4m | Gro\u00dfer Superyacht-Pool","og_description":"Aufblasbarer Yacht Pool 5 x 4 Meter \u2013 gro\u00dfz\u00fcgiges Badeerlebnis der Luxusklasse f\u00fcr Ihre Superyacht.","og_url":"https:\/\/thesuperyachtinflatables.com\/de\/produkt\/yacht-pool-5-x-4-meter\/","og_site_name":"Superyacht Inflatables","article_modified_time":"2026-03-21T11:20:14+00:00","og_image":[{"width":800,"height":800,"url":"https:\/\/thesuperyachtinflatables.com\/wp-content\/uploads\/2025\/03\/antijellyfish-pool-orange.webp","type":"image\/webp"}],"twitter_card":"summary_large_image","twitter_misc":{"Verf\u00fcgbarkeit":"Auf Lager"},"schema":{"@context":"https:\/\/schema.org","@graph":[{"@type":"WebPage","@id":"https:\/\/thesuperyachtinflatables.com\/de\/produkt\/yacht-pool-5-x-4-meter\/","url":"https:\/\/thesuperyachtinflatables.com\/de\/produkt\/yacht-pool-5-x-4-meter\/","name":"Quallenschutz-Pool 5x4m | Gro\u00dfer Superyacht-Pool","isPartOf":{"@id":"https:\/\/thesuperyachtinflatables.com\/de\/#website"},"primaryImageOfPage":{"@id":"https:\/\/thesuperyachtinflatables.com\/de\/produkt\/yacht-pool-5-x-4-meter\/#primaryimage"},"image":{"@id":"https:\/\/thesuperyachtinflatables.com\/de\/produkt\/yacht-pool-5-x-4-meter\/#primaryimage"},"thumbnailUrl":"https:\/\/thesuperyachtinflatables.com\/wp-content\/uploads\/2025\/03\/antijellyfish-pool-orange.webp","datePublished":"2023-01-20T15:12:36+00:00","dateModified":"2026-03-21T11:20:14+00:00","description":"Aufblasbarer Yacht Pool 5 x 4 Meter \u2013 gro\u00dfz\u00fcgiges Badeerlebnis der Luxusklasse f\u00fcr Ihre Superyacht.","breadcrumb":{"@id":"https:\/\/thesuperyachtinflatables.com\/de\/produkt\/yacht-pool-5-x-4-meter\/#breadcrumb"},"inLanguage":"de","potentialAction":[{"@type":"ReadAction","target":["https:\/\/thesuperyachtinflatables.com\/de\/produkt\/yacht-pool-5-x-4-meter\/"]}]},{"@type":"ImageObject","inLanguage":"de","@id":"https:\/\/thesuperyachtinflatables.com\/de\/produkt\/yacht-pool-5-x-4-meter\/#primaryimage","url":"https:\/\/thesuperyachtinflatables.com\/wp-content\/uploads\/2025\/03\/antijellyfish-pool-orange.webp","contentUrl":"https:\/\/thesuperyachtinflatables.com\/wp-content\/uploads\/2025\/03\/antijellyfish-pool-orange.webp","width":800,"height":800,"caption":"antijellyfish-pool-orange"},{"@type":"BreadcrumbList","@id":"https:\/\/thesuperyachtinflatables.com\/de\/produkt\/yacht-pool-5-x-4-meter\/#breadcrumb","itemListElement":[{"@type":"ListItem","position":1,"name":"Startseite","item":"https:\/\/thesuperyachtinflatables.com\/de\/superyacht-inflatables\/"},{"@type":"ListItem","position":2,"name":"Shop","item":"https:\/\/thesuperyachtinflatables.com\/shop\/"},{"@type":"ListItem","position":3,"name":"Yacht Pool 5 x 4 Meter"}]},{"@type":"WebSite","@id":"https:\/\/thesuperyachtinflatables.com\/de\/#website","url":"https:\/\/thesuperyachtinflatables.com\/de\/","name":"Superyacht Inflatables","description":"Yacht Inflatable Toys, Pools, Slides &amp; Docks","publisher":{"@id":"https:\/\/thesuperyachtinflatables.com\/de\/#organization"},"potentialAction":[{"@type":"SearchAction","target":{"@type":"EntryPoint","urlTemplate":"https:\/\/thesuperyachtinflatables.com\/de\/?s={search_term_string}"},"query-input":{"@type":"PropertyValueSpecification","valueRequired":true,"valueName":"search_term_string"}}],"inLanguage":"de"},{"@type":"Organization","@id":"https:\/\/thesuperyachtinflatables.com\/de\/#organization","name":"Superyacht Inflatables","url":"https:\/\/thesuperyachtinflatables.com\/de\/","logo":{"@type":"ImageObject","inLanguage":"de","@id":"https:\/\/thesuperyachtinflatables.com\/de\/#\/schema\/logo\/image\/","url":"https:\/\/thesuperyachtinflatables.com\/wp-content\/uploads\/2023\/01\/logo-footer.webp","contentUrl":"https:\/\/thesuperyachtinflatables.com\/wp-content\/uploads\/2023\/01\/logo-footer.webp","width":1920,"height":1080,"caption":"Superyacht Inflatables"},"image":{"@id":"https:\/\/thesuperyachtinflatables.com\/de\/#\/schema\/logo\/image\/"}}]},"og_availability":"instock","product_availability":"instock","product_retailer_item_id":"OYP-00004714","product_condition":"new"},"_links":{"self":[{"href":"https:\/\/thesuperyachtinflatables.com\/de\/wp-json\/wp\/v2\/product\/13320","targetHints":{"allow":["GET"]}}],"collection":[{"href":"https:\/\/thesuperyachtinflatables.com\/de\/wp-json\/wp\/v2\/product"}],"about":[{"href":"https:\/\/thesuperyachtinflatables.com\/de\/wp-json\/wp\/v2\/types\/product"}],"replies":[{"embeddable":true,"href":"https:\/\/thesuperyachtinflatables.com\/de\/wp-json\/wp\/v2\/comments?post=13320"}],"version-history":[{"count":10,"href":"https:\/\/thesuperyachtinflatables.com\/de\/wp-json\/wp\/v2\/product\/13320\/revisions"}],"predecessor-version":[{"id":20813,"href":"https:\/\/thesuperyachtinflatables.com\/de\/wp-json\/wp\/v2\/product\/13320\/revisions\/20813"}],"wp:featuredmedia":[{"embeddable":true,"href":"https:\/\/thesuperyachtinflatables.com\/de\/wp-json\/wp\/v2\/media\/13617"}],"wp:attachment":[{"href":"https:\/\/thesuperyachtinflatables.com\/de\/wp-json\/wp\/v2\/media?parent=13320"}],"wp:term":[{"taxonomy":"product_brand","embeddable":true,"href":"https:\/\/thesuperyachtinflatables.com\/de\/wp-json\/wp\/v2\/product_brand?post=13320"},{"taxonomy":"product_cat","embeddable":true,"href":"https:\/\/thesuperyachtinflatables.com\/de\/wp-json\/wp\/v2\/product_cat?post=13320"},{"taxonomy":"product_tag","embeddable":true,"href":"https:\/\/thesuperyachtinflatables.com\/de\/wp-json\/wp\/v2\/product_tag?post=13320"}],"curies":[{"name":"wp","href":"https:\/\/api.w.org\/{rel}","templated":true}]}}