{"id":13464,"date":"2023-01-01T11:31:54","date_gmt":"2023-01-01T10:31:54","guid":{"rendered":"https:\/\/oceanyachtpool.com\/?post_type=product&#038;p=13464"},"modified":"2026-03-21T12:22:21","modified_gmt":"2026-03-21T11:22:21","slug":"ballast","status":"publish","type":"product","link":"https:\/\/thesuperyachtinflatables.com\/de\/produkt\/ballast\/","title":{"rendered":"Ballast"},"content":{"rendered":"\t\t<div data-elementor-type=\"wp-post\" data-elementor-id=\"13464\" class=\"elementor elementor-13464 elementor-10068\" data-elementor-post-type=\"product\">\n\t\t\t\t<div class=\"elementor-element elementor-element-b5f2909 e-flex e-con-boxed e-con e-parent\" data-id=\"b5f2909\" data-element_type=\"container\" data-e-type=\"container\">\n\t\t\t\t\t<div class=\"e-con-inner\">\n\t\t\t\t<div class=\"elementor-element elementor-element-61ecc1a elementor-widget elementor-widget-heading\" data-id=\"61ecc1a\" data-element_type=\"widget\" data-e-type=\"widget\" data-widget_type=\"heading.default\">\n\t\t\t\t\t<h2 class=\"elementor-heading-title elementor-size-default\">Ballast<\/h2>\t\t\t\t<\/div>\n\t\t\t\t<div class=\"elementor-element elementor-element-d916423 elementor-widget elementor-widget-text-editor\" data-id=\"d916423\" data-element_type=\"widget\" data-e-type=\"widget\" data-widget_type=\"text-editor.default\">\n\t\t\t\t\t\t\t\t\t<p>Set of 4 ballast, on for each corner of the Anti Jellyfish Pool. In instances of slight surface currents in the water, it could be prudent to place ballast in the submerged corners of the pool. Varied salinity levels in the water may provide increased buoyancy to the pool, necessitating the use of additional ballast. The set comprises four double galvanized iron shackles, each weighing 700 grams.<\/p>\n\t\t\t\t\t\t\t\t<\/div>\n\t\t\t\t<div class=\"elementor-element elementor-element-047f26d elementor-widget elementor-widget-heading\" data-id=\"047f26d\" data-element_type=\"widget\" data-e-type=\"widget\" data-widget_type=\"heading.default\">\n\t\t\t\t\t<h3 class=\"elementor-heading-title elementor-size-default\">Size Guide<\/h3>\t\t\t\t<\/div>\n\t\t\t\t<div class=\"elementor-element elementor-element-0463c4c elementor-widget elementor-widget-text-editor\" data-id=\"0463c4c\" data-element_type=\"widget\" data-e-type=\"widget\" data-widget_type=\"text-editor.default\">\n\t\t\t\t\t\t\t\t\t<p>Unique size of ballast. Weigh 700 grams. Each set includes 4 ballast, one for each bottom corner. Each unit of ballast is double galvanized iron shackles.<\/p>\n\t\t\t\t\t\t\t\t<\/div>\n\t\t\t\t<div class=\"elementor-element elementor-element-c16431b elementor-widget elementor-widget-heading\" data-id=\"c16431b\" data-element_type=\"widget\" data-e-type=\"widget\" data-widget_type=\"heading.default\">\n\t\t\t\t\t<h3 class=\"elementor-heading-title elementor-size-default\">Benefits of our Ballast for Yacht Pool<\/h3>\t\t\t\t<\/div>\n\t\t\t\t<div class=\"elementor-element elementor-element-60d6ff7 elementor-widget elementor-widget-text-editor\" data-id=\"60d6ff7\" data-element_type=\"widget\" data-e-type=\"widget\" data-widget_type=\"text-editor.default\">\n\t\t\t\t\t\t\t\t\t<ul>\n<li><strong>Quality Ballast<\/strong>. Made to last and be durable. Will not become rusty with time.<\/li>\n<li><strong>Safe Closing<\/strong>. Forget about losing a ballast due to being badly closed, this are safe and reliable.<\/li>\n<\/ul>\n\t\t\t\t\t\t\t\t<\/div>\n\t\t\t\t<div class=\"elementor-element elementor-element-f50c5e4 elementor-widget elementor-widget-heading\" data-id=\"f50c5e4\" data-element_type=\"widget\" data-e-type=\"widget\" data-widget_type=\"heading.default\">\n\t\t\t\t\t<h3 class=\"elementor-heading-title elementor-size-default\">How to use our Ballast for Yacht Pool<\/h3>\t\t\t\t<\/div>\n\t\t\t\t<div class=\"elementor-element elementor-element-867f19f elementor-widget elementor-widget-text-editor\" data-id=\"867f19f\" data-element_type=\"widget\" data-e-type=\"widget\" data-widget_type=\"text-editor.default\">\n\t\t\t\t\t\t\t\t\t<p>For days in which the sea presents slight surface currents, we recommend using our 700 grams Ballast, one in each bottom corner. By using them, the net will sink down and will grab a nice shape. Not moving constanlty due to heavy current. The net of the Anti Jellyfish Pool is weighed but this adds extra ballast. These should only be used when the sea has a bit of surface current.<\/p>\n\t\t\t\t\t\t\t\t<\/div>\n\t\t\t\t<div class=\"elementor-element elementor-element-35eeaee elementor-widget elementor-widget-heading\" data-id=\"35eeaee\" data-element_type=\"widget\" data-e-type=\"widget\" data-widget_type=\"heading.default\">\n\t\t\t\t\t<h3 class=\"elementor-heading-title elementor-size-default\">Customise your Ocean Yacht Pool to your liking: Color, Name and Logo!<\/h3>\t\t\t\t<\/div>\n\t\t\t\t<div class=\"elementor-element elementor-element-0ab5c9a elementor-widget elementor-widget-text-editor\" data-id=\"0ab5c9a\" data-element_type=\"widget\" data-e-type=\"widget\" data-widget_type=\"text-editor.default\">\n\t\t\t\t\t\t\t\t\t<p>At Ocean Yacht Pool, we offer solutions for every obstacle you might face. If you&#8217;re contemplating one of our products and desire customization options like incorporating your boat&#8217;s name, logo, or opting for a different color scheme, we&#8217;re here to accommodate your preferences. Feel free to reach out to us to delve into tailored solutions crafted to meet your unique needs. Contact us for a personalized quote, and our committed team will be thrilled to lend you a hand!<\/p>\n\t\t\t\t\t\t\t\t<\/div>\n\t\t\t\t\t<\/div>\n\t\t\t\t<\/div>\n\t\t\t\t<\/div>\n\t\t","protected":false},"excerpt":{"rendered":"<p>Set aus 4 Ballasten. Jeweils einer f\u00fcr jede untere Ecke des Yacht Pools.<\/p>\n","protected":false},"featured_media":12619,"comment_status":"open","ping_status":"closed","template":"","meta":{"_acf_changed":false},"product_brand":[],"product_cat":[188],"product_tag":[],"class_list":{"0":"post-13464","1":"product","2":"type-product","3":"status-publish","4":"has-post-thumbnail","6":"product_cat-zubehoer-de","8":"first","9":"instock","10":"taxable","11":"shipping-taxable","12":"purchasable","13":"product-type-simple"},"acf":[],"yoast_head":"<!-- This site is optimized with the Yoast SEO plugin v27.2 - https:\/\/yoast.com\/product\/yoast-seo-wordpress\/ -->\n<title>Ballast-Set f\u00fcr Yachtpools | Anti-Quallen-Zubeh\u00f6r<\/title>\n<meta name=\"description\" content=\"Ballast f\u00fcr aufblasbare Yacht-Pools und Docks \u2013 f\u00fcr optimale Stabilit\u00e4t und sicheren Betrieb auf dem Wasser.\" \/>\n<meta name=\"robots\" content=\"index, follow, max-snippet:-1, max-image-preview:large, max-video-preview:-1\" \/>\n<link rel=\"canonical\" href=\"https:\/\/thesuperyachtinflatables.com\/de\/produkt\/ballast\/\" \/>\n<meta property=\"og:locale\" content=\"de_DE\" \/>\n<meta property=\"og:type\" content=\"article\" \/>\n<meta property=\"og:title\" content=\"Ballast-Set f\u00fcr Yachtpools | Anti-Quallen-Zubeh\u00f6r\" \/>\n<meta property=\"og:description\" content=\"Ballast f\u00fcr aufblasbare Yacht-Pools und Docks \u2013 f\u00fcr optimale Stabilit\u00e4t und sicheren Betrieb auf dem Wasser.\" \/>\n<meta property=\"og:url\" content=\"https:\/\/thesuperyachtinflatables.com\/de\/produkt\/ballast\/\" \/>\n<meta property=\"og:site_name\" content=\"Superyacht Inflatables\" \/>\n<meta property=\"article:modified_time\" content=\"2026-03-21T11:22:21+00:00\" \/>\n<meta property=\"og:image\" content=\"https:\/\/thesuperyachtinflatables.com\/wp-content\/uploads\/2024\/12\/ballast-yacht-pool.webp\" \/>\n\t<meta property=\"og:image:width\" content=\"800\" \/>\n\t<meta property=\"og:image:height\" content=\"533\" \/>\n\t<meta property=\"og:image:type\" content=\"image\/webp\" \/>\n<meta name=\"twitter:card\" content=\"summary_large_image\" \/>\n<meta name=\"twitter:label1\" content=\"Preis\" \/>\n\t<meta name=\"twitter:data1\" content=\"48,00&nbsp;\u20ac\" \/>\n\t<meta name=\"twitter:label2\" content=\"Verf\u00fcgbarkeit\" \/>\n\t<meta name=\"twitter:data2\" content=\"Auf Lager\" \/>\n<script type=\"application\/ld+json\" class=\"yoast-schema-graph\">{\"@context\":\"https:\/\/schema.org\",\"@graph\":[{\"@type\":\"WebPage\",\"@id\":\"https:\/\/thesuperyachtinflatables.com\/de\/produkt\/ballast\/\",\"url\":\"https:\/\/thesuperyachtinflatables.com\/de\/produkt\/ballast\/\",\"name\":\"Ballast-Set f\u00fcr Yachtpools | Anti-Quallen-Zubeh\u00f6r\",\"isPartOf\":{\"@id\":\"https:\/\/thesuperyachtinflatables.com\/de\/#website\"},\"primaryImageOfPage\":{\"@id\":\"https:\/\/thesuperyachtinflatables.com\/de\/produkt\/ballast\/#primaryimage\"},\"image\":{\"@id\":\"https:\/\/thesuperyachtinflatables.com\/de\/produkt\/ballast\/#primaryimage\"},\"thumbnailUrl\":\"https:\/\/thesuperyachtinflatables.com\/wp-content\/uploads\/2024\/12\/ballast-yacht-pool.webp\",\"datePublished\":\"2023-01-01T10:31:54+00:00\",\"dateModified\":\"2026-03-21T11:22:21+00:00\",\"description\":\"Ballast f\u00fcr aufblasbare Yacht-Pools und Docks \u2013 f\u00fcr optimale Stabilit\u00e4t und sicheren Betrieb auf dem Wasser.\",\"breadcrumb\":{\"@id\":\"https:\/\/thesuperyachtinflatables.com\/de\/produkt\/ballast\/#breadcrumb\"},\"inLanguage\":\"de\",\"potentialAction\":[{\"@type\":\"ReadAction\",\"target\":[\"https:\/\/thesuperyachtinflatables.com\/de\/produkt\/ballast\/\"]}]},{\"@type\":\"ImageObject\",\"inLanguage\":\"de\",\"@id\":\"https:\/\/thesuperyachtinflatables.com\/de\/produkt\/ballast\/#primaryimage\",\"url\":\"https:\/\/thesuperyachtinflatables.com\/wp-content\/uploads\/2024\/12\/ballast-yacht-pool.webp\",\"contentUrl\":\"https:\/\/thesuperyachtinflatables.com\/wp-content\/uploads\/2024\/12\/ballast-yacht-pool.webp\",\"width\":800,\"height\":533,\"caption\":\"ballast-yacht-pool\"},{\"@type\":\"BreadcrumbList\",\"@id\":\"https:\/\/thesuperyachtinflatables.com\/de\/produkt\/ballast\/#breadcrumb\",\"itemListElement\":[{\"@type\":\"ListItem\",\"position\":1,\"name\":\"Startseite\",\"item\":\"https:\/\/thesuperyachtinflatables.com\/de\/superyacht-inflatables\/\"},{\"@type\":\"ListItem\",\"position\":2,\"name\":\"Shop\",\"item\":\"https:\/\/thesuperyachtinflatables.com\/shop\/\"},{\"@type\":\"ListItem\",\"position\":3,\"name\":\"Ballast\"}]},{\"@type\":\"WebSite\",\"@id\":\"https:\/\/thesuperyachtinflatables.com\/de\/#website\",\"url\":\"https:\/\/thesuperyachtinflatables.com\/de\/\",\"name\":\"Superyacht Inflatables\",\"description\":\"Yacht Inflatable Toys, Pools, Slides &amp; Docks\",\"publisher\":{\"@id\":\"https:\/\/thesuperyachtinflatables.com\/de\/#organization\"},\"potentialAction\":[{\"@type\":\"SearchAction\",\"target\":{\"@type\":\"EntryPoint\",\"urlTemplate\":\"https:\/\/thesuperyachtinflatables.com\/de\/?s={search_term_string}\"},\"query-input\":{\"@type\":\"PropertyValueSpecification\",\"valueRequired\":true,\"valueName\":\"search_term_string\"}}],\"inLanguage\":\"de\"},{\"@type\":\"Organization\",\"@id\":\"https:\/\/thesuperyachtinflatables.com\/de\/#organization\",\"name\":\"Superyacht Inflatables\",\"url\":\"https:\/\/thesuperyachtinflatables.com\/de\/\",\"logo\":{\"@type\":\"ImageObject\",\"inLanguage\":\"de\",\"@id\":\"https:\/\/thesuperyachtinflatables.com\/de\/#\/schema\/logo\/image\/\",\"url\":\"https:\/\/thesuperyachtinflatables.com\/wp-content\/uploads\/2023\/01\/logo-footer.webp\",\"contentUrl\":\"https:\/\/thesuperyachtinflatables.com\/wp-content\/uploads\/2023\/01\/logo-footer.webp\",\"width\":1920,\"height\":1080,\"caption\":\"Superyacht Inflatables\"},\"image\":{\"@id\":\"https:\/\/thesuperyachtinflatables.com\/de\/#\/schema\/logo\/image\/\"}}]}<\/script>\n<meta property=\"product:price:amount\" content=\"48.00\" \/>\n<meta property=\"product:price:currency\" content=\"EUR\" \/>\n<meta property=\"og:availability\" content=\"instock\" \/>\n<meta property=\"product:availability\" content=\"instock\" \/>\n<meta property=\"product:condition\" content=\"new\" \/>\n<!-- \/ Yoast SEO plugin. -->","yoast_head_json":{"title":"Ballast-Set f\u00fcr Yachtpools | Anti-Quallen-Zubeh\u00f6r","description":"Ballast f\u00fcr aufblasbare Yacht-Pools und Docks \u2013 f\u00fcr optimale Stabilit\u00e4t und sicheren Betrieb auf dem Wasser.","robots":{"index":"index","follow":"follow","max-snippet":"max-snippet:-1","max-image-preview":"max-image-preview:large","max-video-preview":"max-video-preview:-1"},"canonical":"https:\/\/thesuperyachtinflatables.com\/de\/produkt\/ballast\/","og_locale":"de_DE","og_type":"article","og_title":"Ballast-Set f\u00fcr Yachtpools | Anti-Quallen-Zubeh\u00f6r","og_description":"Ballast f\u00fcr aufblasbare Yacht-Pools und Docks \u2013 f\u00fcr optimale Stabilit\u00e4t und sicheren Betrieb auf dem Wasser.","og_url":"https:\/\/thesuperyachtinflatables.com\/de\/produkt\/ballast\/","og_site_name":"Superyacht Inflatables","article_modified_time":"2026-03-21T11:22:21+00:00","og_image":[{"width":800,"height":533,"url":"https:\/\/thesuperyachtinflatables.com\/wp-content\/uploads\/2024\/12\/ballast-yacht-pool.webp","type":"image\/webp"}],"twitter_card":"summary_large_image","twitter_misc":{"Preis":"48,00&nbsp;\u20ac","Verf\u00fcgbarkeit":"Auf Lager"},"schema":{"@context":"https:\/\/schema.org","@graph":[{"@type":"WebPage","@id":"https:\/\/thesuperyachtinflatables.com\/de\/produkt\/ballast\/","url":"https:\/\/thesuperyachtinflatables.com\/de\/produkt\/ballast\/","name":"Ballast-Set f\u00fcr Yachtpools | Anti-Quallen-Zubeh\u00f6r","isPartOf":{"@id":"https:\/\/thesuperyachtinflatables.com\/de\/#website"},"primaryImageOfPage":{"@id":"https:\/\/thesuperyachtinflatables.com\/de\/produkt\/ballast\/#primaryimage"},"image":{"@id":"https:\/\/thesuperyachtinflatables.com\/de\/produkt\/ballast\/#primaryimage"},"thumbnailUrl":"https:\/\/thesuperyachtinflatables.com\/wp-content\/uploads\/2024\/12\/ballast-yacht-pool.webp","datePublished":"2023-01-01T10:31:54+00:00","dateModified":"2026-03-21T11:22:21+00:00","description":"Ballast f\u00fcr aufblasbare Yacht-Pools und Docks \u2013 f\u00fcr optimale Stabilit\u00e4t und sicheren Betrieb auf dem Wasser.","breadcrumb":{"@id":"https:\/\/thesuperyachtinflatables.com\/de\/produkt\/ballast\/#breadcrumb"},"inLanguage":"de","potentialAction":[{"@type":"ReadAction","target":["https:\/\/thesuperyachtinflatables.com\/de\/produkt\/ballast\/"]}]},{"@type":"ImageObject","inLanguage":"de","@id":"https:\/\/thesuperyachtinflatables.com\/de\/produkt\/ballast\/#primaryimage","url":"https:\/\/thesuperyachtinflatables.com\/wp-content\/uploads\/2024\/12\/ballast-yacht-pool.webp","contentUrl":"https:\/\/thesuperyachtinflatables.com\/wp-content\/uploads\/2024\/12\/ballast-yacht-pool.webp","width":800,"height":533,"caption":"ballast-yacht-pool"},{"@type":"BreadcrumbList","@id":"https:\/\/thesuperyachtinflatables.com\/de\/produkt\/ballast\/#breadcrumb","itemListElement":[{"@type":"ListItem","position":1,"name":"Startseite","item":"https:\/\/thesuperyachtinflatables.com\/de\/superyacht-inflatables\/"},{"@type":"ListItem","position":2,"name":"Shop","item":"https:\/\/thesuperyachtinflatables.com\/shop\/"},{"@type":"ListItem","position":3,"name":"Ballast"}]},{"@type":"WebSite","@id":"https:\/\/thesuperyachtinflatables.com\/de\/#website","url":"https:\/\/thesuperyachtinflatables.com\/de\/","name":"Superyacht Inflatables","description":"Yacht Inflatable Toys, Pools, Slides &amp; Docks","publisher":{"@id":"https:\/\/thesuperyachtinflatables.com\/de\/#organization"},"potentialAction":[{"@type":"SearchAction","target":{"@type":"EntryPoint","urlTemplate":"https:\/\/thesuperyachtinflatables.com\/de\/?s={search_term_string}"},"query-input":{"@type":"PropertyValueSpecification","valueRequired":true,"valueName":"search_term_string"}}],"inLanguage":"de"},{"@type":"Organization","@id":"https:\/\/thesuperyachtinflatables.com\/de\/#organization","name":"Superyacht Inflatables","url":"https:\/\/thesuperyachtinflatables.com\/de\/","logo":{"@type":"ImageObject","inLanguage":"de","@id":"https:\/\/thesuperyachtinflatables.com\/de\/#\/schema\/logo\/image\/","url":"https:\/\/thesuperyachtinflatables.com\/wp-content\/uploads\/2023\/01\/logo-footer.webp","contentUrl":"https:\/\/thesuperyachtinflatables.com\/wp-content\/uploads\/2023\/01\/logo-footer.webp","width":1920,"height":1080,"caption":"Superyacht Inflatables"},"image":{"@id":"https:\/\/thesuperyachtinflatables.com\/de\/#\/schema\/logo\/image\/"}}]},"product_price_amount":"48.00","product_price_currency":"EUR","og_availability":"instock","product_availability":"instock","product_condition":"new"},"_links":{"self":[{"href":"https:\/\/thesuperyachtinflatables.com\/de\/wp-json\/wp\/v2\/product\/13464","targetHints":{"allow":["GET"]}}],"collection":[{"href":"https:\/\/thesuperyachtinflatables.com\/de\/wp-json\/wp\/v2\/product"}],"about":[{"href":"https:\/\/thesuperyachtinflatables.com\/de\/wp-json\/wp\/v2\/types\/product"}],"replies":[{"embeddable":true,"href":"https:\/\/thesuperyachtinflatables.com\/de\/wp-json\/wp\/v2\/comments?post=13464"}],"version-history":[{"count":9,"href":"https:\/\/thesuperyachtinflatables.com\/de\/wp-json\/wp\/v2\/product\/13464\/revisions"}],"predecessor-version":[{"id":20243,"href":"https:\/\/thesuperyachtinflatables.com\/de\/wp-json\/wp\/v2\/product\/13464\/revisions\/20243"}],"wp:featuredmedia":[{"embeddable":true,"href":"https:\/\/thesuperyachtinflatables.com\/de\/wp-json\/wp\/v2\/media\/12619"}],"wp:attachment":[{"href":"https:\/\/thesuperyachtinflatables.com\/de\/wp-json\/wp\/v2\/media?parent=13464"}],"wp:term":[{"taxonomy":"product_brand","embeddable":true,"href":"https:\/\/thesuperyachtinflatables.com\/de\/wp-json\/wp\/v2\/product_brand?post=13464"},{"taxonomy":"product_cat","embeddable":true,"href":"https:\/\/thesuperyachtinflatables.com\/de\/wp-json\/wp\/v2\/product_cat?post=13464"},{"taxonomy":"product_tag","embeddable":true,"href":"https:\/\/thesuperyachtinflatables.com\/de\/wp-json\/wp\/v2\/product_tag?post=13464"}],"curies":[{"name":"wp","href":"https:\/\/api.w.org\/{rel}","templated":true}]}}