{"id":21189,"date":"2026-03-23T11:37:33","date_gmt":"2026-03-23T10:37:33","guid":{"rendered":"https:\/\/thesuperyachtinflatables.com\/product\/ocean-club-schwimmende-beach-zone\/"},"modified":"2026-03-27T19:51:49","modified_gmt":"2026-03-27T18:51:49","slug":"ocean-club-schwimmende-beach-zone","status":"publish","type":"product","link":"https:\/\/thesuperyachtinflatables.com\/de\/produkt\/ocean-club-schwimmende-beach-zone\/","title":{"rendered":"Ocean Club \u2013 Schwimmende Beach-Zone"},"content":{"rendered":"<p>Der <strong>Ocean Club<\/strong> ist die ultimative schwimmende Beach-Zone f\u00fcr Superjachten \u2013 konzipiert f\u00fcr G\u00e4ste, die das Au\u00dfergew\u00f6hnliche suchen. Diese exklusive aufblasbare Plattform verwandelt das offene Meer in einen luxuri\u00f6sen Strandclub direkt neben Ihrer Jacht.<\/p>\n<p>Gefertigt aus hochwertigem marinem PVC, widersteht der Ocean Club den h\u00e4rtesten Seebedingungen, ohne dabei an Stil einzub\u00fc\u00dfen. Die gro\u00dfz\u00fcgige Fl\u00e4che bietet Platz f\u00fcr Liegest\u00fchle, Loungebereiche und Wassersportaktivit\u00e4ten aller Art.<\/p>\n<p>Das modulare Design erm\u00f6glicht eine individuelle Anpassung mit Ihrem Branding, Firmenlogos oder pers\u00f6nlichen Farbkombinationen \u2013 ideal f\u00fcr Charter-Gesellschaften und Privatjachten gleicherma\u00dfen. Einfache Installation, schnelle Aufblaszeit und kompakte Lagerung machen den Ocean Club zum unverzichtbaren Begleiter auf See.<\/p>\n<p>Erleben Sie Strand-Luxus auf h\u00f6chstem Niveau \u2013 mitten im Meer, direkt von Ihrer Superjacht aus.<\/p>\n","protected":false},"excerpt":{"rendered":"<p>The Ocean Beach Club is a modular, luxury floating oasis featuring premium teak-style decking and a central sea pool. This high-tech PVC system divides into lightweight sections for easy single-person handling and compact storage. With dual-valve rapid inflation, it\u2019s the ultimate customizable, stable, and sophisticated escape for any superyacht.<\/p>\n<p>Set is 6 x 6.5m<\/p>\n<p>Shipping included to Spain, France &amp; Italy<\/p>\n","protected":false},"featured_media":21534,"comment_status":"open","ping_status":"closed","template":"","meta":{"_acf_changed":false},"product_brand":[],"product_cat":[491],"product_tag":[],"class_list":{"0":"post-21189","1":"product","2":"type-product","3":"status-publish","4":"has-post-thumbnail","6":"product_cat-beach-club-de","8":"first","9":"instock","10":"taxable","11":"shipping-taxable","12":"purchasable","13":"product-type-simple"},"acf":[],"yoast_head":"<!-- This site is optimized with the Yoast SEO plugin v27.2 - https:\/\/yoast.com\/product\/yoast-seo-wordpress\/ -->\n<title>Ocean Club Schwimmende Strandzone | SYI<\/title>\n<meta name=\"description\" content=\"Ocean Club: die luxuri\u00f6se schwimmende Beach-Zone f\u00fcr Superjachten. Marines PVC, individuelles Branding, modulares Design. Strandclub-Feeling auf See.\" \/>\n<meta name=\"robots\" content=\"index, follow, max-snippet:-1, max-image-preview:large, max-video-preview:-1\" \/>\n<link rel=\"canonical\" href=\"https:\/\/thesuperyachtinflatables.com\/de\/produkt\/ocean-club-schwimmende-beach-zone\/\" \/>\n<meta property=\"og:locale\" content=\"de_DE\" \/>\n<meta property=\"og:type\" content=\"article\" \/>\n<meta property=\"og:title\" content=\"Ocean Club Schwimmende Strandzone | SYI\" \/>\n<meta property=\"og:description\" content=\"Ocean Club: die luxuri\u00f6se schwimmende Beach-Zone f\u00fcr Superjachten. Marines PVC, individuelles Branding, modulares Design. Strandclub-Feeling auf See.\" \/>\n<meta property=\"og:url\" content=\"https:\/\/thesuperyachtinflatables.com\/de\/produkt\/ocean-club-schwimmende-beach-zone\/\" \/>\n<meta property=\"og:site_name\" content=\"Superyacht Inflatables\" \/>\n<meta property=\"article:modified_time\" content=\"2026-03-27T18:51:49+00:00\" \/>\n<meta name=\"twitter:card\" content=\"summary_large_image\" \/>\n<meta name=\"twitter:label1\" content=\"Preis\" \/>\n\t<meta name=\"twitter:data1\" content=\"16.990,00&nbsp;\u20ac\" \/>\n\t<meta name=\"twitter:label2\" content=\"Verf\u00fcgbarkeit\" \/>\n\t<meta name=\"twitter:data2\" content=\"Auf Lager\" \/>\n<script type=\"application\/ld+json\" class=\"yoast-schema-graph\">{\"@context\":\"https:\/\/schema.org\",\"@graph\":[{\"@type\":\"WebPage\",\"@id\":\"https:\/\/thesuperyachtinflatables.com\/de\/produkt\/ocean-club-schwimmende-beach-zone\/\",\"url\":\"https:\/\/thesuperyachtinflatables.com\/de\/produkt\/ocean-club-schwimmende-beach-zone\/\",\"name\":\"Ocean Club Schwimmende Strandzone | SYI\",\"isPartOf\":{\"@id\":\"https:\/\/thesuperyachtinflatables.com\/de\/#website\"},\"primaryImageOfPage\":{\"@id\":\"https:\/\/thesuperyachtinflatables.com\/de\/produkt\/ocean-club-schwimmende-beach-zone\/#primaryimage\"},\"image\":{\"@id\":\"https:\/\/thesuperyachtinflatables.com\/de\/produkt\/ocean-club-schwimmende-beach-zone\/#primaryimage\"},\"thumbnailUrl\":\"https:\/\/thesuperyachtinflatables.com\/wp-content\/uploads\/2026\/03\/ocean-inflatable-beach-club.webp\",\"datePublished\":\"2026-03-23T10:37:33+00:00\",\"dateModified\":\"2026-03-27T18:51:49+00:00\",\"description\":\"Ocean Club: die luxuri\u00f6se schwimmende Beach-Zone f\u00fcr Superjachten. Marines PVC, individuelles Branding, modulares Design. Strandclub-Feeling auf See.\",\"breadcrumb\":{\"@id\":\"https:\/\/thesuperyachtinflatables.com\/de\/produkt\/ocean-club-schwimmende-beach-zone\/#breadcrumb\"},\"inLanguage\":\"de\",\"potentialAction\":[{\"@type\":\"ReadAction\",\"target\":[\"https:\/\/thesuperyachtinflatables.com\/de\/produkt\/ocean-club-schwimmende-beach-zone\/\"]}]},{\"@type\":\"ImageObject\",\"inLanguage\":\"de\",\"@id\":\"https:\/\/thesuperyachtinflatables.com\/de\/produkt\/ocean-club-schwimmende-beach-zone\/#primaryimage\",\"url\":\"https:\/\/thesuperyachtinflatables.com\/wp-content\/uploads\/2026\/03\/ocean-inflatable-beach-club.webp\",\"contentUrl\":\"https:\/\/thesuperyachtinflatables.com\/wp-content\/uploads\/2026\/03\/ocean-inflatable-beach-club.webp\",\"width\":1000,\"height\":1000},{\"@type\":\"BreadcrumbList\",\"@id\":\"https:\/\/thesuperyachtinflatables.com\/de\/produkt\/ocean-club-schwimmende-beach-zone\/#breadcrumb\",\"itemListElement\":[{\"@type\":\"ListItem\",\"position\":1,\"name\":\"Startseite\",\"item\":\"https:\/\/thesuperyachtinflatables.com\/de\/superyacht-inflatables\/\"},{\"@type\":\"ListItem\",\"position\":2,\"name\":\"Shop\",\"item\":\"https:\/\/thesuperyachtinflatables.com\/shop\/\"},{\"@type\":\"ListItem\",\"position\":3,\"name\":\"Ocean Club \u2013 Schwimmende Beach-Zone\"}]},{\"@type\":\"WebSite\",\"@id\":\"https:\/\/thesuperyachtinflatables.com\/de\/#website\",\"url\":\"https:\/\/thesuperyachtinflatables.com\/de\/\",\"name\":\"Superyacht Inflatables\",\"description\":\"Yacht Inflatable Toys, Pools, Slides &amp; Docks\",\"publisher\":{\"@id\":\"https:\/\/thesuperyachtinflatables.com\/de\/#organization\"},\"potentialAction\":[{\"@type\":\"SearchAction\",\"target\":{\"@type\":\"EntryPoint\",\"urlTemplate\":\"https:\/\/thesuperyachtinflatables.com\/de\/?s={search_term_string}\"},\"query-input\":{\"@type\":\"PropertyValueSpecification\",\"valueRequired\":true,\"valueName\":\"search_term_string\"}}],\"inLanguage\":\"de\"},{\"@type\":\"Organization\",\"@id\":\"https:\/\/thesuperyachtinflatables.com\/de\/#organization\",\"name\":\"Superyacht Inflatables\",\"url\":\"https:\/\/thesuperyachtinflatables.com\/de\/\",\"logo\":{\"@type\":\"ImageObject\",\"inLanguage\":\"de\",\"@id\":\"https:\/\/thesuperyachtinflatables.com\/de\/#\/schema\/logo\/image\/\",\"url\":\"https:\/\/thesuperyachtinflatables.com\/wp-content\/uploads\/2023\/01\/logo-footer.webp\",\"contentUrl\":\"https:\/\/thesuperyachtinflatables.com\/wp-content\/uploads\/2023\/01\/logo-footer.webp\",\"width\":1920,\"height\":1080,\"caption\":\"Superyacht Inflatables\"},\"image\":{\"@id\":\"https:\/\/thesuperyachtinflatables.com\/de\/#\/schema\/logo\/image\/\"}}]}<\/script>\n<meta property=\"product:price:amount\" content=\"16990.00\" \/>\n<meta property=\"product:price:currency\" content=\"EUR\" \/>\n<meta property=\"og:availability\" content=\"instock\" \/>\n<meta property=\"product:availability\" content=\"instock\" \/>\n<meta property=\"product:condition\" content=\"new\" \/>\n<!-- \/ Yoast SEO plugin. -->","yoast_head_json":{"title":"Ocean Club Schwimmende Strandzone | SYI","description":"Ocean Club: die luxuri\u00f6se schwimmende Beach-Zone f\u00fcr Superjachten. Marines PVC, individuelles Branding, modulares Design. Strandclub-Feeling auf See.","robots":{"index":"index","follow":"follow","max-snippet":"max-snippet:-1","max-image-preview":"max-image-preview:large","max-video-preview":"max-video-preview:-1"},"canonical":"https:\/\/thesuperyachtinflatables.com\/de\/produkt\/ocean-club-schwimmende-beach-zone\/","og_locale":"de_DE","og_type":"article","og_title":"Ocean Club Schwimmende Strandzone | SYI","og_description":"Ocean Club: die luxuri\u00f6se schwimmende Beach-Zone f\u00fcr Superjachten. Marines PVC, individuelles Branding, modulares Design. Strandclub-Feeling auf See.","og_url":"https:\/\/thesuperyachtinflatables.com\/de\/produkt\/ocean-club-schwimmende-beach-zone\/","og_site_name":"Superyacht Inflatables","article_modified_time":"2026-03-27T18:51:49+00:00","twitter_card":"summary_large_image","twitter_misc":{"Preis":"16.990,00&nbsp;\u20ac","Verf\u00fcgbarkeit":"Auf Lager"},"schema":{"@context":"https:\/\/schema.org","@graph":[{"@type":"WebPage","@id":"https:\/\/thesuperyachtinflatables.com\/de\/produkt\/ocean-club-schwimmende-beach-zone\/","url":"https:\/\/thesuperyachtinflatables.com\/de\/produkt\/ocean-club-schwimmende-beach-zone\/","name":"Ocean Club Schwimmende Strandzone | SYI","isPartOf":{"@id":"https:\/\/thesuperyachtinflatables.com\/de\/#website"},"primaryImageOfPage":{"@id":"https:\/\/thesuperyachtinflatables.com\/de\/produkt\/ocean-club-schwimmende-beach-zone\/#primaryimage"},"image":{"@id":"https:\/\/thesuperyachtinflatables.com\/de\/produkt\/ocean-club-schwimmende-beach-zone\/#primaryimage"},"thumbnailUrl":"https:\/\/thesuperyachtinflatables.com\/wp-content\/uploads\/2026\/03\/ocean-inflatable-beach-club.webp","datePublished":"2026-03-23T10:37:33+00:00","dateModified":"2026-03-27T18:51:49+00:00","description":"Ocean Club: die luxuri\u00f6se schwimmende Beach-Zone f\u00fcr Superjachten. Marines PVC, individuelles Branding, modulares Design. Strandclub-Feeling auf See.","breadcrumb":{"@id":"https:\/\/thesuperyachtinflatables.com\/de\/produkt\/ocean-club-schwimmende-beach-zone\/#breadcrumb"},"inLanguage":"de","potentialAction":[{"@type":"ReadAction","target":["https:\/\/thesuperyachtinflatables.com\/de\/produkt\/ocean-club-schwimmende-beach-zone\/"]}]},{"@type":"ImageObject","inLanguage":"de","@id":"https:\/\/thesuperyachtinflatables.com\/de\/produkt\/ocean-club-schwimmende-beach-zone\/#primaryimage","url":"https:\/\/thesuperyachtinflatables.com\/wp-content\/uploads\/2026\/03\/ocean-inflatable-beach-club.webp","contentUrl":"https:\/\/thesuperyachtinflatables.com\/wp-content\/uploads\/2026\/03\/ocean-inflatable-beach-club.webp","width":1000,"height":1000},{"@type":"BreadcrumbList","@id":"https:\/\/thesuperyachtinflatables.com\/de\/produkt\/ocean-club-schwimmende-beach-zone\/#breadcrumb","itemListElement":[{"@type":"ListItem","position":1,"name":"Startseite","item":"https:\/\/thesuperyachtinflatables.com\/de\/superyacht-inflatables\/"},{"@type":"ListItem","position":2,"name":"Shop","item":"https:\/\/thesuperyachtinflatables.com\/shop\/"},{"@type":"ListItem","position":3,"name":"Ocean Club \u2013 Schwimmende Beach-Zone"}]},{"@type":"WebSite","@id":"https:\/\/thesuperyachtinflatables.com\/de\/#website","url":"https:\/\/thesuperyachtinflatables.com\/de\/","name":"Superyacht Inflatables","description":"Yacht Inflatable Toys, Pools, Slides &amp; Docks","publisher":{"@id":"https:\/\/thesuperyachtinflatables.com\/de\/#organization"},"potentialAction":[{"@type":"SearchAction","target":{"@type":"EntryPoint","urlTemplate":"https:\/\/thesuperyachtinflatables.com\/de\/?s={search_term_string}"},"query-input":{"@type":"PropertyValueSpecification","valueRequired":true,"valueName":"search_term_string"}}],"inLanguage":"de"},{"@type":"Organization","@id":"https:\/\/thesuperyachtinflatables.com\/de\/#organization","name":"Superyacht Inflatables","url":"https:\/\/thesuperyachtinflatables.com\/de\/","logo":{"@type":"ImageObject","inLanguage":"de","@id":"https:\/\/thesuperyachtinflatables.com\/de\/#\/schema\/logo\/image\/","url":"https:\/\/thesuperyachtinflatables.com\/wp-content\/uploads\/2023\/01\/logo-footer.webp","contentUrl":"https:\/\/thesuperyachtinflatables.com\/wp-content\/uploads\/2023\/01\/logo-footer.webp","width":1920,"height":1080,"caption":"Superyacht Inflatables"},"image":{"@id":"https:\/\/thesuperyachtinflatables.com\/de\/#\/schema\/logo\/image\/"}}]},"product_price_amount":"16990.00","product_price_currency":"EUR","og_availability":"instock","product_availability":"instock","product_condition":"new"},"_links":{"self":[{"href":"https:\/\/thesuperyachtinflatables.com\/de\/wp-json\/wp\/v2\/product\/21189","targetHints":{"allow":["GET"]}}],"collection":[{"href":"https:\/\/thesuperyachtinflatables.com\/de\/wp-json\/wp\/v2\/product"}],"about":[{"href":"https:\/\/thesuperyachtinflatables.com\/de\/wp-json\/wp\/v2\/types\/product"}],"replies":[{"embeddable":true,"href":"https:\/\/thesuperyachtinflatables.com\/de\/wp-json\/wp\/v2\/comments?post=21189"}],"version-history":[{"count":0,"href":"https:\/\/thesuperyachtinflatables.com\/de\/wp-json\/wp\/v2\/product\/21189\/revisions"}],"wp:featuredmedia":[{"embeddable":true,"href":"https:\/\/thesuperyachtinflatables.com\/de\/wp-json\/wp\/v2\/media\/21534"}],"wp:attachment":[{"href":"https:\/\/thesuperyachtinflatables.com\/de\/wp-json\/wp\/v2\/media?parent=21189"}],"wp:term":[{"taxonomy":"product_brand","embeddable":true,"href":"https:\/\/thesuperyachtinflatables.com\/de\/wp-json\/wp\/v2\/product_brand?post=21189"},{"taxonomy":"product_cat","embeddable":true,"href":"https:\/\/thesuperyachtinflatables.com\/de\/wp-json\/wp\/v2\/product_cat?post=21189"},{"taxonomy":"product_tag","embeddable":true,"href":"https:\/\/thesuperyachtinflatables.com\/de\/wp-json\/wp\/v2\/product_tag?post=21189"}],"curies":[{"name":"wp","href":"https:\/\/api.w.org\/{rel}","templated":true}]}}