{"id":21195,"date":"2026-03-23T13:03:58","date_gmt":"2026-03-23T12:03:58","guid":{"rendered":"https:\/\/thesuperyachtinflatables.com\/product\/wave-club-aufblasbare-beach-zone\/"},"modified":"2026-03-27T19:53:40","modified_gmt":"2026-03-27T18:53:40","slug":"wave-club-aufblasbare-beach-zone","status":"publish","type":"product","link":"https:\/\/thesuperyachtinflatables.com\/de\/produkt\/wave-club-aufblasbare-beach-zone\/","title":{"rendered":"Wave Club \u2013 Aufblasbare Beach-Zone"},"content":{"rendered":"<p>Der <strong>Wave Club<\/strong> bringt pure Energie und Dynamik auf das Wasser. Diese aufblasbare Beach-Zone f\u00fcr Superjachten wurde f\u00fcr G\u00e4ste entwickelt, die Action, Spa\u00df und Abenteuer auf See suchen. Vom Wellensurfen bis hin zu aufregenden Wasserspielen \u2013 der Wave Club bietet ein unvergessliches Erlebnis.<\/p>\n<p>Gefertigt aus robustem marinen PVC h\u00f6chster Qualit\u00e4t, ist der Wave Club f\u00fcr intensive Nutzung im Salzwasser konzipiert. Die lebendige, energiegeladene Gestaltung l\u00e4dt zum aktiven Mitmachen ein und schafft eine einzigartige Atmosph\u00e4re neben Ihrer Jacht.<\/p>\n<p>Dank des flexiblen Branding-Systems l\u00e4sst sich der Wave Club mit Ihrem Firmenlogo, individuellen Farben oder Charternamen personalisieren \u2013 perfekt f\u00fcr professionelle Charter-Unternehmen und private Jachtbesitzer. Schnelle Montage, einfache Handhabung und kompakte Verstaubarkeit machen ihn zum idealen Wasserspielplatz f\u00fcr jede Reise.<\/p>\n<p>Tauchen Sie ein in die Welt des aufblasbaren Strandclub-Spa\u00dfes auf See.<\/p>\n","protected":false},"excerpt":{"rendered":"<p>A modular luxury floating oasis, the Wave Beach Club features teak-style decking, Toy Dock area and a sea pool. Its lightweight, high-tech PVC sections allow easy solo handling and compact storage, while rapid inflation ensures a stable, customizable, and refined superyacht escape.<\/p>\n<p>Set is 8 x 9m<\/p>\n<p>Shipping included to Spain, France &amp; Italy<\/p>\n","protected":false},"featured_media":21529,"comment_status":"open","ping_status":"closed","template":"","meta":{"_acf_changed":false},"product_brand":[],"product_cat":[491],"product_tag":[],"class_list":{"0":"post-21195","1":"product","2":"type-product","3":"status-publish","4":"has-post-thumbnail","6":"product_cat-beach-club-de","8":"first","9":"instock","10":"taxable","11":"shipping-taxable","12":"purchasable","13":"product-type-simple"},"acf":[],"yoast_head":"<!-- This site is optimized with the Yoast SEO plugin v27.2 - https:\/\/yoast.com\/product\/yoast-seo-wordpress\/ -->\n<title>Wave Club \u2013 Aufblasbare Beach-Zone f\u00fcr Superjachten<\/title>\n<meta name=\"description\" content=\"Wave Club: dynamische aufblasbare Beach-Zone f\u00fcr Superjachten. Marines PVC, individuelles Branding, energiegeladene Atmosph\u00e4re. Action auf See.\" \/>\n<meta name=\"robots\" content=\"index, follow, max-snippet:-1, max-image-preview:large, max-video-preview:-1\" \/>\n<link rel=\"canonical\" href=\"https:\/\/thesuperyachtinflatables.com\/de\/produkt\/wave-club-aufblasbare-beach-zone\/\" \/>\n<meta property=\"og:locale\" content=\"de_DE\" \/>\n<meta property=\"og:type\" content=\"article\" \/>\n<meta property=\"og:title\" content=\"Wave Club \u2013 Aufblasbare Beach-Zone f\u00fcr Superjachten\" \/>\n<meta property=\"og:description\" content=\"Wave Club: dynamische aufblasbare Beach-Zone f\u00fcr Superjachten. Marines PVC, individuelles Branding, energiegeladene Atmosph\u00e4re. Action auf See.\" \/>\n<meta property=\"og:url\" content=\"https:\/\/thesuperyachtinflatables.com\/de\/produkt\/wave-club-aufblasbare-beach-zone\/\" \/>\n<meta property=\"og:site_name\" content=\"Superyacht Inflatables\" \/>\n<meta property=\"article:modified_time\" content=\"2026-03-27T18:53:40+00:00\" \/>\n<meta property=\"og:image\" content=\"https:\/\/thesuperyachtinflatables.com\/wp-content\/uploads\/2026\/03\/wave-club.webp\" \/>\n\t<meta property=\"og:image:width\" content=\"1000\" \/>\n\t<meta property=\"og:image:height\" content=\"1000\" \/>\n\t<meta property=\"og:image:type\" content=\"image\/webp\" \/>\n<meta name=\"twitter:card\" content=\"summary_large_image\" \/>\n<meta name=\"twitter:label1\" content=\"Preis\" \/>\n\t<meta name=\"twitter:data1\" content=\"22.466,00&nbsp;\u20ac\" \/>\n\t<meta name=\"twitter:label2\" content=\"Verf\u00fcgbarkeit\" \/>\n\t<meta name=\"twitter:data2\" content=\"Auf Lager\" \/>\n<script type=\"application\/ld+json\" class=\"yoast-schema-graph\">{\"@context\":\"https:\/\/schema.org\",\"@graph\":[{\"@type\":\"WebPage\",\"@id\":\"https:\/\/thesuperyachtinflatables.com\/de\/produkt\/wave-club-aufblasbare-beach-zone\/\",\"url\":\"https:\/\/thesuperyachtinflatables.com\/de\/produkt\/wave-club-aufblasbare-beach-zone\/\",\"name\":\"Wave Club \u2013 Aufblasbare Beach-Zone f\u00fcr Superjachten\",\"isPartOf\":{\"@id\":\"https:\/\/thesuperyachtinflatables.com\/de\/#website\"},\"primaryImageOfPage\":{\"@id\":\"https:\/\/thesuperyachtinflatables.com\/de\/produkt\/wave-club-aufblasbare-beach-zone\/#primaryimage\"},\"image\":{\"@id\":\"https:\/\/thesuperyachtinflatables.com\/de\/produkt\/wave-club-aufblasbare-beach-zone\/#primaryimage\"},\"thumbnailUrl\":\"https:\/\/thesuperyachtinflatables.com\/wp-content\/uploads\/2026\/03\/wave-club.webp\",\"datePublished\":\"2026-03-23T12:03:58+00:00\",\"dateModified\":\"2026-03-27T18:53:40+00:00\",\"description\":\"Wave Club: dynamische aufblasbare Beach-Zone f\u00fcr Superjachten. Marines PVC, individuelles Branding, energiegeladene Atmosph\u00e4re. Action auf See.\",\"breadcrumb\":{\"@id\":\"https:\/\/thesuperyachtinflatables.com\/de\/produkt\/wave-club-aufblasbare-beach-zone\/#breadcrumb\"},\"inLanguage\":\"de\",\"potentialAction\":[{\"@type\":\"ReadAction\",\"target\":[\"https:\/\/thesuperyachtinflatables.com\/de\/produkt\/wave-club-aufblasbare-beach-zone\/\"]}]},{\"@type\":\"ImageObject\",\"inLanguage\":\"de\",\"@id\":\"https:\/\/thesuperyachtinflatables.com\/de\/produkt\/wave-club-aufblasbare-beach-zone\/#primaryimage\",\"url\":\"https:\/\/thesuperyachtinflatables.com\/wp-content\/uploads\/2026\/03\/wave-club.webp\",\"contentUrl\":\"https:\/\/thesuperyachtinflatables.com\/wp-content\/uploads\/2026\/03\/wave-club.webp\",\"width\":1000,\"height\":1000},{\"@type\":\"BreadcrumbList\",\"@id\":\"https:\/\/thesuperyachtinflatables.com\/de\/produkt\/wave-club-aufblasbare-beach-zone\/#breadcrumb\",\"itemListElement\":[{\"@type\":\"ListItem\",\"position\":1,\"name\":\"Startseite\",\"item\":\"https:\/\/thesuperyachtinflatables.com\/de\/superyacht-inflatables\/\"},{\"@type\":\"ListItem\",\"position\":2,\"name\":\"Shop\",\"item\":\"https:\/\/thesuperyachtinflatables.com\/shop\/\"},{\"@type\":\"ListItem\",\"position\":3,\"name\":\"Wave Club \u2013 Aufblasbare Beach-Zone\"}]},{\"@type\":\"WebSite\",\"@id\":\"https:\/\/thesuperyachtinflatables.com\/de\/#website\",\"url\":\"https:\/\/thesuperyachtinflatables.com\/de\/\",\"name\":\"Superyacht Inflatables\",\"description\":\"Yacht Inflatable Toys, Pools, Slides &amp; Docks\",\"publisher\":{\"@id\":\"https:\/\/thesuperyachtinflatables.com\/de\/#organization\"},\"potentialAction\":[{\"@type\":\"SearchAction\",\"target\":{\"@type\":\"EntryPoint\",\"urlTemplate\":\"https:\/\/thesuperyachtinflatables.com\/de\/?s={search_term_string}\"},\"query-input\":{\"@type\":\"PropertyValueSpecification\",\"valueRequired\":true,\"valueName\":\"search_term_string\"}}],\"inLanguage\":\"de\"},{\"@type\":\"Organization\",\"@id\":\"https:\/\/thesuperyachtinflatables.com\/de\/#organization\",\"name\":\"Superyacht Inflatables\",\"url\":\"https:\/\/thesuperyachtinflatables.com\/de\/\",\"logo\":{\"@type\":\"ImageObject\",\"inLanguage\":\"de\",\"@id\":\"https:\/\/thesuperyachtinflatables.com\/de\/#\/schema\/logo\/image\/\",\"url\":\"https:\/\/thesuperyachtinflatables.com\/wp-content\/uploads\/2023\/01\/logo-footer.webp\",\"contentUrl\":\"https:\/\/thesuperyachtinflatables.com\/wp-content\/uploads\/2023\/01\/logo-footer.webp\",\"width\":1920,\"height\":1080,\"caption\":\"Superyacht Inflatables\"},\"image\":{\"@id\":\"https:\/\/thesuperyachtinflatables.com\/de\/#\/schema\/logo\/image\/\"}}]}<\/script>\n<meta property=\"product:price:amount\" content=\"22466.00\" \/>\n<meta property=\"product:price:currency\" content=\"EUR\" \/>\n<meta property=\"og:availability\" content=\"instock\" \/>\n<meta property=\"product:availability\" content=\"instock\" \/>\n<meta property=\"product:condition\" content=\"new\" \/>\n<!-- \/ Yoast SEO plugin. -->","yoast_head_json":{"title":"Wave Club \u2013 Aufblasbare Beach-Zone f\u00fcr Superjachten","description":"Wave Club: dynamische aufblasbare Beach-Zone f\u00fcr Superjachten. Marines PVC, individuelles Branding, energiegeladene Atmosph\u00e4re. Action auf See.","robots":{"index":"index","follow":"follow","max-snippet":"max-snippet:-1","max-image-preview":"max-image-preview:large","max-video-preview":"max-video-preview:-1"},"canonical":"https:\/\/thesuperyachtinflatables.com\/de\/produkt\/wave-club-aufblasbare-beach-zone\/","og_locale":"de_DE","og_type":"article","og_title":"Wave Club \u2013 Aufblasbare Beach-Zone f\u00fcr Superjachten","og_description":"Wave Club: dynamische aufblasbare Beach-Zone f\u00fcr Superjachten. Marines PVC, individuelles Branding, energiegeladene Atmosph\u00e4re. Action auf See.","og_url":"https:\/\/thesuperyachtinflatables.com\/de\/produkt\/wave-club-aufblasbare-beach-zone\/","og_site_name":"Superyacht Inflatables","article_modified_time":"2026-03-27T18:53:40+00:00","og_image":[{"width":1000,"height":1000,"url":"https:\/\/thesuperyachtinflatables.com\/wp-content\/uploads\/2026\/03\/wave-club.webp","type":"image\/webp"}],"twitter_card":"summary_large_image","twitter_misc":{"Preis":"22.466,00&nbsp;\u20ac","Verf\u00fcgbarkeit":"Auf Lager"},"schema":{"@context":"https:\/\/schema.org","@graph":[{"@type":"WebPage","@id":"https:\/\/thesuperyachtinflatables.com\/de\/produkt\/wave-club-aufblasbare-beach-zone\/","url":"https:\/\/thesuperyachtinflatables.com\/de\/produkt\/wave-club-aufblasbare-beach-zone\/","name":"Wave Club \u2013 Aufblasbare Beach-Zone f\u00fcr Superjachten","isPartOf":{"@id":"https:\/\/thesuperyachtinflatables.com\/de\/#website"},"primaryImageOfPage":{"@id":"https:\/\/thesuperyachtinflatables.com\/de\/produkt\/wave-club-aufblasbare-beach-zone\/#primaryimage"},"image":{"@id":"https:\/\/thesuperyachtinflatables.com\/de\/produkt\/wave-club-aufblasbare-beach-zone\/#primaryimage"},"thumbnailUrl":"https:\/\/thesuperyachtinflatables.com\/wp-content\/uploads\/2026\/03\/wave-club.webp","datePublished":"2026-03-23T12:03:58+00:00","dateModified":"2026-03-27T18:53:40+00:00","description":"Wave Club: dynamische aufblasbare Beach-Zone f\u00fcr Superjachten. Marines PVC, individuelles Branding, energiegeladene Atmosph\u00e4re. Action auf See.","breadcrumb":{"@id":"https:\/\/thesuperyachtinflatables.com\/de\/produkt\/wave-club-aufblasbare-beach-zone\/#breadcrumb"},"inLanguage":"de","potentialAction":[{"@type":"ReadAction","target":["https:\/\/thesuperyachtinflatables.com\/de\/produkt\/wave-club-aufblasbare-beach-zone\/"]}]},{"@type":"ImageObject","inLanguage":"de","@id":"https:\/\/thesuperyachtinflatables.com\/de\/produkt\/wave-club-aufblasbare-beach-zone\/#primaryimage","url":"https:\/\/thesuperyachtinflatables.com\/wp-content\/uploads\/2026\/03\/wave-club.webp","contentUrl":"https:\/\/thesuperyachtinflatables.com\/wp-content\/uploads\/2026\/03\/wave-club.webp","width":1000,"height":1000},{"@type":"BreadcrumbList","@id":"https:\/\/thesuperyachtinflatables.com\/de\/produkt\/wave-club-aufblasbare-beach-zone\/#breadcrumb","itemListElement":[{"@type":"ListItem","position":1,"name":"Startseite","item":"https:\/\/thesuperyachtinflatables.com\/de\/superyacht-inflatables\/"},{"@type":"ListItem","position":2,"name":"Shop","item":"https:\/\/thesuperyachtinflatables.com\/shop\/"},{"@type":"ListItem","position":3,"name":"Wave Club \u2013 Aufblasbare Beach-Zone"}]},{"@type":"WebSite","@id":"https:\/\/thesuperyachtinflatables.com\/de\/#website","url":"https:\/\/thesuperyachtinflatables.com\/de\/","name":"Superyacht Inflatables","description":"Yacht Inflatable Toys, Pools, Slides &amp; Docks","publisher":{"@id":"https:\/\/thesuperyachtinflatables.com\/de\/#organization"},"potentialAction":[{"@type":"SearchAction","target":{"@type":"EntryPoint","urlTemplate":"https:\/\/thesuperyachtinflatables.com\/de\/?s={search_term_string}"},"query-input":{"@type":"PropertyValueSpecification","valueRequired":true,"valueName":"search_term_string"}}],"inLanguage":"de"},{"@type":"Organization","@id":"https:\/\/thesuperyachtinflatables.com\/de\/#organization","name":"Superyacht Inflatables","url":"https:\/\/thesuperyachtinflatables.com\/de\/","logo":{"@type":"ImageObject","inLanguage":"de","@id":"https:\/\/thesuperyachtinflatables.com\/de\/#\/schema\/logo\/image\/","url":"https:\/\/thesuperyachtinflatables.com\/wp-content\/uploads\/2023\/01\/logo-footer.webp","contentUrl":"https:\/\/thesuperyachtinflatables.com\/wp-content\/uploads\/2023\/01\/logo-footer.webp","width":1920,"height":1080,"caption":"Superyacht Inflatables"},"image":{"@id":"https:\/\/thesuperyachtinflatables.com\/de\/#\/schema\/logo\/image\/"}}]},"product_price_amount":"22466.00","product_price_currency":"EUR","og_availability":"instock","product_availability":"instock","product_condition":"new"},"_links":{"self":[{"href":"https:\/\/thesuperyachtinflatables.com\/de\/wp-json\/wp\/v2\/product\/21195","targetHints":{"allow":["GET"]}}],"collection":[{"href":"https:\/\/thesuperyachtinflatables.com\/de\/wp-json\/wp\/v2\/product"}],"about":[{"href":"https:\/\/thesuperyachtinflatables.com\/de\/wp-json\/wp\/v2\/types\/product"}],"replies":[{"embeddable":true,"href":"https:\/\/thesuperyachtinflatables.com\/de\/wp-json\/wp\/v2\/comments?post=21195"}],"version-history":[{"count":0,"href":"https:\/\/thesuperyachtinflatables.com\/de\/wp-json\/wp\/v2\/product\/21195\/revisions"}],"wp:featuredmedia":[{"embeddable":true,"href":"https:\/\/thesuperyachtinflatables.com\/de\/wp-json\/wp\/v2\/media\/21529"}],"wp:attachment":[{"href":"https:\/\/thesuperyachtinflatables.com\/de\/wp-json\/wp\/v2\/media?parent=21195"}],"wp:term":[{"taxonomy":"product_brand","embeddable":true,"href":"https:\/\/thesuperyachtinflatables.com\/de\/wp-json\/wp\/v2\/product_brand?post=21195"},{"taxonomy":"product_cat","embeddable":true,"href":"https:\/\/thesuperyachtinflatables.com\/de\/wp-json\/wp\/v2\/product_cat?post=21195"},{"taxonomy":"product_tag","embeddable":true,"href":"https:\/\/thesuperyachtinflatables.com\/de\/wp-json\/wp\/v2\/product_tag?post=21195"}],"curies":[{"name":"wp","href":"https:\/\/api.w.org\/{rel}","templated":true}]}}