{"id":12268,"date":"2024-04-14T11:54:07","date_gmt":"2024-04-14T09:54:07","guid":{"rendered":"https:\/\/oceanyachtpool.com\/carrito\/"},"modified":"2026-01-02T13:58:47","modified_gmt":"2026-01-02T12:58:47","slug":"carrito","status":"publish","type":"page","link":"https:\/\/thesuperyachtinflatables.com\/es\/carrito\/","title":{"rendered":"Carrito"},"content":{"rendered":"\t\t<div data-elementor-type=\"wp-page\" data-elementor-id=\"12268\" class=\"elementor elementor-12268 elementor-11\" data-elementor-post-type=\"page\">\n\t\t\t\t<div class=\"elementor-element elementor-element-4440190 e-flex e-con-boxed e-con e-parent\" data-id=\"4440190\" data-element_type=\"container\" data-e-type=\"container\">\n\t\t\t\t\t<div class=\"e-con-inner\">\n\t\t\t\t<div class=\"elementor-element elementor-element-cce9cde elementor-widget-divider--view-line_text elementor-widget-divider--element-align-center elementor-widget elementor-widget-divider\" data-id=\"cce9cde\" data-element_type=\"widget\" data-e-type=\"widget\" data-widget_type=\"divider.default\">\n\t\t\t\t\t\t\t<div class=\"elementor-divider\">\n\t\t\t<span class=\"elementor-divider-separator\">\n\t\t\t\t\t\t\t<h1 class=\"elementor-divider__text elementor-divider__element\">\n\t\t\t\tCarrito\t\t\t\t<\/h1>\n\t\t\t\t\t\t<\/span>\n\t\t<\/div>\n\t\t\t\t\t\t<\/div>\n\t\t\t\t\t<\/div>\n\t\t\t\t<\/div>\n\t\t<div class=\"elementor-element elementor-element-3da2c9a elementor-hidden-mobile_extra elementor-hidden-mobile elementor-hidden-tablet e-flex e-con-boxed e-con e-parent\" data-id=\"3da2c9a\" data-element_type=\"container\" data-e-type=\"container\">\n\t\t\t\t\t<div class=\"e-con-inner\">\n\t\t<div class=\"elementor-element elementor-element-7831600 e-con-full e-flex e-con e-child\" data-id=\"7831600\" data-element_type=\"container\" data-e-type=\"container\">\n\t\t\t\t<div class=\"elementor-element elementor-element-ad68205 elementor-widget elementor-widget-heading\" data-id=\"ad68205\" data-element_type=\"widget\" data-e-type=\"widget\" data-widget_type=\"heading.default\">\n\t\t\t\t\t<h2 class=\"elementor-heading-title elementor-size-default\">Tambi\u00e9n te puede interesar<\/h2>\t\t\t\t<\/div>\n\t\t\t\t<\/div>\n\t\t<div class=\"elementor-element elementor-element-016c868 e-con-full elementor-hidden-mobile_extra elementor-hidden-mobile e-flex e-con e-child\" data-id=\"016c868\" data-element_type=\"container\" data-e-type=\"container\">\n\t\t\t\t<\/div>\n\t\t\t\t\t<\/div>\n\t\t\t\t<\/div>\n\t\t<div class=\"elementor-element elementor-element-479f19a elementor-hidden-widescreen elementor-hidden-desktop elementor-hidden-laptop elementor-hidden-tablet_extra e-flex e-con-boxed e-con e-parent\" data-id=\"479f19a\" data-element_type=\"container\" data-e-type=\"container\">\n\t\t\t\t\t<div class=\"e-con-inner\">\n\t\t\t\t<div class=\"elementor-element elementor-element-e8f077b elementor-widget elementor-widget-heading\" data-id=\"e8f077b\" data-element_type=\"widget\" data-e-type=\"widget\" data-widget_type=\"heading.default\">\n\t\t\t\t\t<h2 class=\"elementor-heading-title elementor-size-default\">Tambi\u00e9n te puede interesar<\/h2>\t\t\t\t<\/div>\n\t\t\t\t\t<\/div>\n\t\t\t\t<\/div>\n\t\t\t\t<\/div>\n\t\t","protected":false},"excerpt":{"rendered":"<p>Carrito Tu carrito est\u00e1 vac\u00edo. Volver a la tienda Tambi\u00e9n te puede interesar Tambi\u00e9n te puede interesar<\/p>\n","protected":false},"author":1,"featured_media":0,"parent":0,"menu_order":0,"comment_status":"closed","ping_status":"closed","template":"elementor_header_footer","meta":{"_acf_changed":false,"footnotes":""},"class_list":["post-12268","page","type-page","status-publish","hentry"],"acf":[],"yoast_head":"<!-- This site is optimized with the Yoast SEO plugin v27.2 - https:\/\/yoast.com\/product\/yoast-seo-wordpress\/ -->\n<title>Carrito - Superyacht Inflatables<\/title>\n<meta name=\"robots\" content=\"index, follow, max-snippet:-1, max-image-preview:large, max-video-preview:-1\" \/>\n<link rel=\"canonical\" href=\"https:\/\/thesuperyachtinflatables.com\/es\/carrito\/\" \/>\n<meta property=\"og:locale\" content=\"es_ES\" \/>\n<meta property=\"og:type\" content=\"article\" \/>\n<meta property=\"og:title\" content=\"Carrito - Superyacht Inflatables\" \/>\n<meta property=\"og:description\" content=\"Carrito Tu carrito est\u00e1 vac\u00edo. Volver a la tienda Tambi\u00e9n te puede interesar Tambi\u00e9n te puede interesar\" \/>\n<meta property=\"og:url\" content=\"https:\/\/thesuperyachtinflatables.com\/es\/carrito\/\" \/>\n<meta property=\"og:site_name\" content=\"Superyacht Inflatables\" \/>\n<meta property=\"article:modified_time\" content=\"2026-01-02T12:58:47+00:00\" \/>\n<meta name=\"twitter:card\" content=\"summary_large_image\" \/>\n<script type=\"application\/ld+json\" class=\"yoast-schema-graph\">{\"@context\":\"https:\/\/schema.org\",\"@graph\":[{\"@type\":\"WebPage\",\"@id\":\"https:\/\/thesuperyachtinflatables.com\/es\/carrito\/\",\"url\":\"https:\/\/thesuperyachtinflatables.com\/es\/carrito\/\",\"name\":\"Carrito - Superyacht Inflatables\",\"isPartOf\":{\"@id\":\"https:\/\/thesuperyachtinflatables.com\/es\/#website\"},\"datePublished\":\"2024-04-14T09:54:07+00:00\",\"dateModified\":\"2026-01-02T12:58:47+00:00\",\"breadcrumb\":{\"@id\":\"https:\/\/thesuperyachtinflatables.com\/es\/carrito\/#breadcrumb\"},\"inLanguage\":\"es\",\"potentialAction\":[{\"@type\":\"ReadAction\",\"target\":[\"https:\/\/thesuperyachtinflatables.com\/es\/carrito\/\"]}]},{\"@type\":\"BreadcrumbList\",\"@id\":\"https:\/\/thesuperyachtinflatables.com\/es\/carrito\/#breadcrumb\",\"itemListElement\":[{\"@type\":\"ListItem\",\"position\":1,\"name\":\"Inicio\",\"item\":\"https:\/\/thesuperyachtinflatables.com\/es\/superyacht-inflatables\/\"},{\"@type\":\"ListItem\",\"position\":2,\"name\":\"Carrito\"}]},{\"@type\":\"WebSite\",\"@id\":\"https:\/\/thesuperyachtinflatables.com\/es\/#website\",\"url\":\"https:\/\/thesuperyachtinflatables.com\/es\/\",\"name\":\"Superyacht Inflatables\",\"description\":\"Yacht Inflatable Toys, Pools, Slides &amp; Docks\",\"publisher\":{\"@id\":\"https:\/\/thesuperyachtinflatables.com\/es\/#organization\"},\"potentialAction\":[{\"@type\":\"SearchAction\",\"target\":{\"@type\":\"EntryPoint\",\"urlTemplate\":\"https:\/\/thesuperyachtinflatables.com\/es\/?s={search_term_string}\"},\"query-input\":{\"@type\":\"PropertyValueSpecification\",\"valueRequired\":true,\"valueName\":\"search_term_string\"}}],\"inLanguage\":\"es\"},{\"@type\":\"Organization\",\"@id\":\"https:\/\/thesuperyachtinflatables.com\/es\/#organization\",\"name\":\"Superyacht Inflatables\",\"url\":\"https:\/\/thesuperyachtinflatables.com\/es\/\",\"logo\":{\"@type\":\"ImageObject\",\"inLanguage\":\"es\",\"@id\":\"https:\/\/thesuperyachtinflatables.com\/es\/#\/schema\/logo\/image\/\",\"url\":\"https:\/\/thesuperyachtinflatables.com\/wp-content\/uploads\/2023\/01\/logo-footer.webp\",\"contentUrl\":\"https:\/\/thesuperyachtinflatables.com\/wp-content\/uploads\/2023\/01\/logo-footer.webp\",\"width\":1920,\"height\":1080,\"caption\":\"Superyacht Inflatables\"},\"image\":{\"@id\":\"https:\/\/thesuperyachtinflatables.com\/es\/#\/schema\/logo\/image\/\"}}]}<\/script>\n<!-- \/ Yoast SEO plugin. -->","yoast_head_json":{"title":"Carrito - Superyacht Inflatables","robots":{"index":"index","follow":"follow","max-snippet":"max-snippet:-1","max-image-preview":"max-image-preview:large","max-video-preview":"max-video-preview:-1"},"canonical":"https:\/\/thesuperyachtinflatables.com\/es\/carrito\/","og_locale":"es_ES","og_type":"article","og_title":"Carrito - Superyacht Inflatables","og_description":"Carrito Tu carrito est\u00e1 vac\u00edo. Volver a la tienda Tambi\u00e9n te puede interesar Tambi\u00e9n te puede interesar","og_url":"https:\/\/thesuperyachtinflatables.com\/es\/carrito\/","og_site_name":"Superyacht Inflatables","article_modified_time":"2026-01-02T12:58:47+00:00","twitter_card":"summary_large_image","schema":{"@context":"https:\/\/schema.org","@graph":[{"@type":"WebPage","@id":"https:\/\/thesuperyachtinflatables.com\/es\/carrito\/","url":"https:\/\/thesuperyachtinflatables.com\/es\/carrito\/","name":"Carrito - Superyacht Inflatables","isPartOf":{"@id":"https:\/\/thesuperyachtinflatables.com\/es\/#website"},"datePublished":"2024-04-14T09:54:07+00:00","dateModified":"2026-01-02T12:58:47+00:00","breadcrumb":{"@id":"https:\/\/thesuperyachtinflatables.com\/es\/carrito\/#breadcrumb"},"inLanguage":"es","potentialAction":[{"@type":"ReadAction","target":["https:\/\/thesuperyachtinflatables.com\/es\/carrito\/"]}]},{"@type":"BreadcrumbList","@id":"https:\/\/thesuperyachtinflatables.com\/es\/carrito\/#breadcrumb","itemListElement":[{"@type":"ListItem","position":1,"name":"Inicio","item":"https:\/\/thesuperyachtinflatables.com\/es\/superyacht-inflatables\/"},{"@type":"ListItem","position":2,"name":"Carrito"}]},{"@type":"WebSite","@id":"https:\/\/thesuperyachtinflatables.com\/es\/#website","url":"https:\/\/thesuperyachtinflatables.com\/es\/","name":"Superyacht Inflatables","description":"Yacht Inflatable Toys, Pools, Slides &amp; Docks","publisher":{"@id":"https:\/\/thesuperyachtinflatables.com\/es\/#organization"},"potentialAction":[{"@type":"SearchAction","target":{"@type":"EntryPoint","urlTemplate":"https:\/\/thesuperyachtinflatables.com\/es\/?s={search_term_string}"},"query-input":{"@type":"PropertyValueSpecification","valueRequired":true,"valueName":"search_term_string"}}],"inLanguage":"es"},{"@type":"Organization","@id":"https:\/\/thesuperyachtinflatables.com\/es\/#organization","name":"Superyacht Inflatables","url":"https:\/\/thesuperyachtinflatables.com\/es\/","logo":{"@type":"ImageObject","inLanguage":"es","@id":"https:\/\/thesuperyachtinflatables.com\/es\/#\/schema\/logo\/image\/","url":"https:\/\/thesuperyachtinflatables.com\/wp-content\/uploads\/2023\/01\/logo-footer.webp","contentUrl":"https:\/\/thesuperyachtinflatables.com\/wp-content\/uploads\/2023\/01\/logo-footer.webp","width":1920,"height":1080,"caption":"Superyacht Inflatables"},"image":{"@id":"https:\/\/thesuperyachtinflatables.com\/es\/#\/schema\/logo\/image\/"}}]}},"_links":{"self":[{"href":"https:\/\/thesuperyachtinflatables.com\/es\/wp-json\/wp\/v2\/pages\/12268","targetHints":{"allow":["GET"]}}],"collection":[{"href":"https:\/\/thesuperyachtinflatables.com\/es\/wp-json\/wp\/v2\/pages"}],"about":[{"href":"https:\/\/thesuperyachtinflatables.com\/es\/wp-json\/wp\/v2\/types\/page"}],"author":[{"embeddable":true,"href":"https:\/\/thesuperyachtinflatables.com\/es\/wp-json\/wp\/v2\/users\/1"}],"replies":[{"embeddable":true,"href":"https:\/\/thesuperyachtinflatables.com\/es\/wp-json\/wp\/v2\/comments?post=12268"}],"version-history":[{"count":5,"href":"https:\/\/thesuperyachtinflatables.com\/es\/wp-json\/wp\/v2\/pages\/12268\/revisions"}],"predecessor-version":[{"id":19052,"href":"https:\/\/thesuperyachtinflatables.com\/es\/wp-json\/wp\/v2\/pages\/12268\/revisions\/19052"}],"wp:attachment":[{"href":"https:\/\/thesuperyachtinflatables.com\/es\/wp-json\/wp\/v2\/media?parent=12268"}],"curies":[{"name":"wp","href":"https:\/\/api.w.org\/{rel}","templated":true}]}}