{"id":12909,"date":"2023-01-21T18:19:17","date_gmt":"2023-01-21T17:19:17","guid":{"rendered":"https:\/\/oceanyachtpool.com\/product\/piscina-anti-medusa-4-x-3-metros\/"},"modified":"2026-03-07T13:29:36","modified_gmt":"2026-03-07T12:29:36","slug":"piscina-anti-medusa-4-x-3-metros","status":"publish","type":"product","link":"https:\/\/thesuperyachtinflatables.com\/es\/producto\/piscina-anti-medusa-4-x-3-metros\/","title":{"rendered":"Piscina Antimedusas 4 x 3 metros"},"content":{"rendered":"\t\t<div data-elementor-type=\"wp-post\" data-elementor-id=\"12909\" class=\"elementor elementor-12909 elementor-11350\" data-elementor-post-type=\"product\">\n\t\t\t\t<div class=\"elementor-element elementor-element-657c921 e-flex e-con-boxed e-con e-parent\" data-id=\"657c921\" data-element_type=\"container\" data-e-type=\"container\">\n\t\t\t\t\t<div class=\"e-con-inner\">\n\t\t\t\t<div class=\"elementor-element elementor-element-09d6b8e elementor-widget elementor-widget-heading\" data-id=\"09d6b8e\" data-element_type=\"widget\" data-e-type=\"widget\" data-widget_type=\"heading.default\">\n\t\t\t\t\t<h2 class=\"elementor-heading-title elementor-size-default\">Piscina para Yates<\/h2>\t\t\t\t<\/div>\n\t\t\t\t<div class=\"elementor-element elementor-element-416b439 elementor-widget elementor-widget-text-editor\" data-id=\"416b439\" data-element_type=\"widget\" data-e-type=\"widget\" data-widget_type=\"text-editor.default\">\n\t\t\t\t\t\t\t\t\t<p>Presentamos nuestro innovador concepto de piscina para yates de Superyacht Inflatables, perfecto para pasar unos lujosos d\u00edas de piscina a bordo de tu yate.<\/p>\n<p>Dise\u00f1ada para nadar despreocupadamente en mar abierto y disfrutar sin prisas detr\u00e1s de tu embarcaci\u00f3n, esta piscina garantiza una experiencia acu\u00e1tica serena. Sum\u00e9rgete en el oc\u00e9ano sin preocuparte por medusas, criaturas marinas o residuos, gracias a su red de protecci\u00f3n interior de PVC finamente tejida, que proporciona una seguridad \u00f3ptima. <\/p>\n\t\t\t\t\t\t\t\t<\/div>\n\t\t\t\t\t<\/div>\n\t\t\t\t<\/div>\n\t\t<div class=\"elementor-element elementor-element-03180f4 e-flex e-con-boxed e-con e-parent\" data-id=\"03180f4\" data-element_type=\"container\" data-e-type=\"container\">\n\t\t\t\t\t<div class=\"e-con-inner\">\n\t\t<div class=\"elementor-element elementor-element-f6b6b0c e-con-full e-flex e-con e-child\" data-id=\"f6b6b0c\" data-element_type=\"container\" data-e-type=\"container\">\n\t\t\t\t<div class=\"elementor-element elementor-element-ad9a8e1 elementor-widget elementor-widget-heading\" data-id=\"ad9a8e1\" data-element_type=\"widget\" data-e-type=\"widget\" data-widget_type=\"heading.default\">\n\t\t\t\t\t<h3 class=\"elementor-heading-title elementor-size-default\">Gu\u00eda de Tallas<\/h3>\t\t\t\t<\/div>\n\t\t\t\t<div class=\"elementor-element elementor-element-c16d00b elementor-widget elementor-widget-text-editor\" data-id=\"c16d00b\" data-element_type=\"widget\" data-e-type=\"widget\" data-widget_type=\"text-editor.default\">\n\t\t\t\t\t\t\t\t\t<p>Experimenta la Piscina en diferentes tama\u00f1os seg\u00fan tus necesidades.<\/p>\n<ul>\n<li>Menorca: 3 x 2,7 x 2 metros &#8211; Recomendada para embarcaciones de hasta 10 metros<\/li>\n<li><strong>Mallorca: 4 x 3 x 2,2 metros &#8211; Recomendada para embarcaciones de hasta 18 metros<\/strong><\/li>\n<li>Ibiza: 5 x 4 x 2,2 metros &#8211; Recomendada para embarcaciones de hasta 24 metros<\/li>\n<li>Dino: 6 x 5 x 2,2 metros &#8211; Recomendada para embarcaciones de m\u00e1s de 24 metros<\/li>\n<\/ul>\n<p><span style=\"text-decoration: underline;\"><strong>Personaliza tu Piscina a tu gusto: \u00a1Color, Nombre y Logotipo! Contacta con nosotros para m\u00e1s informaci\u00f3n. <\/strong><\/span><\/p>\n\t\t\t\t\t\t\t\t<\/div>\n\t\t\t\t<\/div>\n\t\t<div class=\"elementor-element elementor-element-54ffe6a e-con-full e-flex e-con e-child\" data-id=\"54ffe6a\" data-element_type=\"container\" data-e-type=\"container\">\n\t\t\t\t<div class=\"elementor-element elementor-element-a38fc8b elementor-widget elementor-widget-heading\" data-id=\"a38fc8b\" data-element_type=\"widget\" data-e-type=\"widget\" data-widget_type=\"heading.default\">\n\t\t\t\t\t<h3 class=\"elementor-heading-title elementor-size-default\">Tama\u00f1o y peso desinflado<\/h3>\t\t\t\t<\/div>\n\t\t\t\t<div class=\"elementor-element elementor-element-1a31762 elementor-widget elementor-widget-text-editor\" data-id=\"1a31762\" data-element_type=\"widget\" data-e-type=\"widget\" data-widget_type=\"text-editor.default\">\n\t\t\t\t\t\t\t\t\t<p>Gu\u00eda de tallas desinfladas de las piscinas para yates en su bolsa impermeable:<\/p>\n<ul>\n<li>Menorca: 30 x 30 x 60 cent\u00edmetros &#8211; 8Kg<\/li>\n<li>Mallorca: 33 x 33 x 60 cent\u00edmetros &#8211; 12kg<\/li>\n<li>Ibiza: 40 x 40 x 70 cent\u00edmetros &#8211; 15 kg<\/li>\n<li>Dino: 45 x 45 x 72 cent\u00edmetros &#8211; 18kg<\/li>\n<\/ul>\n\t\t\t\t\t\t\t\t<\/div>\n\t\t\t\t<\/div>\n\t\t\t\t\t<\/div>\n\t\t\t\t<\/div>\n\t\t<div class=\"elementor-element elementor-element-71b6b59 e-flex e-con-boxed e-con e-parent\" data-id=\"71b6b59\" data-element_type=\"container\" data-e-type=\"container\">\n\t\t\t\t\t<div class=\"e-con-inner\">\n\t\t\t\t<div class=\"elementor-element elementor-element-4e92190 elementor-widget elementor-widget-heading\" data-id=\"4e92190\" data-element_type=\"widget\" data-e-type=\"widget\" data-widget_type=\"heading.default\">\n\t\t\t\t\t<h3 class=\"elementor-heading-title elementor-size-default\">Beneficios de nuestra Piscina Antimedusas<\/h3>\t\t\t\t<\/div>\n\t\t\t\t<div class=\"elementor-element elementor-element-db03915 elementor-widget elementor-widget-text-editor\" data-id=\"db03915\" data-element_type=\"widget\" data-e-type=\"widget\" data-widget_type=\"text-editor.default\">\n\t\t\t\t\t\t\t\t\t<ul>\n<li><strong>La m\u00e1s ligera del mercado<\/strong>: Dise\u00f1ada para ser excepcionalmente ligera y f\u00e1cil de usar.<\/li>\n<li><strong>F\u00e1cil de usar<\/strong>: f\u00e1cil de usar por una persona, significativamente m\u00e1s ligera que las de la competencia y dise\u00f1ada para divertir y durar.<\/li>\n<li><strong>Almacenamiento compacto<\/strong>: F\u00e1cilmente plegable para ocupar el m\u00ednimo espacio de almacenamiento en la embarcaci\u00f3n.<\/li>\n<li><strong>Materiales de alta tecnolog\u00eda<\/strong>: Construido con PVC reforzado de 1 mm de grosor.<\/li>\n<li><strong>Protecci\u00f3n contra medusas, suciedad y criaturas marinas<\/strong>: Garantiza un ba\u00f1o seguro y limpio.<\/li>\n<\/ul>\n\t\t\t\t\t\t\t\t<\/div>\n\t\t\t\t<div class=\"elementor-element elementor-element-9c44add elementor-widget elementor-widget-heading\" data-id=\"9c44add\" data-element_type=\"widget\" data-e-type=\"widget\" data-widget_type=\"heading.default\">\n\t\t\t\t\t<h3 class=\"elementor-heading-title elementor-size-default\">\u00bfC\u00f3mo utilizar nuestra Piscina Antimedusas?<\/h3>\t\t\t\t<\/div>\n\t\t\t\t<div class=\"elementor-element elementor-element-3ed7bbe elementor-widget elementor-widget-text-editor\" data-id=\"3ed7bbe\" data-element_type=\"widget\" data-e-type=\"widget\" data-widget_type=\"text-editor.default\">\n\t\t\t\t\t\t\t\t\t<p><strong>Inflado<\/strong>: En menos de 2 minutos con una bomba el\u00e9ctrica.<\/p>\n<p>La <strong>deflaci\u00f3n<\/strong>: En menos de 4 minutos.<\/p>\n<p><strong>Almacenamiento<\/strong>: Se pliega en menos de 2 minutos.<\/p>\n\t\t\t\t\t\t\t\t<\/div>\n\t\t\t\t<div class=\"elementor-element elementor-element-a862206 elementor-widget elementor-widget-heading\" data-id=\"a862206\" data-element_type=\"widget\" data-e-type=\"widget\" data-widget_type=\"heading.default\">\n\t\t\t\t\t<h3 class=\"elementor-heading-title elementor-size-default\">Personaliza tu Piscina Antimedusas a tu gusto: \u00a1Color, Nombre y Logotipo!<\/h3>\t\t\t\t<\/div>\n\t\t\t\t<div class=\"elementor-element elementor-element-039ca3e elementor-widget elementor-widget-text-editor\" data-id=\"039ca3e\" data-element_type=\"widget\" data-e-type=\"widget\" data-widget_type=\"text-editor.default\">\n\t\t\t\t\t\t\t\t\t<p>En Superyacht Inflatables te ofrecemos soluciones para cualquier reto que se te presente. Si est\u00e1s interesado en adquirir uno de nuestros productos pero quieres a\u00f1adir el nombre de tu barco, un logotipo o un color personalizado, podemos adaptar tu piscina a tus especificaciones. Para encontrar la soluci\u00f3n perfecta para tus necesidades, ponte en contacto con nosotros y solicita un presupuesto. \u00a1Nuestro equipo estar\u00e1 encantado de ayudarte!   <\/p>\n\t\t\t\t\t\t\t\t<\/div>\n\t\t\t\t\t<\/div>\n\t\t\t\t<\/div>\n\t\t\t\t<\/div>\n\t\t","protected":false},"excerpt":{"rendered":"<p>Experimenta la Piscina Antimedusas en diferentes tama\u00f1os seg\u00fan tus necesidades. Los tama\u00f1os disponibles son los siguientes<\/p>\n<ul>\n<li>Menorca: 3 x 2,7 x 2 metros &#8211; 8kg<\/li>\n<li><strong>Mallorca: 4 x 3 x 2,2 metros &#8211; 12kg<\/strong><\/li>\n<li>Ibiza: 5 x 4 x 2,2 metros &#8211; 15kg<\/li>\n<li>Dino: 6 x 5 x 2,2 metros &#8211; 18kg<\/li>\n<\/ul>\n<p>&nbsp;<\/p>\n","protected":false},"featured_media":13615,"comment_status":"open","ping_status":"closed","template":"","meta":{"_acf_changed":false},"product_brand":[],"product_cat":[167,170],"product_tag":[168],"class_list":{"0":"post-12909","1":"product","2":"type-product","3":"status-publish","4":"has-post-thumbnail","6":"product_cat-bestseller-es","7":"product_cat-piscina-para-yate","8":"product_tag-yacht-pool-es","10":"first","11":"instock","12":"taxable","13":"shipping-taxable","14":"purchasable","15":"product-type-variable"},"acf":[],"yoast_head":"<!-- This site is optimized with the Yoast SEO plugin v27.2 - https:\/\/yoast.com\/product\/yoast-seo-wordpress\/ -->\n<title>Piscina Anti-Medusas 4x3m | The Superyacht Inflatables<\/title>\n<meta name=\"description\" content=\"Piscina Antimedusas 4 x 3 metros - Superyacht Inflatables- Nuestras piscinas antimedusas para yates han sido dise\u00f1adas para ser las m\u00e1s ligeras del mercado. \u00a1Visita ahora nuestra tienda!\" \/>\n<meta name=\"robots\" content=\"index, follow, max-snippet:-1, max-image-preview:large, max-video-preview:-1\" \/>\n<link rel=\"canonical\" href=\"https:\/\/thesuperyachtinflatables.com\/es\/producto\/piscina-anti-medusa-4-x-3-metros\/\" \/>\n<meta property=\"og:locale\" content=\"es_ES\" \/>\n<meta property=\"og:type\" content=\"article\" \/>\n<meta property=\"og:title\" content=\"Piscina Anti-Medusas 4x3m | The Superyacht Inflatables\" \/>\n<meta property=\"og:description\" content=\"Piscina Antimedusas 4 x 3 metros - Superyacht Inflatables- Nuestras piscinas antimedusas para yates han sido dise\u00f1adas para ser las m\u00e1s ligeras del mercado. \u00a1Visita ahora nuestra tienda!\" \/>\n<meta property=\"og:url\" content=\"https:\/\/thesuperyachtinflatables.com\/es\/producto\/piscina-anti-medusa-4-x-3-metros\/\" \/>\n<meta property=\"og:site_name\" content=\"Superyacht Inflatables\" \/>\n<meta property=\"article:modified_time\" content=\"2026-03-07T12:29:36+00:00\" \/>\n<meta property=\"og:image\" content=\"https:\/\/thesuperyachtinflatables.com\/wp-content\/uploads\/2025\/03\/Piscina-anti-meduse.webp\" \/>\n\t<meta property=\"og:image:width\" content=\"800\" \/>\n\t<meta property=\"og:image:height\" content=\"800\" \/>\n\t<meta property=\"og:image:type\" content=\"image\/webp\" \/>\n<meta name=\"twitter:card\" content=\"summary_large_image\" \/>\n<meta name=\"twitter:label1\" content=\"Disponibilidad\" \/>\n\t<meta name=\"twitter:data1\" content=\"Disponible\" \/>\n<script type=\"application\/ld+json\" class=\"yoast-schema-graph\">{\"@context\":\"https:\/\/schema.org\",\"@graph\":[{\"@type\":\"WebPage\",\"@id\":\"https:\/\/thesuperyachtinflatables.com\/es\/producto\/piscina-anti-medusa-4-x-3-metros\/\",\"url\":\"https:\/\/thesuperyachtinflatables.com\/es\/producto\/piscina-anti-medusa-4-x-3-metros\/\",\"name\":\"Piscina Anti-Medusas 4x3m | The Superyacht Inflatables\",\"isPartOf\":{\"@id\":\"https:\/\/thesuperyachtinflatables.com\/es\/#website\"},\"primaryImageOfPage\":{\"@id\":\"https:\/\/thesuperyachtinflatables.com\/es\/producto\/piscina-anti-medusa-4-x-3-metros\/#primaryimage\"},\"image\":{\"@id\":\"https:\/\/thesuperyachtinflatables.com\/es\/producto\/piscina-anti-medusa-4-x-3-metros\/#primaryimage\"},\"thumbnailUrl\":\"https:\/\/thesuperyachtinflatables.com\/wp-content\/uploads\/2025\/03\/Piscina-anti-meduse.webp\",\"datePublished\":\"2023-01-21T17:19:17+00:00\",\"dateModified\":\"2026-03-07T12:29:36+00:00\",\"description\":\"Piscina Antimedusas 4 x 3 metros - Superyacht Inflatables- Nuestras piscinas antimedusas para yates han sido dise\u00f1adas para ser las m\u00e1s ligeras del mercado. \u00a1Visita ahora nuestra tienda!\",\"breadcrumb\":{\"@id\":\"https:\/\/thesuperyachtinflatables.com\/es\/producto\/piscina-anti-medusa-4-x-3-metros\/#breadcrumb\"},\"inLanguage\":\"es\",\"potentialAction\":[{\"@type\":\"ReadAction\",\"target\":[\"https:\/\/thesuperyachtinflatables.com\/es\/producto\/piscina-anti-medusa-4-x-3-metros\/\"]}]},{\"@type\":\"ImageObject\",\"inLanguage\":\"es\",\"@id\":\"https:\/\/thesuperyachtinflatables.com\/es\/producto\/piscina-anti-medusa-4-x-3-metros\/#primaryimage\",\"url\":\"https:\/\/thesuperyachtinflatables.com\/wp-content\/uploads\/2025\/03\/Piscina-anti-meduse.webp\",\"contentUrl\":\"https:\/\/thesuperyachtinflatables.com\/wp-content\/uploads\/2025\/03\/Piscina-anti-meduse.webp\",\"width\":800,\"height\":800,\"caption\":\"Piscina-anti-meduse\"},{\"@type\":\"BreadcrumbList\",\"@id\":\"https:\/\/thesuperyachtinflatables.com\/es\/producto\/piscina-anti-medusa-4-x-3-metros\/#breadcrumb\",\"itemListElement\":[{\"@type\":\"ListItem\",\"position\":1,\"name\":\"Inicio\",\"item\":\"https:\/\/thesuperyachtinflatables.com\/es\/superyacht-inflatables\/\"},{\"@type\":\"ListItem\",\"position\":2,\"name\":\"Shop\",\"item\":\"https:\/\/thesuperyachtinflatables.com\/shop\/\"},{\"@type\":\"ListItem\",\"position\":3,\"name\":\"Piscina Antimedusas 4 x 3 metros\"}]},{\"@type\":\"WebSite\",\"@id\":\"https:\/\/thesuperyachtinflatables.com\/es\/#website\",\"url\":\"https:\/\/thesuperyachtinflatables.com\/es\/\",\"name\":\"Superyacht Inflatables\",\"description\":\"Yacht Inflatable Toys, Pools, Slides &amp; Docks\",\"publisher\":{\"@id\":\"https:\/\/thesuperyachtinflatables.com\/es\/#organization\"},\"potentialAction\":[{\"@type\":\"SearchAction\",\"target\":{\"@type\":\"EntryPoint\",\"urlTemplate\":\"https:\/\/thesuperyachtinflatables.com\/es\/?s={search_term_string}\"},\"query-input\":{\"@type\":\"PropertyValueSpecification\",\"valueRequired\":true,\"valueName\":\"search_term_string\"}}],\"inLanguage\":\"es\"},{\"@type\":\"Organization\",\"@id\":\"https:\/\/thesuperyachtinflatables.com\/es\/#organization\",\"name\":\"Superyacht Inflatables\",\"url\":\"https:\/\/thesuperyachtinflatables.com\/es\/\",\"logo\":{\"@type\":\"ImageObject\",\"inLanguage\":\"es\",\"@id\":\"https:\/\/thesuperyachtinflatables.com\/es\/#\/schema\/logo\/image\/\",\"url\":\"https:\/\/thesuperyachtinflatables.com\/wp-content\/uploads\/2023\/01\/logo-footer.webp\",\"contentUrl\":\"https:\/\/thesuperyachtinflatables.com\/wp-content\/uploads\/2023\/01\/logo-footer.webp\",\"width\":1920,\"height\":1080,\"caption\":\"Superyacht Inflatables\"},\"image\":{\"@id\":\"https:\/\/thesuperyachtinflatables.com\/es\/#\/schema\/logo\/image\/\"}}]}<\/script>\n<meta property=\"og:availability\" content=\"instock\" \/>\n<meta property=\"product:availability\" content=\"instock\" \/>\n<meta property=\"product:retailer_item_id\" content=\"OYP-00004711\" \/>\n<meta property=\"product:condition\" content=\"new\" \/>\n<!-- \/ Yoast SEO plugin. -->","yoast_head_json":{"title":"Piscina Anti-Medusas 4x3m | The Superyacht Inflatables","description":"Piscina Antimedusas 4 x 3 metros - Superyacht Inflatables- Nuestras piscinas antimedusas para yates han sido dise\u00f1adas para ser las m\u00e1s ligeras del mercado. \u00a1Visita ahora nuestra tienda!","robots":{"index":"index","follow":"follow","max-snippet":"max-snippet:-1","max-image-preview":"max-image-preview:large","max-video-preview":"max-video-preview:-1"},"canonical":"https:\/\/thesuperyachtinflatables.com\/es\/producto\/piscina-anti-medusa-4-x-3-metros\/","og_locale":"es_ES","og_type":"article","og_title":"Piscina Anti-Medusas 4x3m | The Superyacht Inflatables","og_description":"Piscina Antimedusas 4 x 3 metros - Superyacht Inflatables- Nuestras piscinas antimedusas para yates han sido dise\u00f1adas para ser las m\u00e1s ligeras del mercado. \u00a1Visita ahora nuestra tienda!","og_url":"https:\/\/thesuperyachtinflatables.com\/es\/producto\/piscina-anti-medusa-4-x-3-metros\/","og_site_name":"Superyacht Inflatables","article_modified_time":"2026-03-07T12:29:36+00:00","og_image":[{"width":800,"height":800,"url":"https:\/\/thesuperyachtinflatables.com\/wp-content\/uploads\/2025\/03\/Piscina-anti-meduse.webp","type":"image\/webp"}],"twitter_card":"summary_large_image","twitter_misc":{"Disponibilidad":"Disponible"},"schema":{"@context":"https:\/\/schema.org","@graph":[{"@type":"WebPage","@id":"https:\/\/thesuperyachtinflatables.com\/es\/producto\/piscina-anti-medusa-4-x-3-metros\/","url":"https:\/\/thesuperyachtinflatables.com\/es\/producto\/piscina-anti-medusa-4-x-3-metros\/","name":"Piscina Anti-Medusas 4x3m | The Superyacht Inflatables","isPartOf":{"@id":"https:\/\/thesuperyachtinflatables.com\/es\/#website"},"primaryImageOfPage":{"@id":"https:\/\/thesuperyachtinflatables.com\/es\/producto\/piscina-anti-medusa-4-x-3-metros\/#primaryimage"},"image":{"@id":"https:\/\/thesuperyachtinflatables.com\/es\/producto\/piscina-anti-medusa-4-x-3-metros\/#primaryimage"},"thumbnailUrl":"https:\/\/thesuperyachtinflatables.com\/wp-content\/uploads\/2025\/03\/Piscina-anti-meduse.webp","datePublished":"2023-01-21T17:19:17+00:00","dateModified":"2026-03-07T12:29:36+00:00","description":"Piscina Antimedusas 4 x 3 metros - Superyacht Inflatables- Nuestras piscinas antimedusas para yates han sido dise\u00f1adas para ser las m\u00e1s ligeras del mercado. \u00a1Visita ahora nuestra tienda!","breadcrumb":{"@id":"https:\/\/thesuperyachtinflatables.com\/es\/producto\/piscina-anti-medusa-4-x-3-metros\/#breadcrumb"},"inLanguage":"es","potentialAction":[{"@type":"ReadAction","target":["https:\/\/thesuperyachtinflatables.com\/es\/producto\/piscina-anti-medusa-4-x-3-metros\/"]}]},{"@type":"ImageObject","inLanguage":"es","@id":"https:\/\/thesuperyachtinflatables.com\/es\/producto\/piscina-anti-medusa-4-x-3-metros\/#primaryimage","url":"https:\/\/thesuperyachtinflatables.com\/wp-content\/uploads\/2025\/03\/Piscina-anti-meduse.webp","contentUrl":"https:\/\/thesuperyachtinflatables.com\/wp-content\/uploads\/2025\/03\/Piscina-anti-meduse.webp","width":800,"height":800,"caption":"Piscina-anti-meduse"},{"@type":"BreadcrumbList","@id":"https:\/\/thesuperyachtinflatables.com\/es\/producto\/piscina-anti-medusa-4-x-3-metros\/#breadcrumb","itemListElement":[{"@type":"ListItem","position":1,"name":"Inicio","item":"https:\/\/thesuperyachtinflatables.com\/es\/superyacht-inflatables\/"},{"@type":"ListItem","position":2,"name":"Shop","item":"https:\/\/thesuperyachtinflatables.com\/shop\/"},{"@type":"ListItem","position":3,"name":"Piscina Antimedusas 4 x 3 metros"}]},{"@type":"WebSite","@id":"https:\/\/thesuperyachtinflatables.com\/es\/#website","url":"https:\/\/thesuperyachtinflatables.com\/es\/","name":"Superyacht Inflatables","description":"Yacht Inflatable Toys, Pools, Slides &amp; Docks","publisher":{"@id":"https:\/\/thesuperyachtinflatables.com\/es\/#organization"},"potentialAction":[{"@type":"SearchAction","target":{"@type":"EntryPoint","urlTemplate":"https:\/\/thesuperyachtinflatables.com\/es\/?s={search_term_string}"},"query-input":{"@type":"PropertyValueSpecification","valueRequired":true,"valueName":"search_term_string"}}],"inLanguage":"es"},{"@type":"Organization","@id":"https:\/\/thesuperyachtinflatables.com\/es\/#organization","name":"Superyacht Inflatables","url":"https:\/\/thesuperyachtinflatables.com\/es\/","logo":{"@type":"ImageObject","inLanguage":"es","@id":"https:\/\/thesuperyachtinflatables.com\/es\/#\/schema\/logo\/image\/","url":"https:\/\/thesuperyachtinflatables.com\/wp-content\/uploads\/2023\/01\/logo-footer.webp","contentUrl":"https:\/\/thesuperyachtinflatables.com\/wp-content\/uploads\/2023\/01\/logo-footer.webp","width":1920,"height":1080,"caption":"Superyacht Inflatables"},"image":{"@id":"https:\/\/thesuperyachtinflatables.com\/es\/#\/schema\/logo\/image\/"}}]},"og_availability":"instock","product_availability":"instock","product_retailer_item_id":"OYP-00004711","product_condition":"new"},"_links":{"self":[{"href":"https:\/\/thesuperyachtinflatables.com\/es\/wp-json\/wp\/v2\/product\/12909","targetHints":{"allow":["GET"]}}],"collection":[{"href":"https:\/\/thesuperyachtinflatables.com\/es\/wp-json\/wp\/v2\/product"}],"about":[{"href":"https:\/\/thesuperyachtinflatables.com\/es\/wp-json\/wp\/v2\/types\/product"}],"replies":[{"embeddable":true,"href":"https:\/\/thesuperyachtinflatables.com\/es\/wp-json\/wp\/v2\/comments?post=12909"}],"version-history":[{"count":8,"href":"https:\/\/thesuperyachtinflatables.com\/es\/wp-json\/wp\/v2\/product\/12909\/revisions"}],"predecessor-version":[{"id":20227,"href":"https:\/\/thesuperyachtinflatables.com\/es\/wp-json\/wp\/v2\/product\/12909\/revisions\/20227"}],"wp:featuredmedia":[{"embeddable":true,"href":"https:\/\/thesuperyachtinflatables.com\/es\/wp-json\/wp\/v2\/media\/13615"}],"wp:attachment":[{"href":"https:\/\/thesuperyachtinflatables.com\/es\/wp-json\/wp\/v2\/media?parent=12909"}],"wp:term":[{"taxonomy":"product_brand","embeddable":true,"href":"https:\/\/thesuperyachtinflatables.com\/es\/wp-json\/wp\/v2\/product_brand?post=12909"},{"taxonomy":"product_cat","embeddable":true,"href":"https:\/\/thesuperyachtinflatables.com\/es\/wp-json\/wp\/v2\/product_cat?post=12909"},{"taxonomy":"product_tag","embeddable":true,"href":"https:\/\/thesuperyachtinflatables.com\/es\/wp-json\/wp\/v2\/product_tag?post=12909"}],"curies":[{"name":"wp","href":"https:\/\/api.w.org\/{rel}","templated":true}]}}