{"id":12944,"date":"2023-01-16T13:41:14","date_gmt":"2023-01-16T12:41:14","guid":{"rendered":"https:\/\/oceanyachtpool.com\/product\/plataforma-inflable-4-x-2-metros-2\/"},"modified":"2026-03-07T13:25:41","modified_gmt":"2026-03-07T12:25:41","slug":"plataforma-inflable-4-x-2-metros-2","status":"publish","type":"product","link":"https:\/\/thesuperyachtinflatables.com\/es\/producto\/plataforma-inflable-4-x-2-metros-2\/","title":{"rendered":"Plataforma Inflable 4 x 2 metros"},"content":{"rendered":"\t\t<div data-elementor-type=\"wp-post\" data-elementor-id=\"12944\" class=\"elementor elementor-12944 elementor-12164\" data-elementor-post-type=\"product\">\n\t\t\t\t<div class=\"elementor-element elementor-element-84cd60f e-flex e-con-boxed e-con e-parent\" data-id=\"84cd60f\" data-element_type=\"container\" data-e-type=\"container\">\n\t\t\t\t\t<div class=\"e-con-inner\">\n\t\t\t\t<div class=\"elementor-element elementor-element-c01389c elementor-widget elementor-widget-heading\" data-id=\"c01389c\" data-element_type=\"widget\" data-e-type=\"widget\" data-widget_type=\"heading.default\">\n\t\t\t\t\t<h2 class=\"elementor-heading-title elementor-size-default\">Plataforma Inflable con Teca<\/h2>\t\t\t\t<\/div>\n\t\t\t\t<div class=\"elementor-element elementor-element-c23aca8 elementor-widget elementor-widget-text-editor\" data-id=\"c23aca8\" data-element_type=\"widget\" data-e-type=\"widget\" data-widget_type=\"text-editor.default\">\n\t\t\t\t\t\t\t\t\t<p>Presentamos la Plataforma Inflable de Ocean Yacht Pool, un complemento vers\u00e1til dise\u00f1ado para mejorar tu experiencia de navegaci\u00f3n. Este innovador muelle ampl\u00eda la eslora de tu embarcaci\u00f3n, ofreciendo un amplio espacio para actividades recreativas, especialmente para los ni\u00f1os. <\/p>\n<p>Creada tanto para la relajaci\u00f3n como para la practicidad, nuestra Plataforma Hinchable de Lujo sirve para m\u00faltiples prop\u00f3sitos. Ayuda a los miembros de la tripulaci\u00f3n en las tareas de limpieza, aumenta el espacio \u00fatil de las embarcaciones m\u00e1s peque\u00f1as para actividades como tomar el sol y jugar, y se integra perfectamente con nuestra Piscina Marina para mayor disfrute. Maximiza tus aventuras en yate con nuestros hinchables de a bordo y aprovecha al m\u00e1ximo cada momento en el mar.  <\/p>\n\t\t\t\t\t\t\t\t<\/div>\n\t\t\t\t\t<\/div>\n\t\t\t\t<\/div>\n\t\t<div class=\"elementor-element elementor-element-6107290 e-flex e-con-boxed e-con e-parent\" data-id=\"6107290\" data-element_type=\"container\" data-e-type=\"container\">\n\t\t\t\t\t<div class=\"e-con-inner\">\n\t\t<div class=\"elementor-element elementor-element-dd26a08 e-con-full e-flex e-con e-child\" data-id=\"dd26a08\" data-element_type=\"container\" data-e-type=\"container\">\n\t\t\t\t<div class=\"elementor-element elementor-element-1595ac5 elementor-widget elementor-widget-heading\" data-id=\"1595ac5\" data-element_type=\"widget\" data-e-type=\"widget\" data-widget_type=\"heading.default\">\n\t\t\t\t\t<h3 class=\"elementor-heading-title elementor-size-default\">Gu\u00eda de Tama\u00f1os<\/h3>\t\t\t\t<\/div>\n\t\t\t\t<div class=\"elementor-element elementor-element-d437f49 elementor-widget elementor-widget-text-editor\" data-id=\"d437f49\" data-element_type=\"widget\" data-e-type=\"widget\" data-widget_type=\"text-editor.default\">\n\t\t\t\t\t\t\t\t\t<p>Fabricado para ser \u00fanico, ahora puedes disfrutar de nuestro Muelle Hinchable de Lujo en diferentes tama\u00f1os:<\/p>\n<ul>\n<li>Plataforma Inflable Menorca (Peque\u00f1a) &#8211; 3 x 1,5 metros<\/li>\n<li><strong>Plataforma Inflable Mallorca (Mediana) &#8211; 4 x 2 metros<\/strong><\/li>\n<li>Plataforma Inflable Ibiza (Grande) 5 x 3 metros<\/li>\n<\/ul>\n<p><strong><span style=\"text-decoration: underline;\">Personaliza tu muelle hinchable de lujo como desees: \u00a1Color, Nombre y Logotipo! Contacta con nosotros para m\u00e1s informaci\u00f3n <\/span> <span style=\"text-decoration: underline;\">informaci\u00f3n.<\/span><\/strong><\/p>\n\t\t\t\t\t\t\t\t<\/div>\n\t\t\t\t<\/div>\n\t\t<div class=\"elementor-element elementor-element-0133991 e-con-full e-flex e-con e-child\" data-id=\"0133991\" data-element_type=\"container\" data-e-type=\"container\">\n\t\t\t\t<div class=\"elementor-element elementor-element-8ea10cd elementor-widget elementor-widget-heading\" data-id=\"8ea10cd\" data-element_type=\"widget\" data-e-type=\"widget\" data-widget_type=\"heading.default\">\n\t\t\t\t\t<h3 class=\"elementor-heading-title elementor-size-default\">Gu\u00eda de tallas y peso desinflado<\/h3>\t\t\t\t<\/div>\n\t\t\t\t<div class=\"elementor-element elementor-element-d5169e3 elementor-widget elementor-widget-text-editor\" data-id=\"d5169e3\" data-element_type=\"widget\" data-e-type=\"widget\" data-widget_type=\"text-editor.default\">\n\t\t\t\t\t\t\t\t\t<p>Gu\u00eda de tallas y peso desinflados por confirmar.<\/p>\n\t\t\t\t\t\t\t\t<\/div>\n\t\t\t\t<\/div>\n\t\t\t\t\t<\/div>\n\t\t\t\t<\/div>\n\t\t<div class=\"elementor-element elementor-element-5fac1c8 e-flex e-con-boxed e-con e-parent\" data-id=\"5fac1c8\" data-element_type=\"container\" data-e-type=\"container\">\n\t\t\t\t\t<div class=\"e-con-inner\">\n\t\t\t\t<div class=\"elementor-element elementor-element-bb57ec4 elementor-widget elementor-widget-heading\" data-id=\"bb57ec4\" data-element_type=\"widget\" data-e-type=\"widget\" data-widget_type=\"heading.default\">\n\t\t\t\t\t<h3 class=\"elementor-heading-title elementor-size-default\">Ventajas de nuestra Plataforma Inflable con Teca<\/h3>\t\t\t\t<\/div>\n\t\t\t\t<div class=\"elementor-element elementor-element-62c6ce2 elementor-widget elementor-widget-text-editor\" data-id=\"62c6ce2\" data-element_type=\"widget\" data-e-type=\"widget\" data-widget_type=\"text-editor.default\">\n\t\t\t\t\t\t\t\t\t<p>Nuestra plataforma hinchable de lujo est\u00e1 dise\u00f1ada para ser vers\u00e1til, y ofrece varias ventajas:<\/p>\n<ul>\n<li><strong>M\u00e1s ligero que la competencia<\/strong>: Dise\u00f1ado para ser duradero y fiable, nuestro Muelle Hinchable de Lujo es el m\u00e1s ligero del mercado.<\/li>\n<li><strong>F\u00e1cil de usar<\/strong>: Equipada con dos v\u00e1lvulas y m\u00faltiples asas, est\u00e1 dise\u00f1ada para que la maneje f\u00e1cilmente un solo usuario y la disfruten muchos.<\/li>\n<li><strong>Zona de juegos para ni\u00f1os<\/strong>: El muelle hinchable prolonga tu barco, proporcionando una amplia zona para tomar el sol, relajarse y jugar.<\/li>\n<li><strong>Materiales de alta tecnolog\u00eda<\/strong>: Fabricado con materiales duraderos y de alta calidad para un uso duradero.<\/li>\n<li><strong>Dise\u00f1o est\u00e9tico<\/strong>: Con un dise\u00f1o moderno, es visualmente atractivo y evoca sensaciones positivas en los clientes.<\/li>\n<\/ul>\n\t\t\t\t\t\t\t\t<\/div>\n\t\t\t\t<div class=\"elementor-element elementor-element-5744460 elementor-widget elementor-widget-heading\" data-id=\"5744460\" data-element_type=\"widget\" data-e-type=\"widget\" data-widget_type=\"heading.default\">\n\t\t\t\t\t<h3 class=\"elementor-heading-title elementor-size-default\">\u00bfC\u00f3mo utilizar nuestra Plataforma Inflable con Teca?<\/h3>\t\t\t\t<\/div>\n\t\t\t\t<div class=\"elementor-element elementor-element-5658069 elementor-widget elementor-widget-text-editor\" data-id=\"5658069\" data-element_type=\"widget\" data-e-type=\"widget\" data-widget_type=\"text-editor.default\">\n\t\t\t\t\t\t\t\t\t<p>El tiempo necesario para inflar, desinflar y almacenar var\u00eda en funci\u00f3n del tama\u00f1o elegido.<\/p>\n<p><strong>Inflar<\/strong> la Plataforma Menorca lleva menos de 3 minutos, mientras que la Plataforma Mallorca se infla en menos de 5 minutos cada una, todo ello con una Bomba El\u00e9ctrica.<\/p>\n<p>La Plataforma Menorca <strong>se desinfla<\/strong> en menos de 4 minutos, mientras que la Plataforma Mallorca se desinfla en menos de 6 minutos cada una, todo ello facilitado por una Bomba El\u00e9ctrica.<\/p>\n<p>En cuanto <strong>al almacenamiento<\/strong>, una vez desinflada, plegar la Plataforma Hinchable y guardarla adecuadamente lleva menos de 2 minutos.<\/p>\n\t\t\t\t\t\t\t\t<\/div>\n\t\t\t\t<div class=\"elementor-element elementor-element-9359795 elementor-widget elementor-widget-heading\" data-id=\"9359795\" data-element_type=\"widget\" data-e-type=\"widget\" data-widget_type=\"heading.default\">\n\t\t\t\t\t<h3 class=\"elementor-heading-title elementor-size-default\">Personaliza tu Muelle Hinchable de Lujo a tu gusto: \u00a1Color, Nombre y Logotipo!<\/h3>\t\t\t\t<\/div>\n\t\t\t\t<div class=\"elementor-element elementor-element-3f7aefe elementor-widget elementor-widget-text-editor\" data-id=\"3f7aefe\" data-element_type=\"widget\" data-e-type=\"widget\" data-widget_type=\"text-editor.default\">\n\t\t\t\t\t\t\t\t\t<p>En Ocean Yacht Pool, ofrecemos soluciones para cualquier reto al que te enfrentes. Si est\u00e1s pensando en comprar uno de nuestros productos y deseas personalizarlo, como a\u00f1adir el nombre de tu barco, un logotipo o una combinaci\u00f3n de colores distinta, estamos aqu\u00ed para ayudarte. Para descubrir soluciones a medida para tus necesidades individuales, ponte en contacto con nosotros y solicita un presupuesto personalizado. \u00a1Nuestro comprometido equipo est\u00e1 entusiasmado por ayudarte!   <\/p>\n\t\t\t\t\t\t\t\t<\/div>\n\t\t\t\t\t<\/div>\n\t\t\t\t<\/div>\n\t\t\t\t<\/div>\n\t\t","protected":false},"excerpt":{"rendered":"<p>Presentamos la Plataforma Inflable de Lujo de SY Inflatables, un complemento vers\u00e1til dise\u00f1ado para mejorar tu experiencia de navegaci\u00f3n.<\/p>\n<p>Fabricado para ser \u00fanico, ahora puedes disfrutar de nuestro Muelle Hinchable de Lujo en diferentes tama\u00f1os:<\/p>\n<ul>\n<li>Plataforma Inflable Menorca (Peque\u00f1a) &#8211; 3 x 1,5 metros<\/li>\n<li><strong>Plataforma Inflable Mallorca (Mediana) &#8211; 4 x 2 metros<\/strong><\/li>\n<\/ul>\n<p>Personaliza tu muelle hinchable de lujo como desees: \u00a1Color, Nombre y Logotipo! Ponte en contacto con nosotros para m\u00e1s informaci\u00f3n.<\/p>\n","protected":false},"featured_media":13632,"comment_status":"open","ping_status":"closed","template":"","meta":{"_acf_changed":false},"product_brand":[],"product_cat":[167,184],"product_tag":[168],"class_list":{"0":"post-12944","1":"product","2":"type-product","3":"status-publish","4":"has-post-thumbnail","6":"product_cat-bestseller-es","7":"product_cat-plataforma-hinchable","8":"product_tag-yacht-pool-es","10":"first","11":"instock","12":"taxable","13":"shipping-taxable","14":"purchasable","15":"product-type-simple"},"acf":[],"yoast_head":"<!-- This site is optimized with the Yoast SEO plugin v27.2 - https:\/\/yoast.com\/product\/yoast-seo-wordpress\/ -->\n<title>Muelle Hinchable 4x2m | Plataforma Superyate | SYI<\/title>\n<meta name=\"description\" content=\"Plataforma Inflable 4 x 2 metros- Superyacht Inflatables- Fabricado para ser el m\u00e1s ligero del mercado, nuestro muelle hinchable es la extensi\u00f3n perfecta para tu barco.\" \/>\n<meta name=\"robots\" content=\"index, follow, max-snippet:-1, max-image-preview:large, max-video-preview:-1\" \/>\n<link rel=\"canonical\" href=\"https:\/\/thesuperyachtinflatables.com\/es\/producto\/plataforma-inflable-4-x-2-metros-2\/\" \/>\n<meta property=\"og:locale\" content=\"es_ES\" \/>\n<meta property=\"og:type\" content=\"article\" \/>\n<meta property=\"og:title\" content=\"Muelle Hinchable 4x2m | Plataforma Superyate | SYI\" \/>\n<meta property=\"og:description\" content=\"Plataforma Inflable 4 x 2 metros- Superyacht Inflatables- Fabricado para ser el m\u00e1s ligero del mercado, nuestro muelle hinchable es la extensi\u00f3n perfecta para tu barco.\" \/>\n<meta property=\"og:url\" content=\"https:\/\/thesuperyachtinflatables.com\/es\/producto\/plataforma-inflable-4-x-2-metros-2\/\" \/>\n<meta property=\"og:site_name\" content=\"Superyacht Inflatables\" \/>\n<meta property=\"article:modified_time\" content=\"2026-03-07T12:25:41+00:00\" \/>\n<meta property=\"og:image\" content=\"https:\/\/thesuperyachtinflatables.com\/wp-content\/uploads\/2025\/03\/inflatable-platform-teak-boat.webp\" \/>\n\t<meta property=\"og:image:width\" content=\"800\" \/>\n\t<meta property=\"og:image:height\" content=\"800\" \/>\n\t<meta property=\"og:image:type\" content=\"image\/webp\" \/>\n<meta name=\"twitter:card\" content=\"summary_large_image\" \/>\n<meta name=\"twitter:label1\" content=\"Precio\" \/>\n\t<meta name=\"twitter:data1\" content=\"2.110,00&nbsp;\u20ac\" \/>\n\t<meta name=\"twitter:label2\" content=\"Disponibilidad\" \/>\n\t<meta name=\"twitter:data2\" content=\"Disponible\" \/>\n<script type=\"application\/ld+json\" class=\"yoast-schema-graph\">{\"@context\":\"https:\/\/schema.org\",\"@graph\":[{\"@type\":\"WebPage\",\"@id\":\"https:\/\/thesuperyachtinflatables.com\/es\/producto\/plataforma-inflable-4-x-2-metros-2\/\",\"url\":\"https:\/\/thesuperyachtinflatables.com\/es\/producto\/plataforma-inflable-4-x-2-metros-2\/\",\"name\":\"Muelle Hinchable 4x2m | Plataforma Superyate | SYI\",\"isPartOf\":{\"@id\":\"https:\/\/thesuperyachtinflatables.com\/es\/#website\"},\"primaryImageOfPage\":{\"@id\":\"https:\/\/thesuperyachtinflatables.com\/es\/producto\/plataforma-inflable-4-x-2-metros-2\/#primaryimage\"},\"image\":{\"@id\":\"https:\/\/thesuperyachtinflatables.com\/es\/producto\/plataforma-inflable-4-x-2-metros-2\/#primaryimage\"},\"thumbnailUrl\":\"https:\/\/thesuperyachtinflatables.com\/wp-content\/uploads\/2025\/03\/inflatable-platform-teak-boat.webp\",\"datePublished\":\"2023-01-16T12:41:14+00:00\",\"dateModified\":\"2026-03-07T12:25:41+00:00\",\"description\":\"Plataforma Inflable 4 x 2 metros- Superyacht Inflatables- Fabricado para ser el m\u00e1s ligero del mercado, nuestro muelle hinchable es la extensi\u00f3n perfecta para tu barco.\",\"breadcrumb\":{\"@id\":\"https:\/\/thesuperyachtinflatables.com\/es\/producto\/plataforma-inflable-4-x-2-metros-2\/#breadcrumb\"},\"inLanguage\":\"es\",\"potentialAction\":[{\"@type\":\"ReadAction\",\"target\":[\"https:\/\/thesuperyachtinflatables.com\/es\/producto\/plataforma-inflable-4-x-2-metros-2\/\"]}]},{\"@type\":\"ImageObject\",\"inLanguage\":\"es\",\"@id\":\"https:\/\/thesuperyachtinflatables.com\/es\/producto\/plataforma-inflable-4-x-2-metros-2\/#primaryimage\",\"url\":\"https:\/\/thesuperyachtinflatables.com\/wp-content\/uploads\/2025\/03\/inflatable-platform-teak-boat.webp\",\"contentUrl\":\"https:\/\/thesuperyachtinflatables.com\/wp-content\/uploads\/2025\/03\/inflatable-platform-teak-boat.webp\",\"width\":800,\"height\":800},{\"@type\":\"BreadcrumbList\",\"@id\":\"https:\/\/thesuperyachtinflatables.com\/es\/producto\/plataforma-inflable-4-x-2-metros-2\/#breadcrumb\",\"itemListElement\":[{\"@type\":\"ListItem\",\"position\":1,\"name\":\"Inicio\",\"item\":\"https:\/\/thesuperyachtinflatables.com\/es\/superyacht-inflatables\/\"},{\"@type\":\"ListItem\",\"position\":2,\"name\":\"Shop\",\"item\":\"https:\/\/thesuperyachtinflatables.com\/shop\/\"},{\"@type\":\"ListItem\",\"position\":3,\"name\":\"Plataforma Inflable 4 x 2 metros\"}]},{\"@type\":\"WebSite\",\"@id\":\"https:\/\/thesuperyachtinflatables.com\/es\/#website\",\"url\":\"https:\/\/thesuperyachtinflatables.com\/es\/\",\"name\":\"Superyacht Inflatables\",\"description\":\"Yacht Inflatable Toys, Pools, Slides &amp; Docks\",\"publisher\":{\"@id\":\"https:\/\/thesuperyachtinflatables.com\/es\/#organization\"},\"potentialAction\":[{\"@type\":\"SearchAction\",\"target\":{\"@type\":\"EntryPoint\",\"urlTemplate\":\"https:\/\/thesuperyachtinflatables.com\/es\/?s={search_term_string}\"},\"query-input\":{\"@type\":\"PropertyValueSpecification\",\"valueRequired\":true,\"valueName\":\"search_term_string\"}}],\"inLanguage\":\"es\"},{\"@type\":\"Organization\",\"@id\":\"https:\/\/thesuperyachtinflatables.com\/es\/#organization\",\"name\":\"Superyacht Inflatables\",\"url\":\"https:\/\/thesuperyachtinflatables.com\/es\/\",\"logo\":{\"@type\":\"ImageObject\",\"inLanguage\":\"es\",\"@id\":\"https:\/\/thesuperyachtinflatables.com\/es\/#\/schema\/logo\/image\/\",\"url\":\"https:\/\/thesuperyachtinflatables.com\/wp-content\/uploads\/2023\/01\/logo-footer.webp\",\"contentUrl\":\"https:\/\/thesuperyachtinflatables.com\/wp-content\/uploads\/2023\/01\/logo-footer.webp\",\"width\":1920,\"height\":1080,\"caption\":\"Superyacht Inflatables\"},\"image\":{\"@id\":\"https:\/\/thesuperyachtinflatables.com\/es\/#\/schema\/logo\/image\/\"}}]}<\/script>\n<meta property=\"product:price:amount\" content=\"2110.00\" \/>\n<meta property=\"product:price:currency\" content=\"EUR\" \/>\n<meta property=\"og:availability\" content=\"instock\" \/>\n<meta property=\"product:availability\" content=\"instock\" \/>\n<meta property=\"product:retailer_item_id\" content=\"YP-00003394-1\" \/>\n<meta property=\"product:condition\" content=\"new\" \/>\n<!-- \/ Yoast SEO plugin. -->","yoast_head_json":{"title":"Muelle Hinchable 4x2m | Plataforma Superyate | SYI","description":"Plataforma Inflable 4 x 2 metros- Superyacht Inflatables- Fabricado para ser el m\u00e1s ligero del mercado, nuestro muelle hinchable es la extensi\u00f3n perfecta para tu barco.","robots":{"index":"index","follow":"follow","max-snippet":"max-snippet:-1","max-image-preview":"max-image-preview:large","max-video-preview":"max-video-preview:-1"},"canonical":"https:\/\/thesuperyachtinflatables.com\/es\/producto\/plataforma-inflable-4-x-2-metros-2\/","og_locale":"es_ES","og_type":"article","og_title":"Muelle Hinchable 4x2m | Plataforma Superyate | SYI","og_description":"Plataforma Inflable 4 x 2 metros- Superyacht Inflatables- Fabricado para ser el m\u00e1s ligero del mercado, nuestro muelle hinchable es la extensi\u00f3n perfecta para tu barco.","og_url":"https:\/\/thesuperyachtinflatables.com\/es\/producto\/plataforma-inflable-4-x-2-metros-2\/","og_site_name":"Superyacht Inflatables","article_modified_time":"2026-03-07T12:25:41+00:00","og_image":[{"width":800,"height":800,"url":"https:\/\/thesuperyachtinflatables.com\/wp-content\/uploads\/2025\/03\/inflatable-platform-teak-boat.webp","type":"image\/webp"}],"twitter_card":"summary_large_image","twitter_misc":{"Precio":"2.110,00&nbsp;\u20ac","Disponibilidad":"Disponible"},"schema":{"@context":"https:\/\/schema.org","@graph":[{"@type":"WebPage","@id":"https:\/\/thesuperyachtinflatables.com\/es\/producto\/plataforma-inflable-4-x-2-metros-2\/","url":"https:\/\/thesuperyachtinflatables.com\/es\/producto\/plataforma-inflable-4-x-2-metros-2\/","name":"Muelle Hinchable 4x2m | Plataforma Superyate | SYI","isPartOf":{"@id":"https:\/\/thesuperyachtinflatables.com\/es\/#website"},"primaryImageOfPage":{"@id":"https:\/\/thesuperyachtinflatables.com\/es\/producto\/plataforma-inflable-4-x-2-metros-2\/#primaryimage"},"image":{"@id":"https:\/\/thesuperyachtinflatables.com\/es\/producto\/plataforma-inflable-4-x-2-metros-2\/#primaryimage"},"thumbnailUrl":"https:\/\/thesuperyachtinflatables.com\/wp-content\/uploads\/2025\/03\/inflatable-platform-teak-boat.webp","datePublished":"2023-01-16T12:41:14+00:00","dateModified":"2026-03-07T12:25:41+00:00","description":"Plataforma Inflable 4 x 2 metros- Superyacht Inflatables- Fabricado para ser el m\u00e1s ligero del mercado, nuestro muelle hinchable es la extensi\u00f3n perfecta para tu barco.","breadcrumb":{"@id":"https:\/\/thesuperyachtinflatables.com\/es\/producto\/plataforma-inflable-4-x-2-metros-2\/#breadcrumb"},"inLanguage":"es","potentialAction":[{"@type":"ReadAction","target":["https:\/\/thesuperyachtinflatables.com\/es\/producto\/plataforma-inflable-4-x-2-metros-2\/"]}]},{"@type":"ImageObject","inLanguage":"es","@id":"https:\/\/thesuperyachtinflatables.com\/es\/producto\/plataforma-inflable-4-x-2-metros-2\/#primaryimage","url":"https:\/\/thesuperyachtinflatables.com\/wp-content\/uploads\/2025\/03\/inflatable-platform-teak-boat.webp","contentUrl":"https:\/\/thesuperyachtinflatables.com\/wp-content\/uploads\/2025\/03\/inflatable-platform-teak-boat.webp","width":800,"height":800},{"@type":"BreadcrumbList","@id":"https:\/\/thesuperyachtinflatables.com\/es\/producto\/plataforma-inflable-4-x-2-metros-2\/#breadcrumb","itemListElement":[{"@type":"ListItem","position":1,"name":"Inicio","item":"https:\/\/thesuperyachtinflatables.com\/es\/superyacht-inflatables\/"},{"@type":"ListItem","position":2,"name":"Shop","item":"https:\/\/thesuperyachtinflatables.com\/shop\/"},{"@type":"ListItem","position":3,"name":"Plataforma Inflable 4 x 2 metros"}]},{"@type":"WebSite","@id":"https:\/\/thesuperyachtinflatables.com\/es\/#website","url":"https:\/\/thesuperyachtinflatables.com\/es\/","name":"Superyacht Inflatables","description":"Yacht Inflatable Toys, Pools, Slides &amp; Docks","publisher":{"@id":"https:\/\/thesuperyachtinflatables.com\/es\/#organization"},"potentialAction":[{"@type":"SearchAction","target":{"@type":"EntryPoint","urlTemplate":"https:\/\/thesuperyachtinflatables.com\/es\/?s={search_term_string}"},"query-input":{"@type":"PropertyValueSpecification","valueRequired":true,"valueName":"search_term_string"}}],"inLanguage":"es"},{"@type":"Organization","@id":"https:\/\/thesuperyachtinflatables.com\/es\/#organization","name":"Superyacht Inflatables","url":"https:\/\/thesuperyachtinflatables.com\/es\/","logo":{"@type":"ImageObject","inLanguage":"es","@id":"https:\/\/thesuperyachtinflatables.com\/es\/#\/schema\/logo\/image\/","url":"https:\/\/thesuperyachtinflatables.com\/wp-content\/uploads\/2023\/01\/logo-footer.webp","contentUrl":"https:\/\/thesuperyachtinflatables.com\/wp-content\/uploads\/2023\/01\/logo-footer.webp","width":1920,"height":1080,"caption":"Superyacht Inflatables"},"image":{"@id":"https:\/\/thesuperyachtinflatables.com\/es\/#\/schema\/logo\/image\/"}}]},"product_price_amount":"2110.00","product_price_currency":"EUR","og_availability":"instock","product_availability":"instock","product_retailer_item_id":"YP-00003394-1","product_condition":"new"},"_links":{"self":[{"href":"https:\/\/thesuperyachtinflatables.com\/es\/wp-json\/wp\/v2\/product\/12944","targetHints":{"allow":["GET"]}}],"collection":[{"href":"https:\/\/thesuperyachtinflatables.com\/es\/wp-json\/wp\/v2\/product"}],"about":[{"href":"https:\/\/thesuperyachtinflatables.com\/es\/wp-json\/wp\/v2\/types\/product"}],"replies":[{"embeddable":true,"href":"https:\/\/thesuperyachtinflatables.com\/es\/wp-json\/wp\/v2\/comments?post=12944"}],"version-history":[{"count":11,"href":"https:\/\/thesuperyachtinflatables.com\/es\/wp-json\/wp\/v2\/product\/12944\/revisions"}],"predecessor-version":[{"id":20158,"href":"https:\/\/thesuperyachtinflatables.com\/es\/wp-json\/wp\/v2\/product\/12944\/revisions\/20158"}],"wp:featuredmedia":[{"embeddable":true,"href":"https:\/\/thesuperyachtinflatables.com\/es\/wp-json\/wp\/v2\/media\/13632"}],"wp:attachment":[{"href":"https:\/\/thesuperyachtinflatables.com\/es\/wp-json\/wp\/v2\/media?parent=12944"}],"wp:term":[{"taxonomy":"product_brand","embeddable":true,"href":"https:\/\/thesuperyachtinflatables.com\/es\/wp-json\/wp\/v2\/product_brand?post=12944"},{"taxonomy":"product_cat","embeddable":true,"href":"https:\/\/thesuperyachtinflatables.com\/es\/wp-json\/wp\/v2\/product_cat?post=12944"},{"taxonomy":"product_tag","embeddable":true,"href":"https:\/\/thesuperyachtinflatables.com\/es\/wp-json\/wp\/v2\/product_tag?post=12944"}],"curies":[{"name":"wp","href":"https:\/\/api.w.org\/{rel}","templated":true}]}}