{"id":14596,"date":"2021-09-10T07:47:51","date_gmt":"2021-09-10T06:47:51","guid":{"rendered":"https:\/\/thesuperyachtinflatables.com\/contact\/"},"modified":"2026-01-02T14:01:31","modified_gmt":"2026-01-02T13:01:31","slug":"contact","status":"publish","type":"page","link":"https:\/\/thesuperyachtinflatables.com\/fr\/contact\/","title":{"rendered":"Contact"},"content":{"rendered":"\t\t<div data-elementor-type=\"wp-page\" data-elementor-id=\"14596\" class=\"elementor elementor-14596 elementor-111\" data-elementor-post-type=\"page\">\n\t\t\t\t\t\t<section class=\"elementor-section elementor-top-section elementor-element elementor-element-c096aa1 elementor-section-content-middle elementor-reverse-mobile elementor-section-boxed elementor-section-height-default elementor-section-height-default\" data-id=\"c096aa1\" data-element_type=\"section\" data-e-type=\"section\">\n\t\t\t\t\t\t<div class=\"elementor-container elementor-column-gap-no\">\n\t\t\t\t\t<div class=\"elementor-column elementor-col-50 elementor-top-column elementor-element elementor-element-248acc9\" data-id=\"248acc9\" data-element_type=\"column\" data-e-type=\"column\">\n\t\t\t<div class=\"elementor-widget-wrap elementor-element-populated\">\n\t\t\t\t\t\t<div class=\"elementor-element elementor-element-3e0076e elementor-widget elementor-widget-google_maps\" data-id=\"3e0076e\" data-element_type=\"widget\" data-e-type=\"widget\" data-widget_type=\"google_maps.default\">\n\t\t\t\t\t\t\t<div class=\"elementor-custom-embed\">\n\t\t\t<iframe\n\t\t\t\t\tdata-src=\"https:\/\/maps.google.com\/maps?q=Port%20Adriano%2C%20Mallorca&#038;t=m&#038;z=10&#038;output=embed&#038;iwloc=near\"\n\t\t\t\t\ttitle=\"Port Adriano, Mallorca\"\n\t\t\t\t\taria-label=\"Port Adriano, Mallorca\"\n\t\t\t src=\"data:image\/svg+xml;base64,PHN2ZyB3aWR0aD0iMSIgaGVpZ2h0PSIxIiB4bWxucz0iaHR0cDovL3d3dy53My5vcmcvMjAwMC9zdmciPjwvc3ZnPg==\" class=\"lazyload\" data-load-mode=\"1\"><\/iframe>\n\t\t<\/div>\n\t\t\t\t\t\t<\/div>\n\t\t\t\t\t<\/div>\n\t\t<\/div>\n\t\t\t\t<div class=\"elementor-column elementor-col-50 elementor-top-column elementor-element elementor-element-e3acdc0\" data-id=\"e3acdc0\" data-element_type=\"column\" data-e-type=\"column\" data-settings=\"{&quot;background_background&quot;:&quot;classic&quot;}\">\n\t\t\t<div class=\"elementor-widget-wrap elementor-element-populated\">\n\t\t\t\t<div class=\"elementor-element elementor-element-5b7f8ac e-flex e-con-boxed e-con e-parent\" data-id=\"5b7f8ac\" data-element_type=\"container\" data-e-type=\"container\">\n\t\t\t\t\t<div class=\"e-con-inner\">\n\t\t\t\t<div class=\"elementor-element elementor-element-c002fc1 elementor-widget elementor-widget-heading\" data-id=\"c002fc1\" data-element_type=\"widget\" data-e-type=\"widget\" data-widget_type=\"heading.default\">\n\t\t\t\t\t<h1 class=\"elementor-heading-title elementor-size-default\">Contactez nous<\/h1>\t\t\t\t<\/div>\n\t\t\t\t\t<\/div>\n\t\t\t\t<\/div>\n\t\t\t\t<section class=\"elementor-section elementor-inner-section elementor-element elementor-element-9f9815b elementor-section-boxed elementor-section-height-default elementor-section-height-default\" data-id=\"9f9815b\" data-element_type=\"section\" data-e-type=\"section\">\n\t\t\t\t\t\t<div class=\"elementor-container elementor-column-gap-extended\">\n\t\t\t\t\t<div class=\"elementor-column elementor-col-50 elementor-inner-column elementor-element elementor-element-76e44f7\" data-id=\"76e44f7\" data-element_type=\"column\" data-e-type=\"column\">\n\t\t\t<div class=\"elementor-widget-wrap elementor-element-populated\">\n\t\t\t\t\t\t<div class=\"elementor-element elementor-element-64ac5d8 elementor-widget elementor-widget-heading\" data-id=\"64ac5d8\" data-element_type=\"widget\" data-e-type=\"widget\" data-widget_type=\"heading.default\">\n\t\t\t\t\t<h2 class=\"elementor-heading-title elementor-size-default\">Notre bureau<\/h2>\t\t\t\t<\/div>\n\t\t\t\t<div class=\"elementor-element elementor-element-6b27446 elementor-widget elementor-widget-heading\" data-id=\"6b27446\" data-element_type=\"widget\" data-e-type=\"widget\" data-widget_type=\"heading.default\">\n\t\t\t\t\t<p class=\"elementor-heading-title elementor-size-default\">Carrer Gran Via 22, Local A1- 07180 El Toro, Espagne<\/p>\t\t\t\t<\/div>\n\t\t\t\t<div class=\"elementor-element elementor-element-7c77974 elementor-widget elementor-widget-heading\" data-id=\"7c77974\" data-element_type=\"widget\" data-e-type=\"widget\" data-widget_type=\"heading.default\">\n\t\t\t\t\t<p class=\"elementor-heading-title elementor-size-default\">+34 628 055 474 - Capitaine George<\/p>\t\t\t\t<\/div>\n\t\t\t\t<div class=\"elementor-element elementor-element-53e6f83 elementor-widget elementor-widget-heading\" data-id=\"53e6f83\" data-element_type=\"widget\" data-e-type=\"widget\" data-widget_type=\"heading.default\">\n\t\t\t\t\t<p class=\"elementor-heading-title elementor-size-default\">+34 665 35 50 29 - Bureau<\/p>\t\t\t\t<\/div>\n\t\t\t\t\t<\/div>\n\t\t<\/div>\n\t\t\t\t<div class=\"elementor-column elementor-col-50 elementor-inner-column elementor-element elementor-element-fef46df\" data-id=\"fef46df\" data-element_type=\"column\" data-e-type=\"column\">\n\t\t\t<div class=\"elementor-widget-wrap elementor-element-populated\">\n\t\t\t\t\t\t<div class=\"elementor-element elementor-element-a975ba9 elementor-widget elementor-widget-spacer\" data-id=\"a975ba9\" data-element_type=\"widget\" data-e-type=\"widget\" data-widget_type=\"spacer.default\">\n\t\t\t\t\t\t\t<div class=\"elementor-spacer\">\n\t\t\t<div class=\"elementor-spacer-inner\"><\/div>\n\t\t<\/div>\n\t\t\t\t\t\t<\/div>\n\t\t\t\t<div class=\"elementor-element elementor-element-f533b7f elementor-widget elementor-widget-heading\" data-id=\"f533b7f\" data-element_type=\"widget\" data-e-type=\"widget\" data-widget_type=\"heading.default\">\n\t\t\t\t\t<p class=\"elementor-heading-title elementor-size-default\"><a href=\"http:\/\/info@thesuperyachtinflatables.com\">info@thesuperyachtinflatables.com<\/a><\/p>\t\t\t\t<\/div>\n\t\t\t\t<div class=\"elementor-element elementor-element-32dab22 elementor-widget elementor-widget-heading\" data-id=\"32dab22\" data-element_type=\"widget\" data-e-type=\"widget\" data-widget_type=\"heading.default\">\n\t\t\t\t\t<p class=\"elementor-heading-title elementor-size-default\"><a href=\"mailto:comercial@antijellyfishpool.com\">sales@thesuperyachtinflatables.com<\/a><\/p>\t\t\t\t<\/div>\n\t\t\t\t\t<\/div>\n\t\t<\/div>\n\t\t\t\t\t<\/div>\n\t\t<\/section>\n\t\t\t\t<section class=\"elementor-section elementor-inner-section elementor-element elementor-element-a3512a3 elementor-section-boxed elementor-section-height-default elementor-section-height-default\" data-id=\"a3512a3\" data-element_type=\"section\" data-e-type=\"section\">\n\t\t\t\t\t\t<div class=\"elementor-container elementor-column-gap-extended\">\n\t\t\t\t\t<div class=\"elementor-column elementor-col-100 elementor-inner-column elementor-element elementor-element-1d87fe9\" data-id=\"1d87fe9\" data-element_type=\"column\" data-e-type=\"column\">\n\t\t\t<div class=\"elementor-widget-wrap elementor-element-populated\">\n\t\t\t\t\t\t<div class=\"elementor-element elementor-element-dddaa6f elementor-widget elementor-widget-heading\" data-id=\"dddaa6f\" data-element_type=\"widget\" data-e-type=\"widget\" data-widget_type=\"heading.default\">\n\t\t\t\t\t<h2 class=\"elementor-heading-title elementor-size-default\">Envoyer un message<\/h2>\t\t\t\t<\/div>\n\t\t\t\t\t<\/div>\n\t\t<\/div>\n\t\t\t\t\t<\/div>\n\t\t<\/section>\n\t\t\t\t<div class=\"elementor-element elementor-element-c1cb72d elementor-button-align-stretch elementor-widget elementor-widget-form\" data-id=\"c1cb72d\" data-element_type=\"widget\" data-e-type=\"widget\" data-settings=\"{&quot;step_next_label&quot;:&quot;Suivant&quot;,&quot;step_previous_label&quot;:&quot;Pr\\u00e9c\\u00e9dent&quot;,&quot;button_width&quot;:&quot;100&quot;,&quot;step_type&quot;:&quot;number_text&quot;,&quot;step_icon_shape&quot;:&quot;circle&quot;}\" data-widget_type=\"form.default\">\n\t\t\t\t\t\t\t<form class=\"elementor-form\" method=\"post\" name=\"Nouveau formulaire\" aria-label=\"Nouveau formulaire\">\n\t\t\t<input type=\"hidden\" name=\"post_id\" value=\"14596\"\/>\n\t\t\t<input type=\"hidden\" name=\"form_id\" value=\"c1cb72d\"\/>\n\t\t\t<input type=\"hidden\" name=\"referer_title\" value=\"Contact - Superyacht Inflatables\" \/>\n\n\t\t\t\t\t\t\t<input type=\"hidden\" name=\"queried_id\" value=\"14596\"\/>\n\t\t\t\n\t\t\t<div class=\"elementor-form-fields-wrapper elementor-labels-above\">\n\t\t\t\t\t\t\t\t<div class=\"elementor-field-type-text elementor-field-group elementor-column elementor-field-group-name elementor-col-100\">\n\t\t\t\t\t\t\t\t\t\t\t\t<label for=\"form-field-name\" class=\"elementor-field-label\">\n\t\t\t\t\t\t\t\tNom\t\t\t\t\t\t\t<\/label>\n\t\t\t\t\t\t\t\t\t\t\t\t\t\t<input size=\"1\" type=\"text\" name=\"form_fields[name]\" id=\"form-field-name\" class=\"elementor-field elementor-size-sm  elementor-field-textual\" placeholder=\"Nom\">\n\t\t\t\t\t\t\t\t\t\t\t<\/div>\n\t\t\t\t\t\t\t\t<div class=\"elementor-field-type-email elementor-field-group elementor-column elementor-field-group-email elementor-col-100 elementor-field-required\">\n\t\t\t\t\t\t\t\t\t\t\t\t<label for=\"form-field-email\" class=\"elementor-field-label\">\n\t\t\t\t\t\t\t\tCourriel\t\t\t\t\t\t\t<\/label>\n\t\t\t\t\t\t\t\t\t\t\t\t\t\t<input size=\"1\" type=\"email\" name=\"form_fields[email]\" id=\"form-field-email\" class=\"elementor-field elementor-size-sm  elementor-field-textual\" placeholder=\"Courriel\" required=\"required\">\n\t\t\t\t\t\t\t\t\t\t\t<\/div>\n\t\t\t\t\t\t\t\t<div class=\"elementor-field-type-tel elementor-field-group elementor-column elementor-field-group-field_4f41551 elementor-col-100\">\n\t\t\t\t\t\t\t\t\t\t\t\t<label for=\"form-field-field_4f41551\" class=\"elementor-field-label\">\n\t\t\t\t\t\t\t\tNum\u00e9ro de t\u00e9l\u00e9phone\t\t\t\t\t\t\t<\/label>\n\t\t\t\t\t\t\t\t<input size=\"1\" type=\"tel\" name=\"form_fields[field_4f41551]\" id=\"form-field-field_4f41551\" class=\"elementor-field elementor-size-sm  elementor-field-textual\" placeholder=\"Num\u00e9ro de t\u00e9l\u00e9phone\" pattern=\"[0-9()#&amp;+*-=.]+\" title=\"Seuls les caract\u00e8res de num\u00e9ros de t\u00e9l\u00e9phone (#, -, *, etc.) sont accept\u00e9s.\">\n\n\t\t\t\t\t\t<\/div>\n\t\t\t\t\t\t\t\t<div class=\"elementor-field-type-textarea elementor-field-group elementor-column elementor-field-group-message elementor-col-100\">\n\t\t\t\t\t\t\t\t\t\t\t\t<label for=\"form-field-message\" class=\"elementor-field-label\">\n\t\t\t\t\t\t\t\tMessage\t\t\t\t\t\t\t<\/label>\n\t\t\t\t\t\t<textarea class=\"elementor-field-textual elementor-field  elementor-size-sm\" name=\"form_fields[message]\" id=\"form-field-message\" rows=\"4\" placeholder=\"Message\"><\/textarea>\t\t\t\t<\/div>\n\t\t\t\t\t\t\t\t<div class=\"elementor-field-group elementor-column elementor-field-type-submit elementor-col-100 e-form__buttons\">\n\t\t\t\t\t<button class=\"elementor-button elementor-size-sm\" type=\"submit\">\n\t\t\t\t\t\t<span class=\"elementor-button-content-wrapper\">\n\t\t\t\t\t\t\t\t\t\t\t\t\t\t\t\t\t\t\t\t\t\t<span class=\"elementor-button-text\">Envoyer<\/span>\n\t\t\t\t\t\t\t\t\t\t\t\t\t<\/span>\n\t\t\t\t\t<\/button>\n\t\t\t\t<\/div>\n\t\t\t<\/div>\n\t\t<\/form>\n\t\t\t\t\t\t<\/div>\n\t\t\t\t\t<\/div>\n\t\t<\/div>\n\t\t\t\t\t<\/div>\n\t\t<\/section>\n\t\t\t\t<\/div>\n\t\t","protected":false},"excerpt":{"rendered":"<p>Contactez nous Notre bureau Carrer Gran Via 22, Local A1- 07180 El Toro, Espagne +34 628 055 474 &#8211; Capitaine George +34 665 35 50 29 &#8211; Bureau info@thesuperyachtinflatables.com sales@thesuperyachtinflatables.com Envoyer un message<\/p>\n","protected":false},"author":1,"featured_media":0,"parent":0,"menu_order":0,"comment_status":"closed","ping_status":"closed","template":"","meta":{"_acf_changed":false,"footnotes":""},"class_list":["post-14596","page","type-page","status-publish","hentry"],"acf":[],"yoast_head":"<!-- This site is optimized with the Yoast SEO plugin v27.2 - https:\/\/yoast.com\/product\/yoast-seo-wordpress\/ -->\n<title>Contact - Superyacht Inflatables<\/title>\n<meta name=\"description\" content=\"Contact - Superyacht Inflatables - N&#039;h\u00e9sitez pas \u00e0 nous contacter si vous avez des doutes ou des besoins particuliers. Nous r\u00e9pondrons \u00e0 vos questions ! Contactez nous d\u00e8s maintenant\" \/>\n<meta name=\"robots\" content=\"index, follow, max-snippet:-1, max-image-preview:large, max-video-preview:-1\" \/>\n<link rel=\"canonical\" href=\"https:\/\/thesuperyachtinflatables.com\/fr\/contact\/\" \/>\n<meta property=\"og:locale\" content=\"fr_FR\" \/>\n<meta property=\"og:type\" content=\"article\" \/>\n<meta property=\"og:title\" content=\"Contact - Superyacht Inflatables\" \/>\n<meta property=\"og:description\" content=\"Contact - Superyacht Inflatables - N&#039;h\u00e9sitez pas \u00e0 nous contacter si vous avez des doutes ou des besoins particuliers. Nous r\u00e9pondrons \u00e0 vos questions ! Contactez nous d\u00e8s maintenant\" \/>\n<meta property=\"og:url\" content=\"https:\/\/thesuperyachtinflatables.com\/fr\/contact\/\" \/>\n<meta property=\"og:site_name\" content=\"Superyacht Inflatables\" \/>\n<meta property=\"article:modified_time\" content=\"2026-01-02T13:01:31+00:00\" \/>\n<meta name=\"twitter:card\" content=\"summary_large_image\" \/>\n<script type=\"application\/ld+json\" class=\"yoast-schema-graph\">{\"@context\":\"https:\/\/schema.org\",\"@graph\":[{\"@type\":\"WebPage\",\"@id\":\"https:\/\/thesuperyachtinflatables.com\/fr\/contact\/\",\"url\":\"https:\/\/thesuperyachtinflatables.com\/fr\/contact\/\",\"name\":\"Contact - Superyacht Inflatables\",\"isPartOf\":{\"@id\":\"https:\/\/thesuperyachtinflatables.com\/fr\/#website\"},\"datePublished\":\"2021-09-10T06:47:51+00:00\",\"dateModified\":\"2026-01-02T13:01:31+00:00\",\"description\":\"Contact - Superyacht Inflatables - N'h\u00e9sitez pas \u00e0 nous contacter si vous avez des doutes ou des besoins particuliers. Nous r\u00e9pondrons \u00e0 vos questions ! Contactez nous d\u00e8s maintenant\",\"breadcrumb\":{\"@id\":\"https:\/\/thesuperyachtinflatables.com\/fr\/contact\/#breadcrumb\"},\"inLanguage\":\"fr-FR\",\"potentialAction\":[{\"@type\":\"ReadAction\",\"target\":[\"https:\/\/thesuperyachtinflatables.com\/fr\/contact\/\"]}]},{\"@type\":\"BreadcrumbList\",\"@id\":\"https:\/\/thesuperyachtinflatables.com\/fr\/contact\/#breadcrumb\",\"itemListElement\":[{\"@type\":\"ListItem\",\"position\":1,\"name\":\"Accueil\",\"item\":\"https:\/\/thesuperyachtinflatables.com\/fr\/superyacht-inflatables\/\"},{\"@type\":\"ListItem\",\"position\":2,\"name\":\"Contact\"}]},{\"@type\":\"WebSite\",\"@id\":\"https:\/\/thesuperyachtinflatables.com\/fr\/#website\",\"url\":\"https:\/\/thesuperyachtinflatables.com\/fr\/\",\"name\":\"Superyacht Inflatables\",\"description\":\"Yacht Inflatable Toys, Pools, Slides &amp; Docks\",\"publisher\":{\"@id\":\"https:\/\/thesuperyachtinflatables.com\/fr\/#organization\"},\"potentialAction\":[{\"@type\":\"SearchAction\",\"target\":{\"@type\":\"EntryPoint\",\"urlTemplate\":\"https:\/\/thesuperyachtinflatables.com\/fr\/?s={search_term_string}\"},\"query-input\":{\"@type\":\"PropertyValueSpecification\",\"valueRequired\":true,\"valueName\":\"search_term_string\"}}],\"inLanguage\":\"fr-FR\"},{\"@type\":\"Organization\",\"@id\":\"https:\/\/thesuperyachtinflatables.com\/fr\/#organization\",\"name\":\"Superyacht Inflatables\",\"url\":\"https:\/\/thesuperyachtinflatables.com\/fr\/\",\"logo\":{\"@type\":\"ImageObject\",\"inLanguage\":\"fr-FR\",\"@id\":\"https:\/\/thesuperyachtinflatables.com\/fr\/#\/schema\/logo\/image\/\",\"url\":\"https:\/\/thesuperyachtinflatables.com\/wp-content\/uploads\/2023\/01\/logo-footer.webp\",\"contentUrl\":\"https:\/\/thesuperyachtinflatables.com\/wp-content\/uploads\/2023\/01\/logo-footer.webp\",\"width\":1920,\"height\":1080,\"caption\":\"Superyacht Inflatables\"},\"image\":{\"@id\":\"https:\/\/thesuperyachtinflatables.com\/fr\/#\/schema\/logo\/image\/\"}}]}<\/script>\n<!-- \/ Yoast SEO plugin. -->","yoast_head_json":{"title":"Contact - Superyacht Inflatables","description":"Contact - Superyacht Inflatables - N'h\u00e9sitez pas \u00e0 nous contacter si vous avez des doutes ou des besoins particuliers. Nous r\u00e9pondrons \u00e0 vos questions ! Contactez nous d\u00e8s maintenant","robots":{"index":"index","follow":"follow","max-snippet":"max-snippet:-1","max-image-preview":"max-image-preview:large","max-video-preview":"max-video-preview:-1"},"canonical":"https:\/\/thesuperyachtinflatables.com\/fr\/contact\/","og_locale":"fr_FR","og_type":"article","og_title":"Contact - Superyacht Inflatables","og_description":"Contact - Superyacht Inflatables - N'h\u00e9sitez pas \u00e0 nous contacter si vous avez des doutes ou des besoins particuliers. Nous r\u00e9pondrons \u00e0 vos questions ! Contactez nous d\u00e8s maintenant","og_url":"https:\/\/thesuperyachtinflatables.com\/fr\/contact\/","og_site_name":"Superyacht Inflatables","article_modified_time":"2026-01-02T13:01:31+00:00","twitter_card":"summary_large_image","schema":{"@context":"https:\/\/schema.org","@graph":[{"@type":"WebPage","@id":"https:\/\/thesuperyachtinflatables.com\/fr\/contact\/","url":"https:\/\/thesuperyachtinflatables.com\/fr\/contact\/","name":"Contact - Superyacht Inflatables","isPartOf":{"@id":"https:\/\/thesuperyachtinflatables.com\/fr\/#website"},"datePublished":"2021-09-10T06:47:51+00:00","dateModified":"2026-01-02T13:01:31+00:00","description":"Contact - Superyacht Inflatables - N'h\u00e9sitez pas \u00e0 nous contacter si vous avez des doutes ou des besoins particuliers. Nous r\u00e9pondrons \u00e0 vos questions ! Contactez nous d\u00e8s maintenant","breadcrumb":{"@id":"https:\/\/thesuperyachtinflatables.com\/fr\/contact\/#breadcrumb"},"inLanguage":"fr-FR","potentialAction":[{"@type":"ReadAction","target":["https:\/\/thesuperyachtinflatables.com\/fr\/contact\/"]}]},{"@type":"BreadcrumbList","@id":"https:\/\/thesuperyachtinflatables.com\/fr\/contact\/#breadcrumb","itemListElement":[{"@type":"ListItem","position":1,"name":"Accueil","item":"https:\/\/thesuperyachtinflatables.com\/fr\/superyacht-inflatables\/"},{"@type":"ListItem","position":2,"name":"Contact"}]},{"@type":"WebSite","@id":"https:\/\/thesuperyachtinflatables.com\/fr\/#website","url":"https:\/\/thesuperyachtinflatables.com\/fr\/","name":"Superyacht Inflatables","description":"Yacht Inflatable Toys, Pools, Slides &amp; Docks","publisher":{"@id":"https:\/\/thesuperyachtinflatables.com\/fr\/#organization"},"potentialAction":[{"@type":"SearchAction","target":{"@type":"EntryPoint","urlTemplate":"https:\/\/thesuperyachtinflatables.com\/fr\/?s={search_term_string}"},"query-input":{"@type":"PropertyValueSpecification","valueRequired":true,"valueName":"search_term_string"}}],"inLanguage":"fr-FR"},{"@type":"Organization","@id":"https:\/\/thesuperyachtinflatables.com\/fr\/#organization","name":"Superyacht Inflatables","url":"https:\/\/thesuperyachtinflatables.com\/fr\/","logo":{"@type":"ImageObject","inLanguage":"fr-FR","@id":"https:\/\/thesuperyachtinflatables.com\/fr\/#\/schema\/logo\/image\/","url":"https:\/\/thesuperyachtinflatables.com\/wp-content\/uploads\/2023\/01\/logo-footer.webp","contentUrl":"https:\/\/thesuperyachtinflatables.com\/wp-content\/uploads\/2023\/01\/logo-footer.webp","width":1920,"height":1080,"caption":"Superyacht Inflatables"},"image":{"@id":"https:\/\/thesuperyachtinflatables.com\/fr\/#\/schema\/logo\/image\/"}}]}},"_links":{"self":[{"href":"https:\/\/thesuperyachtinflatables.com\/fr\/wp-json\/wp\/v2\/pages\/14596","targetHints":{"allow":["GET"]}}],"collection":[{"href":"https:\/\/thesuperyachtinflatables.com\/fr\/wp-json\/wp\/v2\/pages"}],"about":[{"href":"https:\/\/thesuperyachtinflatables.com\/fr\/wp-json\/wp\/v2\/types\/page"}],"author":[{"embeddable":true,"href":"https:\/\/thesuperyachtinflatables.com\/fr\/wp-json\/wp\/v2\/users\/1"}],"replies":[{"embeddable":true,"href":"https:\/\/thesuperyachtinflatables.com\/fr\/wp-json\/wp\/v2\/comments?post=14596"}],"version-history":[{"count":1,"href":"https:\/\/thesuperyachtinflatables.com\/fr\/wp-json\/wp\/v2\/pages\/14596\/revisions"}],"predecessor-version":[{"id":16471,"href":"https:\/\/thesuperyachtinflatables.com\/fr\/wp-json\/wp\/v2\/pages\/14596\/revisions\/16471"}],"wp:attachment":[{"href":"https:\/\/thesuperyachtinflatables.com\/fr\/wp-json\/wp\/v2\/media?parent=14596"}],"curies":[{"name":"wp","href":"https:\/\/api.w.org\/{rel}","templated":true}]}}