{"id":17641,"date":"2023-01-20T16:12:36","date_gmt":"2023-01-20T15:12:36","guid":{"rendered":"https:\/\/thesuperyachtinflatables.com\/product\/boat-pool-5-x-4-metres\/"},"modified":"2026-03-21T12:21:52","modified_gmt":"2026-03-21T11:21:52","slug":"boat-pool-5-x-4-metres","status":"publish","type":"product","link":"https:\/\/thesuperyachtinflatables.com\/fr\/produit\/boat-pool-5-x-4-metres\/","title":{"rendered":"Piscine de Bateau 5 x 4 m\u00e8tres"},"content":{"rendered":"\t\t<div data-elementor-type=\"wp-post\" data-elementor-id=\"17641\" class=\"elementor elementor-17641 elementor-11370\" data-elementor-post-type=\"product\">\n\t\t\t\t<div class=\"elementor-element elementor-element-657c921 e-flex e-con-boxed e-con e-parent\" data-id=\"657c921\" data-element_type=\"container\" data-e-type=\"container\">\n\t\t\t\t\t<div class=\"e-con-inner\">\n\t\t\t\t<div class=\"elementor-element elementor-element-09d6b8e elementor-widget elementor-widget-heading\" data-id=\"09d6b8e\" data-element_type=\"widget\" data-e-type=\"widget\" data-widget_type=\"heading.default\">\n\t\t\t\t\t<h2 class=\"elementor-heading-title elementor-size-default\">Piscine Marine<\/h2>\t\t\t\t<\/div>\n\t\t\t\t<div class=\"elementor-element elementor-element-416b439 elementor-widget elementor-widget-text-editor\" data-id=\"416b439\" data-element_type=\"widget\" data-e-type=\"widget\" data-widget_type=\"text-editor.default\">\n\t\t\t\t\t\t\t\t\t<p>D\u00e9couvrez l&rsquo;innovant Yacht Pool par Ocean Yacht Pool, id\u00e9al pour des journ\u00e9es piscine luxueuses sur votre yacht.<\/p>\n<p>Con\u00e7ue pour des baignades insouciantes en pleine mer et des moments de d\u00e9tente derri\u00e8re votre bateau, cette piscine garantit une exp\u00e9rience aquatique sereine. Plongez dans l&rsquo;oc\u00e9an sans vous soucier des m\u00e9duses, des cr\u00e9atures marines ou des d\u00e9bris, gr\u00e2ce \u00e0 son filet de protection int\u00e9rieur en PVC finement tiss\u00e9, assurant une s\u00e9curit\u00e9 optimale.<\/p>\n\t\t\t\t\t\t\t\t<\/div>\n\t\t\t\t\t<\/div>\n\t\t\t\t<\/div>\n\t\t<div class=\"elementor-element elementor-element-03180f4 e-flex e-con-boxed e-con e-parent\" data-id=\"03180f4\" data-element_type=\"container\" data-e-type=\"container\">\n\t\t\t\t\t<div class=\"e-con-inner\">\n\t\t<div class=\"elementor-element elementor-element-f6b6b0c e-con-full e-flex e-con e-child\" data-id=\"f6b6b0c\" data-element_type=\"container\" data-e-type=\"container\">\n\t\t\t\t<div class=\"elementor-element elementor-element-ad9a8e1 elementor-widget elementor-widget-heading\" data-id=\"ad9a8e1\" data-element_type=\"widget\" data-e-type=\"widget\" data-widget_type=\"heading.default\">\n\t\t\t\t\t<h3 class=\"elementor-heading-title elementor-size-default\">Guide des Tailles<\/h3>\t\t\t\t<\/div>\n\t\t\t\t<div class=\"elementor-element elementor-element-c16d00b elementor-widget elementor-widget-text-editor\" data-id=\"c16d00b\" data-element_type=\"widget\" data-e-type=\"widget\" data-widget_type=\"text-editor.default\">\n\t\t\t\t\t\t\t\t\t<p>D\u00e9couvrez l&rsquo;Ocean Yacht Pool en diff\u00e9rentes tailles selon vos besoins.<\/p>\n<ul>\n<li>Menorca : 3 x 2,7 x 2 m\u00e8tres \u2013 Recommand\u00e9e pour les bateaux jusqu&rsquo;\u00e0 10m<\/li>\n<li>Mallorca : 4 x 3 x 2,2 m\u00e8tres \u2013 Recommand\u00e9e pour les bateaux jusqu&rsquo;\u00e0 18m<\/li>\n<li><strong>Ibiza : 5 x 4 x 2,2 m\u00e8tres \u2013 Recommand\u00e9e pour les bateaux jusqu&rsquo;\u00e0 24m<\/strong><\/li>\n<li>Dino : 6 x 5 x 2,2 m\u00e8tres \u2013 Recommand\u00e9e pour les bateaux de plus de 24m<\/li>\n<\/ul>\n<p><span style=\"text-decoration: underline;\"><strong>Personnalisez votre piscine \u00e0 votre go\u00fbt : Couleur, Nom et Logo ! Contactez-nous pour plus d&rsquo;informations.<\/strong><\/span><\/p>\n\t\t\t\t\t\t\t\t<\/div>\n\t\t\t\t<\/div>\n\t\t<div class=\"elementor-element elementor-element-54ffe6a e-con-full e-flex e-con e-child\" data-id=\"54ffe6a\" data-element_type=\"container\" data-e-type=\"container\">\n\t\t\t\t<div class=\"elementor-element elementor-element-a38fc8b elementor-widget elementor-widget-heading\" data-id=\"a38fc8b\" data-element_type=\"widget\" data-e-type=\"widget\" data-widget_type=\"heading.default\">\n\t\t\t\t\t<h3 class=\"elementor-heading-title elementor-size-default\">Dimensions et Poids D\u00e9gonfl\u00e9<\/h3>\t\t\t\t<\/div>\n\t\t\t\t<div class=\"elementor-element elementor-element-1a31762 elementor-widget elementor-widget-text-editor\" data-id=\"1a31762\" data-element_type=\"widget\" data-e-type=\"widget\" data-widget_type=\"text-editor.default\">\n\t\t\t\t\t\t\t\t\t<p>Guide des dimensions d\u00e9gonfl\u00e9es des Yacht Pools dans leur sac \u00e9tanche :<\/p>\n<ul>\n<li>Menorca: 30 x 30 x 60 centim\u00e8tres \u2013 8Kg<\/li>\n<li>Mallorca: 33 x 33 x 60 centim\u00e8tres \u2013 12kg<\/li>\n<li>Ibiza: 40 x 40 x 70 centim\u00e8tres \u2013 15kg<\/li>\n<li>Dino: 45 x 45 x 72 centim\u00e8tres \u2013 18kg<\/li>\n<\/ul>\n\t\t\t\t\t\t\t\t<\/div>\n\t\t\t\t<\/div>\n\t\t\t\t\t<\/div>\n\t\t\t\t<\/div>\n\t\t<div class=\"elementor-element elementor-element-71b6b59 e-flex e-con-boxed e-con e-parent\" data-id=\"71b6b59\" data-element_type=\"container\" data-e-type=\"container\">\n\t\t\t\t\t<div class=\"e-con-inner\">\n\t\t\t\t<div class=\"elementor-element elementor-element-4e92190 elementor-widget elementor-widget-heading\" data-id=\"4e92190\" data-element_type=\"widget\" data-e-type=\"widget\" data-widget_type=\"heading.default\">\n\t\t\t\t\t<h3 class=\"elementor-heading-title elementor-size-default\">Avantages de notre Sea Pool<\/h3>\t\t\t\t<\/div>\n\t\t\t\t<div class=\"elementor-element elementor-element-db03915 elementor-widget elementor-widget-text-editor\" data-id=\"db03915\" data-element_type=\"widget\" data-e-type=\"widget\" data-widget_type=\"text-editor.default\">\n\t\t\t\t\t\t\t\t\t<p>Notre Sea Pool pr\u00e9sente de multiples avantages. En voici quelques-uns :<\/p>\n<ul>\n<li><strong>La plus l\u00e9g\u00e8re du march\u00e9<\/strong> : Con\u00e7ue pour \u00eatre exceptionnellement l\u00e9g\u00e8re et facile \u00e0 utiliser.<\/li>\n<li><strong>Facile \u00e0 utiliser<\/strong> : Utilisable par une seule personne, significativement plus l\u00e9g\u00e8re que la concurrence, et con\u00e7ue pour le plaisir et la durabilit\u00e9.<\/li>\n<li><strong>Rangement compact<\/strong> : Facilement pliable pour un espace de rangement minimal sur le bateau.<\/li>\n<li><strong>Mat\u00e9riaux haute technologie<\/strong> : Construite en PVC renforc\u00e9 d&rsquo;une \u00e9paisseur de 1mm.<\/li>\n<li><strong>Protection contre les m\u00e9duses, la salet\u00e9 et les cr\u00e9atures marines<\/strong> : Garantit une exp\u00e9rience de baignade s\u00fbre et propre.<\/li>\n<\/ul>\n\t\t\t\t\t\t\t\t<\/div>\n\t\t\t\t<div class=\"elementor-element elementor-element-9c44add elementor-widget elementor-widget-heading\" data-id=\"9c44add\" data-element_type=\"widget\" data-e-type=\"widget\" data-widget_type=\"heading.default\">\n\t\t\t\t\t<h3 class=\"elementor-heading-title elementor-size-default\">Comment utiliser notre Sea Pool ?<\/h3>\t\t\t\t<\/div>\n\t\t\t\t<div class=\"elementor-element elementor-element-3ed7bbe elementor-widget elementor-widget-text-editor\" data-id=\"3ed7bbe\" data-element_type=\"widget\" data-e-type=\"widget\" data-widget_type=\"text-editor.default\">\n\t\t\t\t\t\t\t\t\t<p><strong>Gonflage<\/strong> : En moins de 2 minutes avec une pompe \u00e9lectrique.<\/p>\n<p><strong>D\u00e9gonflage<\/strong> : En moins de 4 minutes.<\/p>\n<p><strong>Rangement<\/strong> : Pli\u00e9 en moins de 2 minutes.<\/p>\n\t\t\t\t\t\t\t\t<\/div>\n\t\t\t\t<div class=\"elementor-element elementor-element-a862206 elementor-widget elementor-widget-heading\" data-id=\"a862206\" data-element_type=\"widget\" data-e-type=\"widget\" data-widget_type=\"heading.default\">\n\t\t\t\t\t<h3 class=\"elementor-heading-title elementor-size-default\">Personnalisez votre Sea Pool \u00e0 votre go\u00fbt : Couleur, Nom et Logo !<\/h3>\t\t\t\t<\/div>\n\t\t\t\t<div class=\"elementor-element elementor-element-039ca3e elementor-widget elementor-widget-text-editor\" data-id=\"039ca3e\" data-element_type=\"widget\" data-e-type=\"widget\" data-widget_type=\"text-editor.default\">\n\t\t\t\t\t\t\t\t\t<p>Chez Ocean Yacht Pool, nous offrons des solutions pour tous vos besoins. Si vous souhaitez acheter l&rsquo;un de nos produits et le personnaliser avec le nom de votre bateau, votre logo ou une couleur sp\u00e9cifique, nous pouvons adapter la piscine selon vos sp\u00e9cifications. Pour trouver la solution parfaite, veuillez nous contacter et demander un devis. Notre \u00e9quipe sera ravie de vous aider !<\/p>\n\t\t\t\t\t\t\t\t<\/div>\n\t\t\t\t\t<\/div>\n\t\t\t\t<\/div>\n\t\t\t\t<\/div>\n\t\t","protected":false},"excerpt":{"rendered":"<p>D\u00e9couvrez le Superyacht Inflatable en diff\u00e9rentes tailles selon vos besoins. Les tailles sont les suivantes :<\/p>\n<ul>\n<li>Menorca : 3 x 2,7 x 2 m\u00e8tres \u2013 8kg<\/li>\n<li>Mallorca : 4 x 3 x 2,2 m\u00e8tres \u2013 12kg<\/li>\n<li><strong>Ibiza : 5 x 4 x 2,2 m\u00e8tres \u2013 15kg<\/strong><\/li>\n<li>Dino : 6 x 5 x 2,2 m\u00e8tres \u2013 18kg<\/li>\n<\/ul>\n<p>&nbsp;<\/p>\n","protected":false},"featured_media":17642,"comment_status":"open","ping_status":"closed","template":"","meta":{"_acf_changed":false},"product_brand":[],"product_cat":[389,396],"product_tag":[336],"class_list":{"0":"post-17641","1":"product","2":"type-product","3":"status-publish","4":"has-post-thumbnail","6":"product_cat-piscine-anti-meduses","7":"product_cat-bestseller","8":"product_tag-yacht-pool","10":"first","11":"instock","12":"taxable","13":"shipping-taxable","14":"purchasable","15":"product-type-variable"},"acf":[],"yoast_head":"<!-- This site is optimized with the Yoast SEO plugin v27.2 - https:\/\/yoast.com\/product\/yoast-seo-wordpress\/ -->\n<title>Piscine Anti-M\u00e9duses 5x4m | Grande Piscine Superyacht<\/title>\n<meta name=\"description\" content=\"Piscine gonflable de bateau 5 x 4 m. La plus grande piscine pour superyacht. Luxe et confort en haute mer.\" \/>\n<meta name=\"robots\" content=\"index, follow, max-snippet:-1, max-image-preview:large, max-video-preview:-1\" \/>\n<link rel=\"canonical\" href=\"https:\/\/thesuperyachtinflatables.com\/fr\/produit\/boat-pool-5-x-4-metres\/\" \/>\n<meta property=\"og:locale\" content=\"fr_FR\" \/>\n<meta property=\"og:type\" content=\"article\" \/>\n<meta property=\"og:title\" content=\"Piscine Anti-M\u00e9duses 5x4m | Grande Piscine Superyacht\" \/>\n<meta property=\"og:description\" content=\"Piscine gonflable de bateau 5 x 4 m. La plus grande piscine pour superyacht. Luxe et confort en haute mer.\" \/>\n<meta property=\"og:url\" content=\"https:\/\/thesuperyachtinflatables.com\/fr\/produit\/boat-pool-5-x-4-metres\/\" \/>\n<meta property=\"og:site_name\" content=\"Superyacht Inflatables\" \/>\n<meta property=\"article:modified_time\" content=\"2026-03-21T11:21:52+00:00\" \/>\n<meta property=\"og:image\" content=\"https:\/\/thesuperyachtinflatables.com\/wp-content\/uploads\/2025\/03\/antijellyfish-pool-orange.webp\" \/>\n\t<meta property=\"og:image:width\" content=\"800\" \/>\n\t<meta property=\"og:image:height\" content=\"800\" \/>\n\t<meta property=\"og:image:type\" content=\"image\/webp\" \/>\n<meta name=\"twitter:card\" content=\"summary_large_image\" \/>\n<meta name=\"twitter:label1\" content=\"Disponibilit\u00e9\" \/>\n\t<meta name=\"twitter:data1\" content=\"En stock\" \/>\n<script type=\"application\/ld+json\" class=\"yoast-schema-graph\">{\"@context\":\"https:\/\/schema.org\",\"@graph\":[{\"@type\":\"WebPage\",\"@id\":\"https:\/\/thesuperyachtinflatables.com\/fr\/produit\/boat-pool-5-x-4-metres\/\",\"url\":\"https:\/\/thesuperyachtinflatables.com\/fr\/produit\/boat-pool-5-x-4-metres\/\",\"name\":\"Piscine Anti-M\u00e9duses 5x4m | Grande Piscine Superyacht\",\"isPartOf\":{\"@id\":\"https:\/\/thesuperyachtinflatables.com\/fr\/#website\"},\"primaryImageOfPage\":{\"@id\":\"https:\/\/thesuperyachtinflatables.com\/fr\/produit\/boat-pool-5-x-4-metres\/#primaryimage\"},\"image\":{\"@id\":\"https:\/\/thesuperyachtinflatables.com\/fr\/produit\/boat-pool-5-x-4-metres\/#primaryimage\"},\"thumbnailUrl\":\"https:\/\/thesuperyachtinflatables.com\/wp-content\/uploads\/2025\/03\/antijellyfish-pool-orange.webp\",\"datePublished\":\"2023-01-20T15:12:36+00:00\",\"dateModified\":\"2026-03-21T11:21:52+00:00\",\"description\":\"Piscine gonflable de bateau 5 x 4 m. La plus grande piscine pour superyacht. Luxe et confort en haute mer.\",\"breadcrumb\":{\"@id\":\"https:\/\/thesuperyachtinflatables.com\/fr\/produit\/boat-pool-5-x-4-metres\/#breadcrumb\"},\"inLanguage\":\"fr-FR\",\"potentialAction\":[{\"@type\":\"ReadAction\",\"target\":[\"https:\/\/thesuperyachtinflatables.com\/fr\/produit\/boat-pool-5-x-4-metres\/\"]}]},{\"@type\":\"ImageObject\",\"inLanguage\":\"fr-FR\",\"@id\":\"https:\/\/thesuperyachtinflatables.com\/fr\/produit\/boat-pool-5-x-4-metres\/#primaryimage\",\"url\":\"https:\/\/thesuperyachtinflatables.com\/wp-content\/uploads\/2025\/03\/antijellyfish-pool-orange.webp\",\"contentUrl\":\"https:\/\/thesuperyachtinflatables.com\/wp-content\/uploads\/2025\/03\/antijellyfish-pool-orange.webp\",\"width\":800,\"height\":800,\"caption\":\"antijellyfish-pool-orange\"},{\"@type\":\"BreadcrumbList\",\"@id\":\"https:\/\/thesuperyachtinflatables.com\/fr\/produit\/boat-pool-5-x-4-metres\/#breadcrumb\",\"itemListElement\":[{\"@type\":\"ListItem\",\"position\":1,\"name\":\"Accueil\",\"item\":\"https:\/\/thesuperyachtinflatables.com\/fr\/superyacht-inflatables\/\"},{\"@type\":\"ListItem\",\"position\":2,\"name\":\"Shop\",\"item\":\"https:\/\/thesuperyachtinflatables.com\/shop\/\"},{\"@type\":\"ListItem\",\"position\":3,\"name\":\"Piscine de Bateau 5 x 4 m\u00e8tres\"}]},{\"@type\":\"WebSite\",\"@id\":\"https:\/\/thesuperyachtinflatables.com\/fr\/#website\",\"url\":\"https:\/\/thesuperyachtinflatables.com\/fr\/\",\"name\":\"Superyacht Inflatables\",\"description\":\"Yacht Inflatable Toys, Pools, Slides &amp; Docks\",\"publisher\":{\"@id\":\"https:\/\/thesuperyachtinflatables.com\/fr\/#organization\"},\"potentialAction\":[{\"@type\":\"SearchAction\",\"target\":{\"@type\":\"EntryPoint\",\"urlTemplate\":\"https:\/\/thesuperyachtinflatables.com\/fr\/?s={search_term_string}\"},\"query-input\":{\"@type\":\"PropertyValueSpecification\",\"valueRequired\":true,\"valueName\":\"search_term_string\"}}],\"inLanguage\":\"fr-FR\"},{\"@type\":\"Organization\",\"@id\":\"https:\/\/thesuperyachtinflatables.com\/fr\/#organization\",\"name\":\"Superyacht Inflatables\",\"url\":\"https:\/\/thesuperyachtinflatables.com\/fr\/\",\"logo\":{\"@type\":\"ImageObject\",\"inLanguage\":\"fr-FR\",\"@id\":\"https:\/\/thesuperyachtinflatables.com\/fr\/#\/schema\/logo\/image\/\",\"url\":\"https:\/\/thesuperyachtinflatables.com\/wp-content\/uploads\/2023\/01\/logo-footer.webp\",\"contentUrl\":\"https:\/\/thesuperyachtinflatables.com\/wp-content\/uploads\/2023\/01\/logo-footer.webp\",\"width\":1920,\"height\":1080,\"caption\":\"Superyacht Inflatables\"},\"image\":{\"@id\":\"https:\/\/thesuperyachtinflatables.com\/fr\/#\/schema\/logo\/image\/\"}}]}<\/script>\n<meta property=\"og:availability\" content=\"instock\" \/>\n<meta property=\"product:availability\" content=\"instock\" \/>\n<meta property=\"product:retailer_item_id\" content=\"OYP-00004714\" \/>\n<meta property=\"product:condition\" content=\"new\" \/>\n<!-- \/ Yoast SEO plugin. -->","yoast_head_json":{"title":"Piscine Anti-M\u00e9duses 5x4m | Grande Piscine Superyacht","description":"Piscine gonflable de bateau 5 x 4 m. La plus grande piscine pour superyacht. Luxe et confort en haute mer.","robots":{"index":"index","follow":"follow","max-snippet":"max-snippet:-1","max-image-preview":"max-image-preview:large","max-video-preview":"max-video-preview:-1"},"canonical":"https:\/\/thesuperyachtinflatables.com\/fr\/produit\/boat-pool-5-x-4-metres\/","og_locale":"fr_FR","og_type":"article","og_title":"Piscine Anti-M\u00e9duses 5x4m | Grande Piscine Superyacht","og_description":"Piscine gonflable de bateau 5 x 4 m. La plus grande piscine pour superyacht. Luxe et confort en haute mer.","og_url":"https:\/\/thesuperyachtinflatables.com\/fr\/produit\/boat-pool-5-x-4-metres\/","og_site_name":"Superyacht Inflatables","article_modified_time":"2026-03-21T11:21:52+00:00","og_image":[{"width":800,"height":800,"url":"https:\/\/thesuperyachtinflatables.com\/wp-content\/uploads\/2025\/03\/antijellyfish-pool-orange.webp","type":"image\/webp"}],"twitter_card":"summary_large_image","twitter_misc":{"Disponibilit\u00e9":"En stock"},"schema":{"@context":"https:\/\/schema.org","@graph":[{"@type":"WebPage","@id":"https:\/\/thesuperyachtinflatables.com\/fr\/produit\/boat-pool-5-x-4-metres\/","url":"https:\/\/thesuperyachtinflatables.com\/fr\/produit\/boat-pool-5-x-4-metres\/","name":"Piscine Anti-M\u00e9duses 5x4m | Grande Piscine Superyacht","isPartOf":{"@id":"https:\/\/thesuperyachtinflatables.com\/fr\/#website"},"primaryImageOfPage":{"@id":"https:\/\/thesuperyachtinflatables.com\/fr\/produit\/boat-pool-5-x-4-metres\/#primaryimage"},"image":{"@id":"https:\/\/thesuperyachtinflatables.com\/fr\/produit\/boat-pool-5-x-4-metres\/#primaryimage"},"thumbnailUrl":"https:\/\/thesuperyachtinflatables.com\/wp-content\/uploads\/2025\/03\/antijellyfish-pool-orange.webp","datePublished":"2023-01-20T15:12:36+00:00","dateModified":"2026-03-21T11:21:52+00:00","description":"Piscine gonflable de bateau 5 x 4 m. La plus grande piscine pour superyacht. Luxe et confort en haute mer.","breadcrumb":{"@id":"https:\/\/thesuperyachtinflatables.com\/fr\/produit\/boat-pool-5-x-4-metres\/#breadcrumb"},"inLanguage":"fr-FR","potentialAction":[{"@type":"ReadAction","target":["https:\/\/thesuperyachtinflatables.com\/fr\/produit\/boat-pool-5-x-4-metres\/"]}]},{"@type":"ImageObject","inLanguage":"fr-FR","@id":"https:\/\/thesuperyachtinflatables.com\/fr\/produit\/boat-pool-5-x-4-metres\/#primaryimage","url":"https:\/\/thesuperyachtinflatables.com\/wp-content\/uploads\/2025\/03\/antijellyfish-pool-orange.webp","contentUrl":"https:\/\/thesuperyachtinflatables.com\/wp-content\/uploads\/2025\/03\/antijellyfish-pool-orange.webp","width":800,"height":800,"caption":"antijellyfish-pool-orange"},{"@type":"BreadcrumbList","@id":"https:\/\/thesuperyachtinflatables.com\/fr\/produit\/boat-pool-5-x-4-metres\/#breadcrumb","itemListElement":[{"@type":"ListItem","position":1,"name":"Accueil","item":"https:\/\/thesuperyachtinflatables.com\/fr\/superyacht-inflatables\/"},{"@type":"ListItem","position":2,"name":"Shop","item":"https:\/\/thesuperyachtinflatables.com\/shop\/"},{"@type":"ListItem","position":3,"name":"Piscine de Bateau 5 x 4 m\u00e8tres"}]},{"@type":"WebSite","@id":"https:\/\/thesuperyachtinflatables.com\/fr\/#website","url":"https:\/\/thesuperyachtinflatables.com\/fr\/","name":"Superyacht Inflatables","description":"Yacht Inflatable Toys, Pools, Slides &amp; Docks","publisher":{"@id":"https:\/\/thesuperyachtinflatables.com\/fr\/#organization"},"potentialAction":[{"@type":"SearchAction","target":{"@type":"EntryPoint","urlTemplate":"https:\/\/thesuperyachtinflatables.com\/fr\/?s={search_term_string}"},"query-input":{"@type":"PropertyValueSpecification","valueRequired":true,"valueName":"search_term_string"}}],"inLanguage":"fr-FR"},{"@type":"Organization","@id":"https:\/\/thesuperyachtinflatables.com\/fr\/#organization","name":"Superyacht Inflatables","url":"https:\/\/thesuperyachtinflatables.com\/fr\/","logo":{"@type":"ImageObject","inLanguage":"fr-FR","@id":"https:\/\/thesuperyachtinflatables.com\/fr\/#\/schema\/logo\/image\/","url":"https:\/\/thesuperyachtinflatables.com\/wp-content\/uploads\/2023\/01\/logo-footer.webp","contentUrl":"https:\/\/thesuperyachtinflatables.com\/wp-content\/uploads\/2023\/01\/logo-footer.webp","width":1920,"height":1080,"caption":"Superyacht Inflatables"},"image":{"@id":"https:\/\/thesuperyachtinflatables.com\/fr\/#\/schema\/logo\/image\/"}}]},"og_availability":"instock","product_availability":"instock","product_retailer_item_id":"OYP-00004714","product_condition":"new"},"_links":{"self":[{"href":"https:\/\/thesuperyachtinflatables.com\/fr\/wp-json\/wp\/v2\/product\/17641","targetHints":{"allow":["GET"]}}],"collection":[{"href":"https:\/\/thesuperyachtinflatables.com\/fr\/wp-json\/wp\/v2\/product"}],"about":[{"href":"https:\/\/thesuperyachtinflatables.com\/fr\/wp-json\/wp\/v2\/types\/product"}],"replies":[{"embeddable":true,"href":"https:\/\/thesuperyachtinflatables.com\/fr\/wp-json\/wp\/v2\/comments?post=17641"}],"version-history":[{"count":7,"href":"https:\/\/thesuperyachtinflatables.com\/fr\/wp-json\/wp\/v2\/product\/17641\/revisions"}],"predecessor-version":[{"id":20830,"href":"https:\/\/thesuperyachtinflatables.com\/fr\/wp-json\/wp\/v2\/product\/17641\/revisions\/20830"}],"wp:featuredmedia":[{"embeddable":true,"href":"https:\/\/thesuperyachtinflatables.com\/fr\/wp-json\/wp\/v2\/media\/17642"}],"wp:attachment":[{"href":"https:\/\/thesuperyachtinflatables.com\/fr\/wp-json\/wp\/v2\/media?parent=17641"}],"wp:term":[{"taxonomy":"product_brand","embeddable":true,"href":"https:\/\/thesuperyachtinflatables.com\/fr\/wp-json\/wp\/v2\/product_brand?post=17641"},{"taxonomy":"product_cat","embeddable":true,"href":"https:\/\/thesuperyachtinflatables.com\/fr\/wp-json\/wp\/v2\/product_cat?post=17641"},{"taxonomy":"product_tag","embeddable":true,"href":"https:\/\/thesuperyachtinflatables.com\/fr\/wp-json\/wp\/v2\/product_tag?post=17641"}],"curies":[{"name":"wp","href":"https:\/\/api.w.org\/{rel}","templated":true}]}}