{"id":17713,"date":"2023-01-16T13:42:31","date_gmt":"2023-01-16T12:42:31","guid":{"rendered":"https:\/\/thesuperyachtinflatables.com\/product\/inflatable-dock-3-x-15-metres\/"},"modified":"2026-01-02T14:00:50","modified_gmt":"2026-01-02T13:00:50","slug":"inflatable-dock-3-x-15-metres","status":"publish","type":"product","link":"https:\/\/thesuperyachtinflatables.com\/fr\/produit\/inflatable-dock-3-x-15-metres\/","title":{"rendered":"Inflatable Dock 3 x 1,5 metres"},"content":{"rendered":"\t\t<div data-elementor-type=\"wp-post\" data-elementor-id=\"17713\" class=\"elementor elementor-17713 elementor-12166\" data-elementor-post-type=\"product\">\n\t\t\t\t<div class=\"elementor-element elementor-element-84cd60f e-flex e-con-boxed e-con e-parent\" data-id=\"84cd60f\" data-element_type=\"container\" data-e-type=\"container\">\n\t\t\t\t\t<div class=\"e-con-inner\">\n\t\t\t\t<div class=\"elementor-element elementor-element-c01389c elementor-widget elementor-widget-heading\" data-id=\"c01389c\" data-element_type=\"widget\" data-e-type=\"widget\" data-widget_type=\"heading.default\">\n\t\t\t\t\t<h2 class=\"elementor-heading-title elementor-size-default\">Luxury Inflatable Dock<\/h2>\t\t\t\t<\/div>\n\t\t\t\t<div class=\"elementor-element elementor-element-c23aca8 elementor-widget elementor-widget-text-editor\" data-id=\"c23aca8\" data-element_type=\"widget\" data-e-type=\"widget\" data-widget_type=\"text-editor.default\">\n\t\t\t\t\t\t\t\t\t<p>Introducing the Luxury Inflatable Dock by Ocean Yacht Pool, a versatile addition crafted to elevate your boating experience. This innovative dock extends the length of your boat, providing ample space for recreational activities, particularly for children.<\/p>\n<p>Designed for both relaxation and practicality, our Luxury Inflatable Platform serves multiple purposes. It aids crew members in cleaning tasks, expands the usable space for smaller boats for leisure activities like sunbathing and play, and seamlessly integrates with our Sea Pool for enhanced enjoyment. Maximize your yachting adventures with our onboard inflatables and make the most of every moment at sea.<\/p>\n\t\t\t\t\t\t\t\t<\/div>\n\t\t\t\t\t<\/div>\n\t\t\t\t<\/div>\n\t\t<div class=\"elementor-element elementor-element-6107290 e-flex e-con-boxed e-con e-parent\" data-id=\"6107290\" data-element_type=\"container\" data-e-type=\"container\">\n\t\t\t\t\t<div class=\"e-con-inner\">\n\t\t<div class=\"elementor-element elementor-element-dd26a08 e-con-full e-flex e-con e-child\" data-id=\"dd26a08\" data-element_type=\"container\" data-e-type=\"container\">\n\t\t\t\t<div class=\"elementor-element elementor-element-1595ac5 elementor-widget elementor-widget-heading\" data-id=\"1595ac5\" data-element_type=\"widget\" data-e-type=\"widget\" data-widget_type=\"heading.default\">\n\t\t\t\t\t<h3 class=\"elementor-heading-title elementor-size-default\">Size Guide<\/h3>\t\t\t\t<\/div>\n\t\t\t\t<div class=\"elementor-element elementor-element-d437f49 elementor-widget elementor-widget-text-editor\" data-id=\"d437f49\" data-element_type=\"widget\" data-e-type=\"widget\" data-widget_type=\"text-editor.default\">\n\t\t\t\t\t\t\t\t\t<p>Crafted to be unique, you can now enjoy of our Luxury Inflatable Dock in different sizes:<\/p>\n<ul>\n<li><strong>Menorca Inflatable Dock (Small) &#8211; 3 x 1,5 metres<\/strong><\/li>\n<li>Mallorca Inflatable Dock (Medium) &#8211; 4 x 2 metres<\/li>\n<li>Ibiza Inflatable Dock (Large) 5 x 3 metres<\/li>\n<\/ul>\n<p><strong><span style=\"text-decoration: underline;\">Customise your luxury inflatable dock as you wish: Color, Name and Logo! Contact us for more<\/span> <span style=\"text-decoration: underline;\">information.<\/span><\/strong><\/p>\n\t\t\t\t\t\t\t\t<\/div>\n\t\t\t\t<\/div>\n\t\t<div class=\"elementor-element elementor-element-0133991 e-con-full e-flex e-con e-child\" data-id=\"0133991\" data-element_type=\"container\" data-e-type=\"container\">\n\t\t\t\t<div class=\"elementor-element elementor-element-8ea10cd elementor-widget elementor-widget-heading\" data-id=\"8ea10cd\" data-element_type=\"widget\" data-e-type=\"widget\" data-widget_type=\"heading.default\">\n\t\t\t\t\t<h3 class=\"elementor-heading-title elementor-size-default\">Deflated Size Guide and Weight<\/h3>\t\t\t\t<\/div>\n\t\t\t\t<div class=\"elementor-element elementor-element-d5169e3 elementor-widget elementor-widget-text-editor\" data-id=\"d5169e3\" data-element_type=\"widget\" data-e-type=\"widget\" data-widget_type=\"text-editor.default\">\n\t\t\t\t\t\t\t\t\t<p>Deflated size guide and weight to be confirmed.<\/p>\n\t\t\t\t\t\t\t\t<\/div>\n\t\t\t\t<\/div>\n\t\t\t\t\t<\/div>\n\t\t\t\t<\/div>\n\t\t<div class=\"elementor-element elementor-element-5fac1c8 e-flex e-con-boxed e-con e-parent\" data-id=\"5fac1c8\" data-element_type=\"container\" data-e-type=\"container\">\n\t\t\t\t\t<div class=\"e-con-inner\">\n\t\t\t\t<div class=\"elementor-element elementor-element-bb57ec4 elementor-widget elementor-widget-heading\" data-id=\"bb57ec4\" data-element_type=\"widget\" data-e-type=\"widget\" data-widget_type=\"heading.default\">\n\t\t\t\t\t<h3 class=\"elementor-heading-title elementor-size-default\">Benefits of our Luxury Inflatable Dock<\/h3>\t\t\t\t<\/div>\n\t\t\t\t<div class=\"elementor-element elementor-element-62c6ce2 elementor-widget elementor-widget-text-editor\" data-id=\"62c6ce2\" data-element_type=\"widget\" data-e-type=\"widget\" data-widget_type=\"text-editor.default\">\n\t\t\t\t\t\t\t\t\t<p>Our luxury inflatable platform is crafted to be versatile, offering several benefits:<\/p>\n<ul>\n<li><strong>Lighter than the competition<\/strong>: Designed for durability and reliability, our Luxury Inflatable Dock is the lightest on the market.<\/li>\n<li><strong>Easy to use<\/strong>: Equipped with two valves and multiple handles, our Luxury Inflatable Dock is designed for easy handling by a single user and enjoyment by many.<\/li>\n<li><strong>Play area for children<\/strong>: The inflatable dock extends your boat, providing a large area for sunbathing, relaxing, and playing.<\/li>\n<li><strong>High-tech materials<\/strong>: Made from durable, top-quality materials for long-lasting use.<\/li>\n<li><strong>Aesthetic design<\/strong>: Featuring a trendy design, it is crafted to be visually appealing and to evoke positive sensations in customers.<\/li>\n<\/ul>\n\t\t\t\t\t\t\t\t<\/div>\n\t\t\t\t<div class=\"elementor-element elementor-element-5744460 elementor-widget elementor-widget-heading\" data-id=\"5744460\" data-element_type=\"widget\" data-e-type=\"widget\" data-widget_type=\"heading.default\">\n\t\t\t\t\t<h3 class=\"elementor-heading-title elementor-size-default\">How to use our Luxury Inflatable Dock?<\/h3>\t\t\t\t<\/div>\n\t\t\t\t<div class=\"elementor-element elementor-element-5658069 elementor-widget elementor-widget-text-editor\" data-id=\"5658069\" data-element_type=\"widget\" data-e-type=\"widget\" data-widget_type=\"text-editor.default\">\n\t\t\t\t\t\t\t\t\t<p>The time required for inflation, deflation, and storage varies depending on the chosen size.<\/p>\n<p><strong>Inflation<\/strong> of the Menorca Floating Beach takes less than 3 minutes, while both the Mallorca and Ibiza Floating Beaches inflate in under 5 minutes each, all accomplished with an Electric Pump.<\/p>\n<p><strong>Deflation<\/strong> of the Menorca Floating Beach takes under 4 minutes, while both the Mallorca and Ibiza Floating Beaches deflate in under 6 minutes each, all facilitated by an Electric Pump.<\/p>\n<p>Regarding <strong>Storage<\/strong>, once deflated, folding the Inflatable Platform and storing it properly takes less than 2 minutes.<\/p>\n\t\t\t\t\t\t\t\t<\/div>\n\t\t\t\t<div class=\"elementor-element elementor-element-9359795 elementor-widget elementor-widget-heading\" data-id=\"9359795\" data-element_type=\"widget\" data-e-type=\"widget\" data-widget_type=\"heading.default\">\n\t\t\t\t\t<h3 class=\"elementor-heading-title elementor-size-default\">Customise your Luxury Inflatable Dock to your liking: Color, Name and Logo!<\/h3>\t\t\t\t<\/div>\n\t\t\t\t<div class=\"elementor-element elementor-element-3f7aefe elementor-widget elementor-widget-text-editor\" data-id=\"3f7aefe\" data-element_type=\"widget\" data-e-type=\"widget\" data-widget_type=\"text-editor.default\">\n\t\t\t\t\t\t\t\t\t<p>At Ocean Yacht Pool, we provide solutions for every challenge you might encounter. If you&rsquo;re considering purchasing one of our products and want to customize it with your boat name, logo, or a unique color scheme, we can accommodate your needs. To explore personalized solutions for your specific requirements, contact us and request a customized quote. Our dedicated team is eager to assist you!<\/p>\n\t\t\t\t\t\t\t\t<\/div>\n\t\t\t\t\t<\/div>\n\t\t\t\t<\/div>\n\t\t\t\t<\/div>\n\t\t","protected":false},"excerpt":{"rendered":"<p>Crafted to be unique, you can now enjoy of our Inflatable Dock in different sizes:<\/p>\n<ul>\n<li><strong>Menorca Inflatable Dock (Small) &#8211; 3 x 1,5 metres<\/strong><\/li>\n<li>Mallorca Inflatable Dock (Medium) &#8211; 4 x 2 metres<\/li>\n<\/ul>\n<p><strong><br \/>\n<\/strong>Customise your luxury inflatable dock as you wish: Color, Name and Logo! Contact us for more information.<\/p>\n","protected":false},"featured_media":17719,"comment_status":"open","ping_status":"closed","template":"","meta":{"_acf_changed":false},"product_brand":[],"product_cat":[396,390],"product_tag":[336],"class_list":{"0":"post-17713","1":"product","2":"type-product","3":"status-publish","4":"has-post-thumbnail","6":"product_cat-bestseller","7":"product_cat-docks-gonflables","8":"product_tag-yacht-pool","10":"first","11":"instock","12":"taxable","13":"shipping-taxable","14":"purchasable","15":"product-type-simple"},"acf":[],"yoast_head":"<!-- This site is optimized with the Yoast SEO plugin v27.2 - https:\/\/yoast.com\/product\/yoast-seo-wordpress\/ -->\n<title>Dock Gonflable 3 x 1,5 m\u00e8tres | The Superyacht Inflatables<\/title>\n<meta name=\"description\" content=\"Dock gonflable 3 x 1,5 m pour yacht. Plateforme de baignade et acc\u00e8s aux jouets nautiques. Qualit\u00e9 premium.\" \/>\n<meta name=\"robots\" content=\"index, follow, max-snippet:-1, max-image-preview:large, max-video-preview:-1\" \/>\n<link rel=\"canonical\" href=\"https:\/\/thesuperyachtinflatables.com\/fr\/produit\/inflatable-dock-3-x-15-metres\/\" \/>\n<meta property=\"og:locale\" content=\"fr_FR\" \/>\n<meta property=\"og:type\" content=\"article\" \/>\n<meta property=\"og:title\" content=\"Dock Gonflable 3 x 1,5 m\u00e8tres | The Superyacht Inflatables\" \/>\n<meta property=\"og:description\" content=\"Dock gonflable 3 x 1,5 m pour yacht. Plateforme de baignade et acc\u00e8s aux jouets nautiques. Qualit\u00e9 premium.\" \/>\n<meta property=\"og:url\" content=\"https:\/\/thesuperyachtinflatables.com\/fr\/produit\/inflatable-dock-3-x-15-metres\/\" \/>\n<meta property=\"og:site_name\" content=\"Superyacht Inflatables\" \/>\n<meta property=\"article:modified_time\" content=\"2026-01-02T13:00:50+00:00\" \/>\n<meta property=\"og:image\" content=\"https:\/\/thesuperyachtinflatables.com\/wp-content\/uploads\/2025\/03\/iinflatable-platform-teak-yacht.webp\" \/>\n\t<meta property=\"og:image:width\" content=\"800\" \/>\n\t<meta property=\"og:image:height\" content=\"800\" \/>\n\t<meta property=\"og:image:type\" content=\"image\/webp\" \/>\n<meta name=\"twitter:card\" content=\"summary_large_image\" \/>\n<meta name=\"twitter:label1\" content=\"Prix\" \/>\n\t<meta name=\"twitter:data1\" content=\"1.495,00&nbsp;\u20ac\" \/>\n\t<meta name=\"twitter:label2\" content=\"Disponibilit\u00e9\" \/>\n\t<meta name=\"twitter:data2\" content=\"En stock\" \/>\n<script type=\"application\/ld+json\" class=\"yoast-schema-graph\">{\"@context\":\"https:\/\/schema.org\",\"@graph\":[{\"@type\":\"WebPage\",\"@id\":\"https:\/\/thesuperyachtinflatables.com\/fr\/produit\/inflatable-dock-3-x-15-metres\/\",\"url\":\"https:\/\/thesuperyachtinflatables.com\/fr\/produit\/inflatable-dock-3-x-15-metres\/\",\"name\":\"Dock Gonflable 3 x 1,5 m\u00e8tres | The Superyacht Inflatables\",\"isPartOf\":{\"@id\":\"https:\/\/thesuperyachtinflatables.com\/fr\/#website\"},\"primaryImageOfPage\":{\"@id\":\"https:\/\/thesuperyachtinflatables.com\/fr\/produit\/inflatable-dock-3-x-15-metres\/#primaryimage\"},\"image\":{\"@id\":\"https:\/\/thesuperyachtinflatables.com\/fr\/produit\/inflatable-dock-3-x-15-metres\/#primaryimage\"},\"thumbnailUrl\":\"https:\/\/thesuperyachtinflatables.com\/wp-content\/uploads\/2025\/03\/iinflatable-platform-teak-yacht.webp\",\"datePublished\":\"2023-01-16T12:42:31+00:00\",\"dateModified\":\"2026-01-02T13:00:50+00:00\",\"description\":\"Dock gonflable 3 x 1,5 m pour yacht. Plateforme de baignade et acc\u00e8s aux jouets nautiques. Qualit\u00e9 premium.\",\"breadcrumb\":{\"@id\":\"https:\/\/thesuperyachtinflatables.com\/fr\/produit\/inflatable-dock-3-x-15-metres\/#breadcrumb\"},\"inLanguage\":\"fr-FR\",\"potentialAction\":[{\"@type\":\"ReadAction\",\"target\":[\"https:\/\/thesuperyachtinflatables.com\/fr\/produit\/inflatable-dock-3-x-15-metres\/\"]}]},{\"@type\":\"ImageObject\",\"inLanguage\":\"fr-FR\",\"@id\":\"https:\/\/thesuperyachtinflatables.com\/fr\/produit\/inflatable-dock-3-x-15-metres\/#primaryimage\",\"url\":\"https:\/\/thesuperyachtinflatables.com\/wp-content\/uploads\/2025\/03\/iinflatable-platform-teak-yacht.webp\",\"contentUrl\":\"https:\/\/thesuperyachtinflatables.com\/wp-content\/uploads\/2025\/03\/iinflatable-platform-teak-yacht.webp\",\"width\":800,\"height\":800,\"caption\":\"iinflatable-platform-teak-yacht\"},{\"@type\":\"BreadcrumbList\",\"@id\":\"https:\/\/thesuperyachtinflatables.com\/fr\/produit\/inflatable-dock-3-x-15-metres\/#breadcrumb\",\"itemListElement\":[{\"@type\":\"ListItem\",\"position\":1,\"name\":\"Accueil\",\"item\":\"https:\/\/thesuperyachtinflatables.com\/fr\/superyacht-inflatables\/\"},{\"@type\":\"ListItem\",\"position\":2,\"name\":\"Shop\",\"item\":\"https:\/\/thesuperyachtinflatables.com\/shop\/\"},{\"@type\":\"ListItem\",\"position\":3,\"name\":\"Inflatable Dock 3 x 1,5 metres\"}]},{\"@type\":\"WebSite\",\"@id\":\"https:\/\/thesuperyachtinflatables.com\/fr\/#website\",\"url\":\"https:\/\/thesuperyachtinflatables.com\/fr\/\",\"name\":\"Superyacht Inflatables\",\"description\":\"Yacht Inflatable Toys, Pools, Slides &amp; Docks\",\"publisher\":{\"@id\":\"https:\/\/thesuperyachtinflatables.com\/fr\/#organization\"},\"potentialAction\":[{\"@type\":\"SearchAction\",\"target\":{\"@type\":\"EntryPoint\",\"urlTemplate\":\"https:\/\/thesuperyachtinflatables.com\/fr\/?s={search_term_string}\"},\"query-input\":{\"@type\":\"PropertyValueSpecification\",\"valueRequired\":true,\"valueName\":\"search_term_string\"}}],\"inLanguage\":\"fr-FR\"},{\"@type\":\"Organization\",\"@id\":\"https:\/\/thesuperyachtinflatables.com\/fr\/#organization\",\"name\":\"Superyacht Inflatables\",\"url\":\"https:\/\/thesuperyachtinflatables.com\/fr\/\",\"logo\":{\"@type\":\"ImageObject\",\"inLanguage\":\"fr-FR\",\"@id\":\"https:\/\/thesuperyachtinflatables.com\/fr\/#\/schema\/logo\/image\/\",\"url\":\"https:\/\/thesuperyachtinflatables.com\/wp-content\/uploads\/2023\/01\/logo-footer.webp\",\"contentUrl\":\"https:\/\/thesuperyachtinflatables.com\/wp-content\/uploads\/2023\/01\/logo-footer.webp\",\"width\":1920,\"height\":1080,\"caption\":\"Superyacht Inflatables\"},\"image\":{\"@id\":\"https:\/\/thesuperyachtinflatables.com\/fr\/#\/schema\/logo\/image\/\"}}]}<\/script>\n<meta property=\"product:price:amount\" content=\"1495.00\" \/>\n<meta property=\"product:price:currency\" content=\"EUR\" \/>\n<meta property=\"og:availability\" content=\"instock\" \/>\n<meta property=\"product:availability\" content=\"instock\" \/>\n<meta property=\"product:retailer_item_id\" content=\"YP-00003393-1\" \/>\n<meta property=\"product:condition\" content=\"new\" \/>\n<!-- \/ Yoast SEO plugin. -->","yoast_head_json":{"title":"Dock Gonflable 3 x 1,5 m\u00e8tres | The Superyacht Inflatables","description":"Dock gonflable 3 x 1,5 m pour yacht. Plateforme de baignade et acc\u00e8s aux jouets nautiques. Qualit\u00e9 premium.","robots":{"index":"index","follow":"follow","max-snippet":"max-snippet:-1","max-image-preview":"max-image-preview:large","max-video-preview":"max-video-preview:-1"},"canonical":"https:\/\/thesuperyachtinflatables.com\/fr\/produit\/inflatable-dock-3-x-15-metres\/","og_locale":"fr_FR","og_type":"article","og_title":"Dock Gonflable 3 x 1,5 m\u00e8tres | The Superyacht Inflatables","og_description":"Dock gonflable 3 x 1,5 m pour yacht. Plateforme de baignade et acc\u00e8s aux jouets nautiques. Qualit\u00e9 premium.","og_url":"https:\/\/thesuperyachtinflatables.com\/fr\/produit\/inflatable-dock-3-x-15-metres\/","og_site_name":"Superyacht Inflatables","article_modified_time":"2026-01-02T13:00:50+00:00","og_image":[{"width":800,"height":800,"url":"https:\/\/thesuperyachtinflatables.com\/wp-content\/uploads\/2025\/03\/iinflatable-platform-teak-yacht.webp","type":"image\/webp"}],"twitter_card":"summary_large_image","twitter_misc":{"Prix":"1.495,00&nbsp;\u20ac","Disponibilit\u00e9":"En stock"},"schema":{"@context":"https:\/\/schema.org","@graph":[{"@type":"WebPage","@id":"https:\/\/thesuperyachtinflatables.com\/fr\/produit\/inflatable-dock-3-x-15-metres\/","url":"https:\/\/thesuperyachtinflatables.com\/fr\/produit\/inflatable-dock-3-x-15-metres\/","name":"Dock Gonflable 3 x 1,5 m\u00e8tres | The Superyacht Inflatables","isPartOf":{"@id":"https:\/\/thesuperyachtinflatables.com\/fr\/#website"},"primaryImageOfPage":{"@id":"https:\/\/thesuperyachtinflatables.com\/fr\/produit\/inflatable-dock-3-x-15-metres\/#primaryimage"},"image":{"@id":"https:\/\/thesuperyachtinflatables.com\/fr\/produit\/inflatable-dock-3-x-15-metres\/#primaryimage"},"thumbnailUrl":"https:\/\/thesuperyachtinflatables.com\/wp-content\/uploads\/2025\/03\/iinflatable-platform-teak-yacht.webp","datePublished":"2023-01-16T12:42:31+00:00","dateModified":"2026-01-02T13:00:50+00:00","description":"Dock gonflable 3 x 1,5 m pour yacht. Plateforme de baignade et acc\u00e8s aux jouets nautiques. Qualit\u00e9 premium.","breadcrumb":{"@id":"https:\/\/thesuperyachtinflatables.com\/fr\/produit\/inflatable-dock-3-x-15-metres\/#breadcrumb"},"inLanguage":"fr-FR","potentialAction":[{"@type":"ReadAction","target":["https:\/\/thesuperyachtinflatables.com\/fr\/produit\/inflatable-dock-3-x-15-metres\/"]}]},{"@type":"ImageObject","inLanguage":"fr-FR","@id":"https:\/\/thesuperyachtinflatables.com\/fr\/produit\/inflatable-dock-3-x-15-metres\/#primaryimage","url":"https:\/\/thesuperyachtinflatables.com\/wp-content\/uploads\/2025\/03\/iinflatable-platform-teak-yacht.webp","contentUrl":"https:\/\/thesuperyachtinflatables.com\/wp-content\/uploads\/2025\/03\/iinflatable-platform-teak-yacht.webp","width":800,"height":800,"caption":"iinflatable-platform-teak-yacht"},{"@type":"BreadcrumbList","@id":"https:\/\/thesuperyachtinflatables.com\/fr\/produit\/inflatable-dock-3-x-15-metres\/#breadcrumb","itemListElement":[{"@type":"ListItem","position":1,"name":"Accueil","item":"https:\/\/thesuperyachtinflatables.com\/fr\/superyacht-inflatables\/"},{"@type":"ListItem","position":2,"name":"Shop","item":"https:\/\/thesuperyachtinflatables.com\/shop\/"},{"@type":"ListItem","position":3,"name":"Inflatable Dock 3 x 1,5 metres"}]},{"@type":"WebSite","@id":"https:\/\/thesuperyachtinflatables.com\/fr\/#website","url":"https:\/\/thesuperyachtinflatables.com\/fr\/","name":"Superyacht Inflatables","description":"Yacht Inflatable Toys, Pools, Slides &amp; Docks","publisher":{"@id":"https:\/\/thesuperyachtinflatables.com\/fr\/#organization"},"potentialAction":[{"@type":"SearchAction","target":{"@type":"EntryPoint","urlTemplate":"https:\/\/thesuperyachtinflatables.com\/fr\/?s={search_term_string}"},"query-input":{"@type":"PropertyValueSpecification","valueRequired":true,"valueName":"search_term_string"}}],"inLanguage":"fr-FR"},{"@type":"Organization","@id":"https:\/\/thesuperyachtinflatables.com\/fr\/#organization","name":"Superyacht Inflatables","url":"https:\/\/thesuperyachtinflatables.com\/fr\/","logo":{"@type":"ImageObject","inLanguage":"fr-FR","@id":"https:\/\/thesuperyachtinflatables.com\/fr\/#\/schema\/logo\/image\/","url":"https:\/\/thesuperyachtinflatables.com\/wp-content\/uploads\/2023\/01\/logo-footer.webp","contentUrl":"https:\/\/thesuperyachtinflatables.com\/wp-content\/uploads\/2023\/01\/logo-footer.webp","width":1920,"height":1080,"caption":"Superyacht Inflatables"},"image":{"@id":"https:\/\/thesuperyachtinflatables.com\/fr\/#\/schema\/logo\/image\/"}}]},"product_price_amount":"1495.00","product_price_currency":"EUR","og_availability":"instock","product_availability":"instock","product_retailer_item_id":"YP-00003393-1","product_condition":"new"},"_links":{"self":[{"href":"https:\/\/thesuperyachtinflatables.com\/fr\/wp-json\/wp\/v2\/product\/17713","targetHints":{"allow":["GET"]}}],"collection":[{"href":"https:\/\/thesuperyachtinflatables.com\/fr\/wp-json\/wp\/v2\/product"}],"about":[{"href":"https:\/\/thesuperyachtinflatables.com\/fr\/wp-json\/wp\/v2\/types\/product"}],"replies":[{"embeddable":true,"href":"https:\/\/thesuperyachtinflatables.com\/fr\/wp-json\/wp\/v2\/comments?post=17713"}],"version-history":[{"count":4,"href":"https:\/\/thesuperyachtinflatables.com\/fr\/wp-json\/wp\/v2\/product\/17713\/revisions"}],"predecessor-version":[{"id":19145,"href":"https:\/\/thesuperyachtinflatables.com\/fr\/wp-json\/wp\/v2\/product\/17713\/revisions\/19145"}],"wp:featuredmedia":[{"embeddable":true,"href":"https:\/\/thesuperyachtinflatables.com\/fr\/wp-json\/wp\/v2\/media\/17719"}],"wp:attachment":[{"href":"https:\/\/thesuperyachtinflatables.com\/fr\/wp-json\/wp\/v2\/media?parent=17713"}],"wp:term":[{"taxonomy":"product_brand","embeddable":true,"href":"https:\/\/thesuperyachtinflatables.com\/fr\/wp-json\/wp\/v2\/product_brand?post=17713"},{"taxonomy":"product_cat","embeddable":true,"href":"https:\/\/thesuperyachtinflatables.com\/fr\/wp-json\/wp\/v2\/product_cat?post=17713"},{"taxonomy":"product_tag","embeddable":true,"href":"https:\/\/thesuperyachtinflatables.com\/fr\/wp-json\/wp\/v2\/product_tag?post=17713"}],"curies":[{"name":"wp","href":"https:\/\/api.w.org\/{rel}","templated":true}]}}