{"id":17721,"date":"2023-01-03T13:52:57","date_gmt":"2023-01-03T12:52:57","guid":{"rendered":"https:\/\/thesuperyachtinflatables.com\/product\/electric-air-pump\/"},"modified":"2026-03-08T14:26:33","modified_gmt":"2026-03-08T13:26:33","slug":"electric-air-pump","status":"publish","type":"product","link":"https:\/\/thesuperyachtinflatables.com\/fr\/produit\/electric-air-pump\/","title":{"rendered":"Pompe \u00e0 Air \u00c9lectrique"},"content":{"rendered":"\t\t<div data-elementor-type=\"wp-post\" data-elementor-id=\"17721\" class=\"elementor elementor-17721 elementor-12175\" data-elementor-post-type=\"product\">\n\t\t\t\t<div class=\"elementor-element elementor-element-1229a9f e-flex e-con-boxed e-con e-parent\" data-id=\"1229a9f\" data-element_type=\"container\" data-e-type=\"container\">\n\t\t\t\t\t<div class=\"e-con-inner\">\n\t\t\t\t<div class=\"elementor-element elementor-element-e308d27 elementor-widget elementor-widget-heading\" data-id=\"e308d27\" data-element_type=\"widget\" data-e-type=\"widget\" data-widget_type=\"heading.default\">\n\t\t\t\t\t<h2 class=\"elementor-heading-title elementor-size-default\">Pompe \u00e0 Air \u00c9lectrique<\/h2>\t\t\t\t<\/div>\n\t\t\t\t<div class=\"elementor-element elementor-element-af04152 elementor-widget elementor-widget-text-editor\" data-id=\"af04152\" data-element_type=\"widget\" data-e-type=\"widget\" data-widget_type=\"text-editor.default\">\n\t\t\t\t\t\t\t\t\t<p>La pompe \u00e9lectrique est compatible avec toutes les piscines anti-m\u00e9duses pour bateaux et autres gonflables. Elle est livr\u00e9e avec trois embouts suppl\u00e9mentaires con\u00e7us pour s&rsquo;adapter \u00e0 diff\u00e9rents types de gonflables. Il suffit de s\u00e9lectionner l&rsquo;adaptateur appropri\u00e9 en fonction de la taille de l&rsquo;article gonflable. Tension : 220-240V. Puissance : 500W. Avec une pompe \u00e9lectrique, vous gonflez plus rapidement et plus efficacement qu&rsquo;avec une pompe manuelle.<\/p>\n\t\t\t\t\t\t\t\t<\/div>\n\t\t\t\t<div class=\"elementor-element elementor-element-215068e elementor-widget elementor-widget-heading\" data-id=\"215068e\" data-element_type=\"widget\" data-e-type=\"widget\" data-widget_type=\"heading.default\">\n\t\t\t\t\t<h3 class=\"elementor-heading-title elementor-size-default\">Guide des Tailles<\/h3>\t\t\t\t<\/div>\n\t\t\t\t<div class=\"elementor-element elementor-element-59d33e6 elementor-widget elementor-widget-text-editor\" data-id=\"59d33e6\" data-element_type=\"widget\" data-e-type=\"widget\" data-widget_type=\"text-editor.default\">\n\t\t\t\t\t\t\t\t\t<p>Notre pompe \u00e9lectrique existe en une seule taille. Petite et puissante. Extr\u00eamement efficace pour gonfler tous nos gonflables nautiques pour yachts, y compris les Paddle Sup.<\/p>\n<p>Les dimensions de la pompe \u00e9lectrique sont 15cm x 14cm x 15cm.<\/p>\n\t\t\t\t\t\t\t\t<\/div>\n\t\t\t\t<div class=\"elementor-element elementor-element-648adcf elementor-widget elementor-widget-heading\" data-id=\"648adcf\" data-element_type=\"widget\" data-e-type=\"widget\" data-widget_type=\"heading.default\">\n\t\t\t\t\t<h3 class=\"elementor-heading-title elementor-size-default\">Avantages de notre pompe \u00e9lectrique<\/h3>\t\t\t\t<\/div>\n\t\t\t\t<div class=\"elementor-element elementor-element-6006b0f elementor-widget elementor-widget-text-editor\" data-id=\"6006b0f\" data-element_type=\"widget\" data-e-type=\"widget\" data-widget_type=\"text-editor.default\">\n\t\t\t\t\t\t\t\t\t<p>Gonfler nos piscines anti-m\u00e9duses, pontons gonflables et toboggans pour yacht avec une pompe \u00e9lectrique pr\u00e9sente plusieurs avantages. En voici quelques-uns :<\/p>\n<ul>\n<li><strong>R\u00e9duction du temps de gonflage<\/strong>. Gonflez toutes nos piscines anti-m\u00e9duses en moins de 2 minutes.<\/li>\n<li><strong>Facile \u00e0 utiliser<\/strong>. Con\u00e7ue pour \u00eatre utilis\u00e9e par tous. Tr\u00e8s simple et efficace.<\/li>\n<li><strong>Fonctionnelle<\/strong>. La pompe \u00e9lectrique est livr\u00e9e avec 3 embouts diff\u00e9rents, s&rsquo;adaptant \u00e0 la plupart des types de gonflables.<\/li>\n<\/ul>\n\t\t\t\t\t\t\t\t<\/div>\n\t\t\t\t<div class=\"elementor-element elementor-element-fcb24e3 elementor-widget elementor-widget-heading\" data-id=\"fcb24e3\" data-element_type=\"widget\" data-e-type=\"widget\" data-widget_type=\"heading.default\">\n\t\t\t\t\t<h3 class=\"elementor-heading-title elementor-size-default\">Comment utiliser notre pompe \u00e9lectrique<\/h3>\t\t\t\t<\/div>\n\t\t\t\t<div class=\"elementor-element elementor-element-68e6306 elementor-widget elementor-widget-text-editor\" data-id=\"68e6306\" data-element_type=\"widget\" data-e-type=\"widget\" data-widget_type=\"text-editor.default\">\n\t\t\t\t\t\t\t\t\t<p>Connectez la pompe \u00e9lectrique \u00e0 l&rsquo;alimentation et raccordez l&#8217;embout \u00e0 la valve du gonflable. Appuyez sur ON et commencez le gonflage.<\/p>\n\t\t\t\t\t\t\t\t<\/div>\n\t\t\t\t<div class=\"elementor-element elementor-element-f29c07e elementor-widget elementor-widget-heading\" data-id=\"f29c07e\" data-element_type=\"widget\" data-e-type=\"widget\" data-widget_type=\"heading.default\">\n\t\t\t\t\t<h3 class=\"elementor-heading-title elementor-size-default\">Personnalisez votre Ocean Yacht Pool \u00e0 votre go\u00fbt : Couleur, Nom et Logo !<\/h3>\t\t\t\t<\/div>\n\t\t\t\t<div class=\"elementor-element elementor-element-a00eb60 elementor-widget elementor-widget-text-editor\" data-id=\"a00eb60\" data-element_type=\"widget\" data-e-type=\"widget\" data-widget_type=\"text-editor.default\">\n\t\t\t\t\t\t\t\t\t<p>Chez Ocean Yacht Pool, nous proposons des solutions adapt\u00e9es pour r\u00e9pondre \u00e0 tous les d\u00e9fis que vous rencontrez. Si vous envisagez d&rsquo;acheter l&rsquo;un de nos produits et souhaitez des options de personnalisation telles que l&rsquo;incorporation du nom de votre bateau, de votre logo ou le choix d&rsquo;une palette de couleurs diff\u00e9rente, nous sommes l\u00e0 pour r\u00e9pondre \u00e0 vos pr\u00e9f\u00e9rences. Pour explorer des solutions personnalis\u00e9es adapt\u00e9es \u00e0 vos besoins uniques, contactez-nous et demandez un devis sur mesure. Notre \u00e9quipe d\u00e9vou\u00e9e est pr\u00eate et d\u00e9sireuse de vous aider !<\/p>\n\t\t\t\t\t\t\t\t<\/div>\n\t\t\t\t\t<\/div>\n\t\t\t\t<\/div>\n\t\t\t\t<\/div>\n\t\t","protected":false},"excerpt":{"rendered":"<p>La pompe \u00e9lectrique est compatible avec tous nos gonflables.<\/p>\n<p>Elle est livr\u00e9e avec 3 embouts suppl\u00e9mentaires con\u00e7us pour s&rsquo;adapter \u00e0 diff\u00e9rents types de gonflables. S\u00e9lectionnez l&rsquo;adaptateur appropri\u00e9 en fonction de la taille de l&rsquo;article gonflable.<\/p>\n<p>Tension : 220-240V. Puissance : 500W.<\/p>\n","protected":false},"featured_media":17722,"comment_status":"open","ping_status":"closed","template":"","meta":{"_acf_changed":false},"product_brand":[],"product_cat":[385],"product_tag":[],"class_list":{"0":"post-17721","1":"product","2":"type-product","3":"status-publish","4":"has-post-thumbnail","6":"product_cat-accessoires-gonflables","8":"first","9":"instock","10":"taxable","11":"shipping-taxable","12":"purchasable","13":"product-type-simple"},"acf":[],"yoast_head":"<!-- This site is optimized with the Yoast SEO plugin v27.2 - https:\/\/yoast.com\/product\/yoast-seo-wordpress\/ -->\n<title>Pompe \u00e0 Air \u00c9lectrique pour Gonflables Superyacht | SYI<\/title>\n<meta name=\"description\" content=\"Pompe \u00e0 Air \u00c9lectrique - Superyacht Inflatables - Devenez plus efficace en utilisant notre Pompe \u00e0 Air \u00c9lectrique, r\u00e9duit le temps de gonflage et de d\u00e9gonflage au minimum.\" \/>\n<meta name=\"robots\" content=\"index, follow, max-snippet:-1, max-image-preview:large, max-video-preview:-1\" \/>\n<link rel=\"canonical\" href=\"https:\/\/thesuperyachtinflatables.com\/fr\/produit\/electric-air-pump\/\" \/>\n<meta property=\"og:locale\" content=\"fr_FR\" \/>\n<meta property=\"og:type\" content=\"article\" \/>\n<meta property=\"og:title\" content=\"Pompe \u00e0 Air \u00c9lectrique pour Gonflables Superyacht | SYI\" \/>\n<meta property=\"og:description\" content=\"Pompe \u00e0 Air \u00c9lectrique - Superyacht Inflatables - Devenez plus efficace en utilisant notre Pompe \u00e0 Air \u00c9lectrique, r\u00e9duit le temps de gonflage et de d\u00e9gonflage au minimum.\" \/>\n<meta property=\"og:url\" content=\"https:\/\/thesuperyachtinflatables.com\/fr\/produit\/electric-air-pump\/\" \/>\n<meta property=\"og:site_name\" content=\"Superyacht Inflatables\" \/>\n<meta property=\"article:modified_time\" content=\"2026-03-08T13:26:33+00:00\" \/>\n<meta property=\"og:image\" content=\"https:\/\/thesuperyachtinflatables.com\/wp-content\/uploads\/2024\/12\/electric-pump-ocean-yacht-pool.webp\" \/>\n\t<meta property=\"og:image:width\" content=\"800\" \/>\n\t<meta property=\"og:image:height\" content=\"533\" \/>\n\t<meta property=\"og:image:type\" content=\"image\/webp\" \/>\n<meta name=\"twitter:card\" content=\"summary_large_image\" \/>\n<meta name=\"twitter:label1\" content=\"Prix\" \/>\n\t<meta name=\"twitter:data1\" content=\"55,00&nbsp;\u20ac\" \/>\n\t<meta name=\"twitter:label2\" content=\"Disponibilit\u00e9\" \/>\n\t<meta name=\"twitter:data2\" content=\"En stock\" \/>\n<script type=\"application\/ld+json\" class=\"yoast-schema-graph\">{\"@context\":\"https:\/\/schema.org\",\"@graph\":[{\"@type\":\"WebPage\",\"@id\":\"https:\/\/thesuperyachtinflatables.com\/fr\/produit\/electric-air-pump\/\",\"url\":\"https:\/\/thesuperyachtinflatables.com\/fr\/produit\/electric-air-pump\/\",\"name\":\"Pompe \u00e0 Air \u00c9lectrique pour Gonflables Superyacht | SYI\",\"isPartOf\":{\"@id\":\"https:\/\/thesuperyachtinflatables.com\/fr\/#website\"},\"primaryImageOfPage\":{\"@id\":\"https:\/\/thesuperyachtinflatables.com\/fr\/produit\/electric-air-pump\/#primaryimage\"},\"image\":{\"@id\":\"https:\/\/thesuperyachtinflatables.com\/fr\/produit\/electric-air-pump\/#primaryimage\"},\"thumbnailUrl\":\"https:\/\/thesuperyachtinflatables.com\/wp-content\/uploads\/2024\/12\/electric-pump-ocean-yacht-pool.webp\",\"datePublished\":\"2023-01-03T12:52:57+00:00\",\"dateModified\":\"2026-03-08T13:26:33+00:00\",\"description\":\"Pompe \u00e0 Air \u00c9lectrique - Superyacht Inflatables - Devenez plus efficace en utilisant notre Pompe \u00e0 Air \u00c9lectrique, r\u00e9duit le temps de gonflage et de d\u00e9gonflage au minimum.\",\"breadcrumb\":{\"@id\":\"https:\/\/thesuperyachtinflatables.com\/fr\/produit\/electric-air-pump\/#breadcrumb\"},\"inLanguage\":\"fr-FR\",\"potentialAction\":[{\"@type\":\"ReadAction\",\"target\":[\"https:\/\/thesuperyachtinflatables.com\/fr\/produit\/electric-air-pump\/\"]}]},{\"@type\":\"ImageObject\",\"inLanguage\":\"fr-FR\",\"@id\":\"https:\/\/thesuperyachtinflatables.com\/fr\/produit\/electric-air-pump\/#primaryimage\",\"url\":\"https:\/\/thesuperyachtinflatables.com\/wp-content\/uploads\/2024\/12\/electric-pump-ocean-yacht-pool.webp\",\"contentUrl\":\"https:\/\/thesuperyachtinflatables.com\/wp-content\/uploads\/2024\/12\/electric-pump-ocean-yacht-pool.webp\",\"width\":800,\"height\":533,\"caption\":\"electric-pump-ocean-yacht-pool\"},{\"@type\":\"BreadcrumbList\",\"@id\":\"https:\/\/thesuperyachtinflatables.com\/fr\/produit\/electric-air-pump\/#breadcrumb\",\"itemListElement\":[{\"@type\":\"ListItem\",\"position\":1,\"name\":\"Accueil\",\"item\":\"https:\/\/thesuperyachtinflatables.com\/fr\/superyacht-inflatables\/\"},{\"@type\":\"ListItem\",\"position\":2,\"name\":\"Shop\",\"item\":\"https:\/\/thesuperyachtinflatables.com\/shop\/\"},{\"@type\":\"ListItem\",\"position\":3,\"name\":\"Pompe \u00e0 Air \u00c9lectrique\"}]},{\"@type\":\"WebSite\",\"@id\":\"https:\/\/thesuperyachtinflatables.com\/fr\/#website\",\"url\":\"https:\/\/thesuperyachtinflatables.com\/fr\/\",\"name\":\"Superyacht Inflatables\",\"description\":\"Yacht Inflatable Toys, Pools, Slides &amp; Docks\",\"publisher\":{\"@id\":\"https:\/\/thesuperyachtinflatables.com\/fr\/#organization\"},\"potentialAction\":[{\"@type\":\"SearchAction\",\"target\":{\"@type\":\"EntryPoint\",\"urlTemplate\":\"https:\/\/thesuperyachtinflatables.com\/fr\/?s={search_term_string}\"},\"query-input\":{\"@type\":\"PropertyValueSpecification\",\"valueRequired\":true,\"valueName\":\"search_term_string\"}}],\"inLanguage\":\"fr-FR\"},{\"@type\":\"Organization\",\"@id\":\"https:\/\/thesuperyachtinflatables.com\/fr\/#organization\",\"name\":\"Superyacht Inflatables\",\"url\":\"https:\/\/thesuperyachtinflatables.com\/fr\/\",\"logo\":{\"@type\":\"ImageObject\",\"inLanguage\":\"fr-FR\",\"@id\":\"https:\/\/thesuperyachtinflatables.com\/fr\/#\/schema\/logo\/image\/\",\"url\":\"https:\/\/thesuperyachtinflatables.com\/wp-content\/uploads\/2023\/01\/logo-footer.webp\",\"contentUrl\":\"https:\/\/thesuperyachtinflatables.com\/wp-content\/uploads\/2023\/01\/logo-footer.webp\",\"width\":1920,\"height\":1080,\"caption\":\"Superyacht Inflatables\"},\"image\":{\"@id\":\"https:\/\/thesuperyachtinflatables.com\/fr\/#\/schema\/logo\/image\/\"}}]}<\/script>\n<meta property=\"product:price:amount\" content=\"55.00\" \/>\n<meta property=\"product:price:currency\" content=\"EUR\" \/>\n<meta property=\"og:availability\" content=\"instock\" \/>\n<meta property=\"product:availability\" content=\"instock\" \/>\n<meta property=\"product:condition\" content=\"new\" \/>\n<!-- \/ Yoast SEO plugin. -->","yoast_head_json":{"title":"Pompe \u00e0 Air \u00c9lectrique pour Gonflables Superyacht | SYI","description":"Pompe \u00e0 Air \u00c9lectrique - Superyacht Inflatables - Devenez plus efficace en utilisant notre Pompe \u00e0 Air \u00c9lectrique, r\u00e9duit le temps de gonflage et de d\u00e9gonflage au minimum.","robots":{"index":"index","follow":"follow","max-snippet":"max-snippet:-1","max-image-preview":"max-image-preview:large","max-video-preview":"max-video-preview:-1"},"canonical":"https:\/\/thesuperyachtinflatables.com\/fr\/produit\/electric-air-pump\/","og_locale":"fr_FR","og_type":"article","og_title":"Pompe \u00e0 Air \u00c9lectrique pour Gonflables Superyacht | SYI","og_description":"Pompe \u00e0 Air \u00c9lectrique - Superyacht Inflatables - Devenez plus efficace en utilisant notre Pompe \u00e0 Air \u00c9lectrique, r\u00e9duit le temps de gonflage et de d\u00e9gonflage au minimum.","og_url":"https:\/\/thesuperyachtinflatables.com\/fr\/produit\/electric-air-pump\/","og_site_name":"Superyacht Inflatables","article_modified_time":"2026-03-08T13:26:33+00:00","og_image":[{"width":800,"height":533,"url":"https:\/\/thesuperyachtinflatables.com\/wp-content\/uploads\/2024\/12\/electric-pump-ocean-yacht-pool.webp","type":"image\/webp"}],"twitter_card":"summary_large_image","twitter_misc":{"Prix":"55,00&nbsp;\u20ac","Disponibilit\u00e9":"En stock"},"schema":{"@context":"https:\/\/schema.org","@graph":[{"@type":"WebPage","@id":"https:\/\/thesuperyachtinflatables.com\/fr\/produit\/electric-air-pump\/","url":"https:\/\/thesuperyachtinflatables.com\/fr\/produit\/electric-air-pump\/","name":"Pompe \u00e0 Air \u00c9lectrique pour Gonflables Superyacht | SYI","isPartOf":{"@id":"https:\/\/thesuperyachtinflatables.com\/fr\/#website"},"primaryImageOfPage":{"@id":"https:\/\/thesuperyachtinflatables.com\/fr\/produit\/electric-air-pump\/#primaryimage"},"image":{"@id":"https:\/\/thesuperyachtinflatables.com\/fr\/produit\/electric-air-pump\/#primaryimage"},"thumbnailUrl":"https:\/\/thesuperyachtinflatables.com\/wp-content\/uploads\/2024\/12\/electric-pump-ocean-yacht-pool.webp","datePublished":"2023-01-03T12:52:57+00:00","dateModified":"2026-03-08T13:26:33+00:00","description":"Pompe \u00e0 Air \u00c9lectrique - Superyacht Inflatables - Devenez plus efficace en utilisant notre Pompe \u00e0 Air \u00c9lectrique, r\u00e9duit le temps de gonflage et de d\u00e9gonflage au minimum.","breadcrumb":{"@id":"https:\/\/thesuperyachtinflatables.com\/fr\/produit\/electric-air-pump\/#breadcrumb"},"inLanguage":"fr-FR","potentialAction":[{"@type":"ReadAction","target":["https:\/\/thesuperyachtinflatables.com\/fr\/produit\/electric-air-pump\/"]}]},{"@type":"ImageObject","inLanguage":"fr-FR","@id":"https:\/\/thesuperyachtinflatables.com\/fr\/produit\/electric-air-pump\/#primaryimage","url":"https:\/\/thesuperyachtinflatables.com\/wp-content\/uploads\/2024\/12\/electric-pump-ocean-yacht-pool.webp","contentUrl":"https:\/\/thesuperyachtinflatables.com\/wp-content\/uploads\/2024\/12\/electric-pump-ocean-yacht-pool.webp","width":800,"height":533,"caption":"electric-pump-ocean-yacht-pool"},{"@type":"BreadcrumbList","@id":"https:\/\/thesuperyachtinflatables.com\/fr\/produit\/electric-air-pump\/#breadcrumb","itemListElement":[{"@type":"ListItem","position":1,"name":"Accueil","item":"https:\/\/thesuperyachtinflatables.com\/fr\/superyacht-inflatables\/"},{"@type":"ListItem","position":2,"name":"Shop","item":"https:\/\/thesuperyachtinflatables.com\/shop\/"},{"@type":"ListItem","position":3,"name":"Pompe \u00e0 Air \u00c9lectrique"}]},{"@type":"WebSite","@id":"https:\/\/thesuperyachtinflatables.com\/fr\/#website","url":"https:\/\/thesuperyachtinflatables.com\/fr\/","name":"Superyacht Inflatables","description":"Yacht Inflatable Toys, Pools, Slides &amp; Docks","publisher":{"@id":"https:\/\/thesuperyachtinflatables.com\/fr\/#organization"},"potentialAction":[{"@type":"SearchAction","target":{"@type":"EntryPoint","urlTemplate":"https:\/\/thesuperyachtinflatables.com\/fr\/?s={search_term_string}"},"query-input":{"@type":"PropertyValueSpecification","valueRequired":true,"valueName":"search_term_string"}}],"inLanguage":"fr-FR"},{"@type":"Organization","@id":"https:\/\/thesuperyachtinflatables.com\/fr\/#organization","name":"Superyacht Inflatables","url":"https:\/\/thesuperyachtinflatables.com\/fr\/","logo":{"@type":"ImageObject","inLanguage":"fr-FR","@id":"https:\/\/thesuperyachtinflatables.com\/fr\/#\/schema\/logo\/image\/","url":"https:\/\/thesuperyachtinflatables.com\/wp-content\/uploads\/2023\/01\/logo-footer.webp","contentUrl":"https:\/\/thesuperyachtinflatables.com\/wp-content\/uploads\/2023\/01\/logo-footer.webp","width":1920,"height":1080,"caption":"Superyacht Inflatables"},"image":{"@id":"https:\/\/thesuperyachtinflatables.com\/fr\/#\/schema\/logo\/image\/"}}]},"product_price_amount":"55.00","product_price_currency":"EUR","og_availability":"instock","product_availability":"instock","product_condition":"new"},"_links":{"self":[{"href":"https:\/\/thesuperyachtinflatables.com\/fr\/wp-json\/wp\/v2\/product\/17721","targetHints":{"allow":["GET"]}}],"collection":[{"href":"https:\/\/thesuperyachtinflatables.com\/fr\/wp-json\/wp\/v2\/product"}],"about":[{"href":"https:\/\/thesuperyachtinflatables.com\/fr\/wp-json\/wp\/v2\/types\/product"}],"replies":[{"embeddable":true,"href":"https:\/\/thesuperyachtinflatables.com\/fr\/wp-json\/wp\/v2\/comments?post=17721"}],"version-history":[{"count":8,"href":"https:\/\/thesuperyachtinflatables.com\/fr\/wp-json\/wp\/v2\/product\/17721\/revisions"}],"predecessor-version":[{"id":20474,"href":"https:\/\/thesuperyachtinflatables.com\/fr\/wp-json\/wp\/v2\/product\/17721\/revisions\/20474"}],"wp:featuredmedia":[{"embeddable":true,"href":"https:\/\/thesuperyachtinflatables.com\/fr\/wp-json\/wp\/v2\/media\/17722"}],"wp:attachment":[{"href":"https:\/\/thesuperyachtinflatables.com\/fr\/wp-json\/wp\/v2\/media?parent=17721"}],"wp:term":[{"taxonomy":"product_brand","embeddable":true,"href":"https:\/\/thesuperyachtinflatables.com\/fr\/wp-json\/wp\/v2\/product_brand?post=17721"},{"taxonomy":"product_cat","embeddable":true,"href":"https:\/\/thesuperyachtinflatables.com\/fr\/wp-json\/wp\/v2\/product_cat?post=17721"},{"taxonomy":"product_tag","embeddable":true,"href":"https:\/\/thesuperyachtinflatables.com\/fr\/wp-json\/wp\/v2\/product_tag?post=17721"}],"curies":[{"name":"wp","href":"https:\/\/api.w.org\/{rel}","templated":true}]}}