{"id":17769,"date":"2025-02-20T17:29:16","date_gmt":"2025-02-20T16:29:16","guid":{"rendered":"https:\/\/thesuperyachtinflatables.com\/product\/inflatable-climbing-wall-4-x-2-metres\/"},"modified":"2026-03-23T12:40:11","modified_gmt":"2026-03-23T11:40:11","slug":"inflatable-climbing-wall-4-x-2-metres","status":"publish","type":"product","link":"https:\/\/thesuperyachtinflatables.com\/fr\/produit\/inflatable-climbing-wall-4-x-2-metres\/","title":{"rendered":"Mur d&rsquo;Escalade Gonflable 4 x 2 m\u00e8tres"},"content":{"rendered":"<p>Le <strong>Mur d&rsquo;Escalade Gonflable 4 x 2 metres<\/strong> est l&rsquo;accessoire nautique ideal pour les superyachts souhaitant offrir aventure et activite physique a leurs passagers. Procure des heures de divertissement pour enfants et adultes.<\/p>\n<h2>Caracteristiques<\/h2>\n<ul>\n<li>Dimensions : 4 metres de hauteur x 2 metres de largeur x 1,28 metre de profondeur<\/li>\n<li>Construction en PVC drop-stitch premium \u2014 durable et resistant aux perforations<\/li>\n<li>Prises d&rsquo;escalade antiderapantes pour une adherence maximale en conditions humides<\/li>\n<li>Point d&rsquo;ancrage integre pour un deploiement securise depuis le yacht<\/li>\n<li>Systeme de gonflage rapide \u2014 pret en moins de 10 minutes<\/li>\n<li>Compact degonfle pour un rangement facile a bord<\/li>\n<\/ul>\n<h2>Pourquoi choisir ce mur d&rsquo;escalade<\/h2>\n<p>Concu pour resister a l&rsquo;eau salee et a une utilisation intensive, ce <strong>mur d&rsquo;escalade gonflable pour superyachts<\/strong> repond aux normes europeennes les plus strictes. Le complement parfait pour votre collection de jouets gonflables de superyacht.<\/p>\n<h2>Specifications<\/h2>\n<ul>\n<li>Taille : 4 x 2 metres (hauteur x largeur)<\/li>\n<li>Materiau : PVC drop-stitch haute resistance<\/li>\n<li>Poids : env. 20 kg degonfle<\/li>\n<li>Couleur : personnalisable sur demande<\/li>\n<li>Certifications : CE, ISO 6185<\/li>\n<\/ul>\n","protected":false},"excerpt":{"rendered":"<p>Available in three sizes:<\/p>\n<p>Small: 3 meter height x 2 meter width x 1,28 meter long<\/p>\n<p><strong>Medium: 4 meter height x 2 meter width x 1,28 meter long<\/strong><\/p>\n<p>Large: 5 meter height x 3 meter width x 1,28 meter long<\/p>\n","protected":false},"featured_media":17770,"comment_status":"open","ping_status":"closed","template":"","meta":{"_acf_changed":false},"product_brand":[],"product_cat":[406],"product_tag":[],"class_list":{"0":"post-17769","1":"product","2":"type-product","3":"status-publish","4":"has-post-thumbnail","6":"product_cat-murs-escalade-gonflables","8":"first","9":"instock","10":"taxable","11":"shipping-taxable","12":"purchasable","13":"product-type-simple"},"acf":[],"yoast_head":"<!-- This site is optimized with the Yoast SEO plugin v27.2 - https:\/\/yoast.com\/product\/yoast-seo-wordpress\/ -->\n<title>Mur d&#039;Escalade Gonflable 4 x 2 m\u00e8tres | The Superyacht Inflatables<\/title>\n<meta name=\"description\" content=\"Mur d&#039;escalade gonflable 4x2m pour superyacht \u2014 taille interm\u00e9diaire, certifi\u00e9 CE. Parfait pour les invit\u00e9s actifs \u00e0 bord. Qualit\u00e9 europ\u00e9enne.\" \/>\n<meta name=\"robots\" content=\"index, follow, max-snippet:-1, max-image-preview:large, max-video-preview:-1\" \/>\n<link rel=\"canonical\" href=\"https:\/\/thesuperyachtinflatables.com\/fr\/produit\/inflatable-climbing-wall-4-x-2-metres\/\" \/>\n<meta property=\"og:locale\" content=\"fr_FR\" \/>\n<meta property=\"og:type\" content=\"article\" \/>\n<meta property=\"og:title\" content=\"Mur d&#039;Escalade Gonflable 4 x 2 m\u00e8tres | The Superyacht Inflatables\" \/>\n<meta property=\"og:description\" content=\"Mur d&#039;escalade gonflable 4x2m pour superyacht \u2014 taille interm\u00e9diaire, certifi\u00e9 CE. Parfait pour les invit\u00e9s actifs \u00e0 bord. Qualit\u00e9 europ\u00e9enne.\" \/>\n<meta property=\"og:url\" content=\"https:\/\/thesuperyachtinflatables.com\/fr\/produit\/inflatable-climbing-wall-4-x-2-metres\/\" \/>\n<meta property=\"og:site_name\" content=\"Superyacht Inflatables\" \/>\n<meta property=\"article:modified_time\" content=\"2026-03-23T11:40:11+00:00\" \/>\n<meta property=\"og:image\" content=\"https:\/\/thesuperyachtinflatables.com\/wp-content\/uploads\/2025\/03\/inflatable-climbing-wall-4-x-2-metres-yachts.webp\" \/>\n\t<meta property=\"og:image:width\" content=\"800\" \/>\n\t<meta property=\"og:image:height\" content=\"800\" \/>\n\t<meta property=\"og:image:type\" content=\"image\/webp\" \/>\n<meta name=\"twitter:card\" content=\"summary_large_image\" \/>\n<meta name=\"twitter:label1\" content=\"Prix\" \/>\n\t<meta name=\"twitter:data1\" content=\"3.980,00&nbsp;\u20ac\" \/>\n\t<meta name=\"twitter:label2\" content=\"Disponibilit\u00e9\" \/>\n\t<meta name=\"twitter:data2\" content=\"En stock\" \/>\n<script type=\"application\/ld+json\" class=\"yoast-schema-graph\">{\"@context\":\"https:\/\/schema.org\",\"@graph\":[{\"@type\":\"WebPage\",\"@id\":\"https:\/\/thesuperyachtinflatables.com\/fr\/produit\/inflatable-climbing-wall-4-x-2-metres\/\",\"url\":\"https:\/\/thesuperyachtinflatables.com\/fr\/produit\/inflatable-climbing-wall-4-x-2-metres\/\",\"name\":\"Mur d'Escalade Gonflable 4 x 2 m\u00e8tres | The Superyacht Inflatables\",\"isPartOf\":{\"@id\":\"https:\/\/thesuperyachtinflatables.com\/fr\/#website\"},\"primaryImageOfPage\":{\"@id\":\"https:\/\/thesuperyachtinflatables.com\/fr\/produit\/inflatable-climbing-wall-4-x-2-metres\/#primaryimage\"},\"image\":{\"@id\":\"https:\/\/thesuperyachtinflatables.com\/fr\/produit\/inflatable-climbing-wall-4-x-2-metres\/#primaryimage\"},\"thumbnailUrl\":\"https:\/\/thesuperyachtinflatables.com\/wp-content\/uploads\/2025\/03\/inflatable-climbing-wall-4-x-2-metres-yachts.webp\",\"datePublished\":\"2025-02-20T16:29:16+00:00\",\"dateModified\":\"2026-03-23T11:40:11+00:00\",\"description\":\"Mur d'escalade gonflable 4x2m pour superyacht \u2014 taille interm\u00e9diaire, certifi\u00e9 CE. Parfait pour les invit\u00e9s actifs \u00e0 bord. Qualit\u00e9 europ\u00e9enne.\",\"breadcrumb\":{\"@id\":\"https:\/\/thesuperyachtinflatables.com\/fr\/produit\/inflatable-climbing-wall-4-x-2-metres\/#breadcrumb\"},\"inLanguage\":\"fr-FR\",\"potentialAction\":[{\"@type\":\"ReadAction\",\"target\":[\"https:\/\/thesuperyachtinflatables.com\/fr\/produit\/inflatable-climbing-wall-4-x-2-metres\/\"]}]},{\"@type\":\"ImageObject\",\"inLanguage\":\"fr-FR\",\"@id\":\"https:\/\/thesuperyachtinflatables.com\/fr\/produit\/inflatable-climbing-wall-4-x-2-metres\/#primaryimage\",\"url\":\"https:\/\/thesuperyachtinflatables.com\/wp-content\/uploads\/2025\/03\/inflatable-climbing-wall-4-x-2-metres-yachts.webp\",\"contentUrl\":\"https:\/\/thesuperyachtinflatables.com\/wp-content\/uploads\/2025\/03\/inflatable-climbing-wall-4-x-2-metres-yachts.webp\",\"width\":800,\"height\":800,\"caption\":\"inflatable-climbing-wall-4-x-2-metres-yachts\"},{\"@type\":\"BreadcrumbList\",\"@id\":\"https:\/\/thesuperyachtinflatables.com\/fr\/produit\/inflatable-climbing-wall-4-x-2-metres\/#breadcrumb\",\"itemListElement\":[{\"@type\":\"ListItem\",\"position\":1,\"name\":\"Accueil\",\"item\":\"https:\/\/thesuperyachtinflatables.com\/fr\/superyacht-inflatables\/\"},{\"@type\":\"ListItem\",\"position\":2,\"name\":\"Shop\",\"item\":\"https:\/\/thesuperyachtinflatables.com\/shop\/\"},{\"@type\":\"ListItem\",\"position\":3,\"name\":\"Mur d&#8217;Escalade Gonflable 4 x 2 m\u00e8tres\"}]},{\"@type\":\"WebSite\",\"@id\":\"https:\/\/thesuperyachtinflatables.com\/fr\/#website\",\"url\":\"https:\/\/thesuperyachtinflatables.com\/fr\/\",\"name\":\"Superyacht Inflatables\",\"description\":\"Yacht Inflatable Toys, Pools, Slides &amp; Docks\",\"publisher\":{\"@id\":\"https:\/\/thesuperyachtinflatables.com\/fr\/#organization\"},\"potentialAction\":[{\"@type\":\"SearchAction\",\"target\":{\"@type\":\"EntryPoint\",\"urlTemplate\":\"https:\/\/thesuperyachtinflatables.com\/fr\/?s={search_term_string}\"},\"query-input\":{\"@type\":\"PropertyValueSpecification\",\"valueRequired\":true,\"valueName\":\"search_term_string\"}}],\"inLanguage\":\"fr-FR\"},{\"@type\":\"Organization\",\"@id\":\"https:\/\/thesuperyachtinflatables.com\/fr\/#organization\",\"name\":\"Superyacht Inflatables\",\"url\":\"https:\/\/thesuperyachtinflatables.com\/fr\/\",\"logo\":{\"@type\":\"ImageObject\",\"inLanguage\":\"fr-FR\",\"@id\":\"https:\/\/thesuperyachtinflatables.com\/fr\/#\/schema\/logo\/image\/\",\"url\":\"https:\/\/thesuperyachtinflatables.com\/wp-content\/uploads\/2023\/01\/logo-footer.webp\",\"contentUrl\":\"https:\/\/thesuperyachtinflatables.com\/wp-content\/uploads\/2023\/01\/logo-footer.webp\",\"width\":1920,\"height\":1080,\"caption\":\"Superyacht Inflatables\"},\"image\":{\"@id\":\"https:\/\/thesuperyachtinflatables.com\/fr\/#\/schema\/logo\/image\/\"}}]}<\/script>\n<meta property=\"product:price:amount\" content=\"3980.00\" \/>\n<meta property=\"product:price:currency\" content=\"EUR\" \/>\n<meta property=\"og:availability\" content=\"instock\" \/>\n<meta property=\"product:availability\" content=\"instock\" \/>\n<meta property=\"product:condition\" content=\"new\" \/>\n<!-- \/ Yoast SEO plugin. -->","yoast_head_json":{"title":"Mur d'Escalade Gonflable 4 x 2 m\u00e8tres | The Superyacht Inflatables","description":"Mur d'escalade gonflable 4x2m pour superyacht \u2014 taille interm\u00e9diaire, certifi\u00e9 CE. Parfait pour les invit\u00e9s actifs \u00e0 bord. Qualit\u00e9 europ\u00e9enne.","robots":{"index":"index","follow":"follow","max-snippet":"max-snippet:-1","max-image-preview":"max-image-preview:large","max-video-preview":"max-video-preview:-1"},"canonical":"https:\/\/thesuperyachtinflatables.com\/fr\/produit\/inflatable-climbing-wall-4-x-2-metres\/","og_locale":"fr_FR","og_type":"article","og_title":"Mur d'Escalade Gonflable 4 x 2 m\u00e8tres | The Superyacht Inflatables","og_description":"Mur d'escalade gonflable 4x2m pour superyacht \u2014 taille interm\u00e9diaire, certifi\u00e9 CE. Parfait pour les invit\u00e9s actifs \u00e0 bord. Qualit\u00e9 europ\u00e9enne.","og_url":"https:\/\/thesuperyachtinflatables.com\/fr\/produit\/inflatable-climbing-wall-4-x-2-metres\/","og_site_name":"Superyacht Inflatables","article_modified_time":"2026-03-23T11:40:11+00:00","og_image":[{"width":800,"height":800,"url":"https:\/\/thesuperyachtinflatables.com\/wp-content\/uploads\/2025\/03\/inflatable-climbing-wall-4-x-2-metres-yachts.webp","type":"image\/webp"}],"twitter_card":"summary_large_image","twitter_misc":{"Prix":"3.980,00&nbsp;\u20ac","Disponibilit\u00e9":"En stock"},"schema":{"@context":"https:\/\/schema.org","@graph":[{"@type":"WebPage","@id":"https:\/\/thesuperyachtinflatables.com\/fr\/produit\/inflatable-climbing-wall-4-x-2-metres\/","url":"https:\/\/thesuperyachtinflatables.com\/fr\/produit\/inflatable-climbing-wall-4-x-2-metres\/","name":"Mur d'Escalade Gonflable 4 x 2 m\u00e8tres | The Superyacht Inflatables","isPartOf":{"@id":"https:\/\/thesuperyachtinflatables.com\/fr\/#website"},"primaryImageOfPage":{"@id":"https:\/\/thesuperyachtinflatables.com\/fr\/produit\/inflatable-climbing-wall-4-x-2-metres\/#primaryimage"},"image":{"@id":"https:\/\/thesuperyachtinflatables.com\/fr\/produit\/inflatable-climbing-wall-4-x-2-metres\/#primaryimage"},"thumbnailUrl":"https:\/\/thesuperyachtinflatables.com\/wp-content\/uploads\/2025\/03\/inflatable-climbing-wall-4-x-2-metres-yachts.webp","datePublished":"2025-02-20T16:29:16+00:00","dateModified":"2026-03-23T11:40:11+00:00","description":"Mur d'escalade gonflable 4x2m pour superyacht \u2014 taille interm\u00e9diaire, certifi\u00e9 CE. Parfait pour les invit\u00e9s actifs \u00e0 bord. Qualit\u00e9 europ\u00e9enne.","breadcrumb":{"@id":"https:\/\/thesuperyachtinflatables.com\/fr\/produit\/inflatable-climbing-wall-4-x-2-metres\/#breadcrumb"},"inLanguage":"fr-FR","potentialAction":[{"@type":"ReadAction","target":["https:\/\/thesuperyachtinflatables.com\/fr\/produit\/inflatable-climbing-wall-4-x-2-metres\/"]}]},{"@type":"ImageObject","inLanguage":"fr-FR","@id":"https:\/\/thesuperyachtinflatables.com\/fr\/produit\/inflatable-climbing-wall-4-x-2-metres\/#primaryimage","url":"https:\/\/thesuperyachtinflatables.com\/wp-content\/uploads\/2025\/03\/inflatable-climbing-wall-4-x-2-metres-yachts.webp","contentUrl":"https:\/\/thesuperyachtinflatables.com\/wp-content\/uploads\/2025\/03\/inflatable-climbing-wall-4-x-2-metres-yachts.webp","width":800,"height":800,"caption":"inflatable-climbing-wall-4-x-2-metres-yachts"},{"@type":"BreadcrumbList","@id":"https:\/\/thesuperyachtinflatables.com\/fr\/produit\/inflatable-climbing-wall-4-x-2-metres\/#breadcrumb","itemListElement":[{"@type":"ListItem","position":1,"name":"Accueil","item":"https:\/\/thesuperyachtinflatables.com\/fr\/superyacht-inflatables\/"},{"@type":"ListItem","position":2,"name":"Shop","item":"https:\/\/thesuperyachtinflatables.com\/shop\/"},{"@type":"ListItem","position":3,"name":"Mur d&#8217;Escalade Gonflable 4 x 2 m\u00e8tres"}]},{"@type":"WebSite","@id":"https:\/\/thesuperyachtinflatables.com\/fr\/#website","url":"https:\/\/thesuperyachtinflatables.com\/fr\/","name":"Superyacht Inflatables","description":"Yacht Inflatable Toys, Pools, Slides &amp; Docks","publisher":{"@id":"https:\/\/thesuperyachtinflatables.com\/fr\/#organization"},"potentialAction":[{"@type":"SearchAction","target":{"@type":"EntryPoint","urlTemplate":"https:\/\/thesuperyachtinflatables.com\/fr\/?s={search_term_string}"},"query-input":{"@type":"PropertyValueSpecification","valueRequired":true,"valueName":"search_term_string"}}],"inLanguage":"fr-FR"},{"@type":"Organization","@id":"https:\/\/thesuperyachtinflatables.com\/fr\/#organization","name":"Superyacht Inflatables","url":"https:\/\/thesuperyachtinflatables.com\/fr\/","logo":{"@type":"ImageObject","inLanguage":"fr-FR","@id":"https:\/\/thesuperyachtinflatables.com\/fr\/#\/schema\/logo\/image\/","url":"https:\/\/thesuperyachtinflatables.com\/wp-content\/uploads\/2023\/01\/logo-footer.webp","contentUrl":"https:\/\/thesuperyachtinflatables.com\/wp-content\/uploads\/2023\/01\/logo-footer.webp","width":1920,"height":1080,"caption":"Superyacht Inflatables"},"image":{"@id":"https:\/\/thesuperyachtinflatables.com\/fr\/#\/schema\/logo\/image\/"}}]},"product_price_amount":"3980.00","product_price_currency":"EUR","og_availability":"instock","product_availability":"instock","product_condition":"new"},"_links":{"self":[{"href":"https:\/\/thesuperyachtinflatables.com\/fr\/wp-json\/wp\/v2\/product\/17769","targetHints":{"allow":["GET"]}}],"collection":[{"href":"https:\/\/thesuperyachtinflatables.com\/fr\/wp-json\/wp\/v2\/product"}],"about":[{"href":"https:\/\/thesuperyachtinflatables.com\/fr\/wp-json\/wp\/v2\/types\/product"}],"replies":[{"embeddable":true,"href":"https:\/\/thesuperyachtinflatables.com\/fr\/wp-json\/wp\/v2\/comments?post=17769"}],"version-history":[{"count":3,"href":"https:\/\/thesuperyachtinflatables.com\/fr\/wp-json\/wp\/v2\/product\/17769\/revisions"}],"predecessor-version":[{"id":20995,"href":"https:\/\/thesuperyachtinflatables.com\/fr\/wp-json\/wp\/v2\/product\/17769\/revisions\/20995"}],"wp:featuredmedia":[{"embeddable":true,"href":"https:\/\/thesuperyachtinflatables.com\/fr\/wp-json\/wp\/v2\/media\/17770"}],"wp:attachment":[{"href":"https:\/\/thesuperyachtinflatables.com\/fr\/wp-json\/wp\/v2\/media?parent=17769"}],"wp:term":[{"taxonomy":"product_brand","embeddable":true,"href":"https:\/\/thesuperyachtinflatables.com\/fr\/wp-json\/wp\/v2\/product_brand?post=17769"},{"taxonomy":"product_cat","embeddable":true,"href":"https:\/\/thesuperyachtinflatables.com\/fr\/wp-json\/wp\/v2\/product_cat?post=17769"},{"taxonomy":"product_tag","embeddable":true,"href":"https:\/\/thesuperyachtinflatables.com\/fr\/wp-json\/wp\/v2\/product_tag?post=17769"}],"curies":[{"name":"wp","href":"https:\/\/api.w.org\/{rel}","templated":true}]}}